{"id":1998,"date":"2022-08-17T14:46:19","date_gmt":"2022-08-17T14:46:19","guid":{"rendered":"https:\/\/sdbaos.org\/?page_id=1998"},"modified":"2022-09-01T11:01:37","modified_gmt":"2022-09-01T11:01:37","slug":"our-team","status":"publish","type":"page","link":"https:\/\/demo.sdbaos.org\/fr\/our-team\/","title":{"rendered":"Notre \u00e9quipe"},"content":{"rendered":"<div class=\"vc_row wpb_row vc_row-fluid\"><div class=\"wpb_column vc_column_container vc_col-sm-12\"><div class=\"vc_column-inner\"><div class=\"wpb_wrapper\"><div   style=\"text-align: center\">\n\t\t\t\t\t\t<div class=\"swmsc_icon_title swmsc_it_left\" style=\"margin-bottom:20px;\">\n\t\t\t\t\t\t\t<span>\n\t\t\t\t\t\t\t\t<h5 style=\"font-size:23px; color:23px;\">\n\t\t\t\t\t\t\t\t\t<i class=\"fa fa-- Select Icon -\" style=\"color:#444444;\"><\/i><span style=\"color:#444444;\" target=\"_self\">Notre \u00e9quipe de projet \u2013 Organisme provincial de d\u00e9veloppement (ODP)<\/span>\n\t\t\t\t\t\t\t\t<\/h5>\n\t\t\t\t\t\t\t<\/span>\n\t\t\t\t\t\t<\/div>\n\t\t\t\t\t<\/div><div  class=\"swmsc_text_block\" > <img loading=\"lazy\" decoding=\"async\" class=\"wp-image-2269 size-medium alignleft\" src=\"https:\/\/demo.sdbaos.org\/wp-content\/uploads\/2022\/08\/MG_6493-2-300x200.jpg\" alt=\"\" width=\"300\" height=\"200\" srcset=\"https:\/\/demo.sdbaos.org\/wp-content\/uploads\/2022\/08\/MG_6493-2-300x200.jpg 300w, https:\/\/demo.sdbaos.org\/wp-content\/uploads\/2022\/08\/MG_6493-2-1024x683.jpg 1024w, https:\/\/demo.sdbaos.org\/wp-content\/uploads\/2022\/08\/MG_6493-2-768x512.jpg 768w, https:\/\/demo.sdbaos.org\/wp-content\/uploads\/2022\/08\/MG_6493-2-18x12.jpg 18w, https:\/\/demo.sdbaos.org\/wp-content\/uploads\/2022\/08\/MG_6493-2-600x400.jpg 600w, https:\/\/demo.sdbaos.org\/wp-content\/uploads\/2022\/08\/MG_6493-2.jpg 1368w\" sizes=\"auto, (max-width: 300px) 100vw, 300px\" \/><\/p>\n<p>La mission des Sal\u00e9siens Don Bosco est orient\u00e9e vers le d\u00e9veloppement social, spirituel et humain des jeunes. Cette mission co\u00efncide pleinement avec les objectifs de la coop\u00e9ration internationale pour le d\u00e9veloppement (Mme Fran\u00e7oise L\u00e9onard et P\u00e8re Isaac Diez, Rome 2005).<\/p>\n<p>Le PDO \u2013 Planification, Gestion et Ex\u00e9cution des Projets ; un instrument de gestion \u00e9conomique de la province ; la mise en r\u00e9seau; promouvoir une nouvelle vision et un nouveau mod\u00e8le de pastorale \u00e9ducative (Conclusions, Rome 2005).<\/p>\n<p>&nbsp;<\/p>\n<p><strong>Mandat et r\u00f4le<\/strong><\/p>\n<ul>\n<li style=\"list-style-type: none;\">\n<ul>\n<li>Il sert de lien, de pont, entre les sal\u00e9siens consacr\u00e9s et la soci\u00e9t\u00e9 civile dans le travail de promotion du d\u00e9veloppement et de l&#039;autonomisation des jeunes, de la justice et du d\u00e9veloppement humain holistique.<\/li>\n<li>est une r\u00e9f\u00e9rence pour tous les projets de d\u00e9veloppement et humanitaires de la Province<\/li>\n<li>Impliqu\u00e9 au sein des structures provinciales d&#039;animation. Le bureau contribue \u00e0 la planification et \u00e0 l&#039;animation provinciale, aide aussi \u00e0 \u00e9laborer l&#039;OPP (Plan Provincial Global) ou le Plan Strat\u00e9gique Provincial avec le D\u00e9l\u00e9gu\u00e9 (ou la Commission) de la Pastorale des Jeunes.<\/li>\n<li>PDO aide les communaut\u00e9s locales \u00e0 d\u00e9velopper leur mission selon un plan. PDO est \u00e9galement impliqu\u00e9 dans la formation de nos partenaires la\u00efcs de mission. AOP aide les sal\u00e9siens \u00e0 passer de la mentalit\u00e9 \u00ab caritative \u00bb ou \u00ab institution \u00bb vers le \u00ab travail de d\u00e9veloppement syst\u00e9matique \u00bb dans la mission<\/li>\n<li>Le Bureau de Planification et de D\u00e9veloppement \u00ab traduit \u00bb les Plans Strat\u00e9giques en Programmes et Projets, et essaie de lever des fonds pour eux. Les Plans Strat\u00e9giques par Secteurs sont les feuilles de route qui guident les actions de l&#039;ODP.<\/li>\n<\/ul>\n<\/li>\n<\/ul>\n<\/div><div   >\n\t\t\t\t\t\t<div class=\"swmsc_image_gallery swmsc_gal4\" data-grid=\"masonry\" style=\"margin-right:-20px;\">\n\t\t\t\t\t\t\t\n        \t\t\t\t<div class=\"swmsc_image_gallery_item\">\n        \t\t\t\t\t<div style=\"padding-right:20px; padding-bottom:20px;\">\n\t        \t\t\t\t\t<a href=\"https:\/\/demo.sdbaos.org\/wp-content\/uploads\/2022\/09\/MG_6498.jpg\" class=\"swmsc_popup_gallery\" style=\"border-radius:2px;\" title=\"_MG_6498\">\n\t\t        \t\t\t\t\t\t<img decoding=\"async\" style=\"border-width:0px;border-color:#e6e6e6; border-radius:2px;\" src=\"https:\/\/demo.sdbaos.org\/wp-content\/uploads\/2022\/09\/MG_6498.jpg\" alt=\"\" \/>\n\t\t        \t\t\t\t\t\t<span><i class=\"fa fa-search\" style=\"background-color:#f8b54e;color:#ffffff;\"><\/i><\/span>\n\t\t        \t\t\t\t\t<\/a>\n\t        \t\t\t\t\t\n\t        \t\t\t\t<\/div>\n        \t\t\t\t<\/div>\n        \t\t\t\t<div class=\"swmsc_image_gallery_item\">\n        \t\t\t\t\t<div style=\"padding-right:20px; padding-bottom:20px;\">\n\t        \t\t\t\t\t<a href=\"https:\/\/demo.sdbaos.org\/wp-content\/uploads\/2022\/09\/MG_6500.jpg\" class=\"swmsc_popup_gallery\" style=\"border-radius:2px;\" title=\"_MG_6500\">\n\t\t        \t\t\t\t\t\t<img decoding=\"async\" style=\"border-width:0px;border-color:#e6e6e6; border-radius:2px;\" src=\"https:\/\/demo.sdbaos.org\/wp-content\/uploads\/2022\/09\/MG_6500.jpg\" alt=\"\" \/>\n\t\t        \t\t\t\t\t\t<span><i class=\"fa fa-search\" style=\"background-color:#f8b54e;color:#ffffff;\"><\/i><\/span>\n\t\t        \t\t\t\t\t<\/a>\n\t        \t\t\t\t\t\n\t        \t\t\t\t<\/div>\n        \t\t\t\t<\/div>\n        \t\t\t\t<div class=\"swmsc_image_gallery_item\">\n        \t\t\t\t\t<div style=\"padding-right:20px; padding-bottom:20px;\">\n\t        \t\t\t\t\t<a href=\"https:\/\/demo.sdbaos.org\/wp-content\/uploads\/2022\/09\/MG_6501.jpg\" class=\"swmsc_popup_gallery\" style=\"border-radius:2px;\" title=\"_MG_6501\">\n\t\t        \t\t\t\t\t\t<img decoding=\"async\" style=\"border-width:0px;border-color:#e6e6e6; border-radius:2px;\" src=\"https:\/\/demo.sdbaos.org\/wp-content\/uploads\/2022\/09\/MG_6501.jpg\" alt=\"\" \/>\n\t\t        \t\t\t\t\t\t<span><i class=\"fa fa-search\" style=\"background-color:#f8b54e;color:#ffffff;\"><\/i><\/span>\n\t\t        \t\t\t\t\t<\/a>\n\t        \t\t\t\t\t\n\t        \t\t\t\t<\/div>\n        \t\t\t\t<\/div>\n        \t\t\t\t<div class=\"swmsc_image_gallery_item\">\n        \t\t\t\t\t<div style=\"padding-right:20px; padding-bottom:20px;\">\n\t        \t\t\t\t\t<a href=\"https:\/\/demo.sdbaos.org\/wp-content\/uploads\/2022\/09\/MG_6499.jpg\" class=\"swmsc_popup_gallery\" style=\"border-radius:2px;\" title=\"_MG_6499\">\n\t\t        \t\t\t\t\t\t<img decoding=\"async\" style=\"border-width:0px;border-color:#e6e6e6; border-radius:2px;\" src=\"https:\/\/demo.sdbaos.org\/wp-content\/uploads\/2022\/09\/MG_6499.jpg\" alt=\"\" \/>\n\t\t        \t\t\t\t\t\t<span><i class=\"fa fa-search\" style=\"background-color:#f8b54e;color:#ffffff;\"><\/i><\/span>\n\t\t        \t\t\t\t\t<\/a>\n\t        \t\t\t\t\t\n\t        \t\t\t\t<\/div>\n        \t\t\t\t<\/div>\n\t\t\t\t\t\t<\/div>\n\t\t\t\t\t<\/div><\/div><\/div><\/div><\/div><div data-vc-full-width=\"true\" data-vc-full-width-init=\"false\" class=\"vc_row wpb_row vc_row-fluid vc_custom_1661253253752 vc_row-has-fill\"><div class=\"wpb_column vc_column_container vc_col-sm-12\"><div class=\"vc_column-inner\"><div class=\"wpb_wrapper\"><div class=\"vc_row wpb_row vc_inner vc_row-fluid\"><div class=\"wpb_column vc_column_container vc_col-sm-4\"><div class=\"vc_column-inner\"><div class=\"wpb_wrapper\"><\/div><\/div><\/div><div class=\"wpb_column vc_column_container vc_col-sm-4\"><div class=\"vc_column-inner\"><div class=\"wpb_wrapper\"><div   style=\"font-weight: bold;\">\n\t\t\t\t\t\t<div class=\"swmsc_team_member\">\n\t\t\t\t\t\t\t<div class=\"swmsc_team_member_content_holder\" >\n\t\t\t\t\t\t\t\t<div class=\"swmsc_team_member_img\" ><img decoding=\"async\" src=\"https:\/\/demo.sdbaos.org\/wp-content\/uploads\/2022\/08\/IMG-20220207-WA0011.jpg\" alt=\"\" \/><\/div>\n\t\t\t\t\t\t\t\t<div class=\"swmsc_team_member_content\" >\n\t\t\t\t\t\t\t\t\t<div class=\"swmsc_team_member_name\" style=\"font-size:20px;\">Rev.Fr. Denis Soro<\/div>\n\t\t\t\t\t\t\t\t\t<p style=\"font-size:14px;\">Sup\u00e9rieur provincial<\/p>\n\t\t\t\t\t\t\t\t\t\n\t\t\t\t\t\t\t\t\t<ul><\/ul>\n\t\t\t\t\t\t\t\t\t<div class=\"clear\"><\/div>\n\t\t\t\t\t\t\t\t<\/div>\n\t\t\t\t\t\t\t<\/div>\n\t\t\t\t\t\t<\/div>\n\t\t\t\t\t<\/div><\/div><\/div><\/div><div class=\"wpb_column vc_column_container vc_col-sm-4\"><div class=\"vc_column-inner\"><div class=\"wpb_wrapper\"><\/div><\/div><\/div><\/div><div class=\"vc_row wpb_row vc_inner vc_row-fluid\"><div class=\"wpb_column vc_column_container vc_col-sm-4\"><div class=\"vc_column-inner\"><div class=\"wpb_wrapper\"><div   style=\"font-weight: bold;\">\n\t\t\t\t\t\t<div class=\"swmsc_team_member\">\n\t\t\t\t\t\t\t<div class=\"swmsc_team_member_content_holder\" >\n\t\t\t\t\t\t\t\t<div class=\"swmsc_team_member_img\" ><img decoding=\"async\" src=\"https:\/\/demo.sdbaos.org\/wp-content\/uploads\/2022\/08\/REV.20Fr.20AKUBUEZE20Chukwudi20Vice20Provincial.JPG-1-scaled-e1660752833129.jpg\" alt=\"\" \/><\/div>\n\t\t\t\t\t\t\t\t<div class=\"swmsc_team_member_content\" >\n\t\t\t\t\t\t\t\t\t<div class=\"swmsc_team_member_name\" style=\"font-size:20px;\">Rev.Fr. Akubueze chukwudi<\/div>\n\t\t\t\t\t\t\t\t\t<p style=\"font-size:14px;\">Vice-provincial<\/p>\n\t\t\t\t\t\t\t\t\t\n\t\t\t\t\t\t\t\t\t<ul><\/ul>\n\t\t\t\t\t\t\t\t\t<div class=\"clear\"><\/div>\n\t\t\t\t\t\t\t\t<\/div>\n\t\t\t\t\t\t\t<\/div>\n\t\t\t\t\t\t<\/div>\n\t\t\t\t\t<\/div><\/div><\/div><\/div><div class=\"wpb_column vc_column_container vc_col-sm-4\"><div class=\"vc_column-inner\"><div class=\"wpb_wrapper\"><div   style=\"font-weight: bold;\">\n\t\t\t\t\t\t<div class=\"swmsc_team_member\">\n\t\t\t\t\t\t\t<div class=\"swmsc_team_member_content_holder\" >\n\t\t\t\t\t\t\t\t<div class=\"swmsc_team_member_img\" ><img decoding=\"async\" src=\"https:\/\/demo.sdbaos.org\/wp-content\/uploads\/2022\/08\/Rev.Fr_.20krzysztof20Chris20NIZNIAK20Provincial20Economer202620PDO20Director202.JPG-scaled.jpg\" alt=\"\" \/><\/div>\n\t\t\t\t\t\t\t\t<div class=\"swmsc_team_member_content\" >\n\t\t\t\t\t\t\t\t\t<div class=\"swmsc_team_member_name\" style=\"font-size:20px;\">Rev.Fr. Krzysztof Nizniak<\/div>\n\t\t\t\t\t\t\t\t\t<p style=\"font-size:14px;\">\u00c9conome provincial<\/p>\n\t\t\t\t\t\t\t\t\t\n\t\t\t\t\t\t\t\t\t<ul><\/ul>\n\t\t\t\t\t\t\t\t\t<div class=\"clear\"><\/div>\n\t\t\t\t\t\t\t\t<\/div>\n\t\t\t\t\t\t\t<\/div>\n\t\t\t\t\t\t<\/div>\n\t\t\t\t\t<\/div><\/div><\/div><\/div><div class=\"wpb_column vc_column_container vc_col-sm-4\"><div class=\"vc_column-inner\"><div class=\"wpb_wrapper\"><div   style=\"font-weight: bold;\">\n\t\t\t\t\t\t<div class=\"swmsc_team_member\">\n\t\t\t\t\t\t\t<div class=\"swmsc_team_member_content_holder\" >\n\t\t\t\t\t\t\t\t<div class=\"swmsc_team_member_img\" ><img decoding=\"async\" src=\"https:\/\/demo.sdbaos.org\/wp-content\/uploads\/2022\/08\/Mr.20George20TETTEH-COFFIE20Project20Coordinator.JPG-scaled.jpg\" alt=\"\" \/><\/div>\n\t\t\t\t\t\t\t\t<div class=\"swmsc_team_member_content\" >\n\t\t\t\t\t\t\t\t\t<div class=\"swmsc_team_member_name\" style=\"font-size:20px;\">M. George Tetteh-Coffie<\/div>\n\t\t\t\t\t\t\t\t\t<p style=\"font-size:14px;\">Coordinateur de projet<\/p>\n\t\t\t\t\t\t\t\t\t\n\t\t\t\t\t\t\t\t\t<ul><\/ul>\n\t\t\t\t\t\t\t\t\t<div class=\"clear\"><\/div>\n\t\t\t\t\t\t\t\t<\/div>\n\t\t\t\t\t\t\t<\/div>\n\t\t\t\t\t\t<\/div>\n\t\t\t\t\t<\/div><\/div><\/div><\/div><\/div><div class=\"vc_row wpb_row vc_inner vc_row-fluid\"><div class=\"wpb_column vc_column_container vc_col-sm-4\"><div class=\"vc_column-inner\"><div class=\"wpb_wrapper\"><div   style=\"font-weight: bold;\">\n\t\t\t\t\t\t<div class=\"swmsc_team_member\">\n\t\t\t\t\t\t\t<div class=\"swmsc_team_member_content_holder\" >\n\t\t\t\t\t\t\t\t<div class=\"swmsc_team_member_img\" ><img decoding=\"async\" src=\"https:\/\/demo.sdbaos.org\/wp-content\/uploads\/2022\/08\/Mr.20Robert20NYAKU20Logistics.JPG-scaled.jpg\" alt=\"\" \/><\/div>\n\t\t\t\t\t\t\t\t<div class=\"swmsc_team_member_content\" >\n\t\t\t\t\t\t\t\t\t<div class=\"swmsc_team_member_name\" style=\"font-size:20px;\">M. Robert Nyako<\/div>\n\t\t\t\t\t\t\t\t\t<p style=\"font-size:14px;\">Logistique<\/p>\n\t\t\t\t\t\t\t\t\t\n\t\t\t\t\t\t\t\t\t<ul><\/ul>\n\t\t\t\t\t\t\t\t\t<div class=\"clear\"><\/div>\n\t\t\t\t\t\t\t\t<\/div>\n\t\t\t\t\t\t\t<\/div>\n\t\t\t\t\t\t<\/div>\n\t\t\t\t\t<\/div><\/div><\/div><\/div><div class=\"wpb_column vc_column_container vc_col-sm-4\"><div class=\"vc_column-inner\"><div class=\"wpb_wrapper\">\n\t<div  class=\"wpb_single_image wpb_content_element vc_align_left\">\n\t\t\n\t\t<figure class=\"wpb_wrapper vc_figure\">\n\t\t\t<div class=\"vc_single_image-wrapper   vc_box_border_grey\"><img loading=\"lazy\" decoding=\"async\" width=\"800\" height=\"534\" src=\"https:\/\/demo.sdbaos.org\/wp-content\/uploads\/2022\/08\/IMG_8725-2020_10_05-09_21_44-UTC.jpg\" class=\"vc_single_image-img attachment-full\" alt=\"\" title=\"IMG_8725 (2020_10_05 09_21_44 UTC)\" srcset=\"https:\/\/demo.sdbaos.org\/wp-content\/uploads\/2022\/08\/IMG_8725-2020_10_05-09_21_44-UTC.jpg 800w, https:\/\/demo.sdbaos.org\/wp-content\/uploads\/2022\/08\/IMG_8725-2020_10_05-09_21_44-UTC-600x401.jpg 600w, https:\/\/demo.sdbaos.org\/wp-content\/uploads\/2022\/08\/IMG_8725-2020_10_05-09_21_44-UTC-300x200.jpg 300w, https:\/\/demo.sdbaos.org\/wp-content\/uploads\/2022\/08\/IMG_8725-2020_10_05-09_21_44-UTC-768x513.jpg 768w, https:\/\/demo.sdbaos.org\/wp-content\/uploads\/2022\/08\/IMG_8725-2020_10_05-09_21_44-UTC-18x12.jpg 18w\" sizes=\"auto, (max-width: 800px) 100vw, 800px\" \/><\/div>\n\t\t<\/figure>\n\t<\/div>\n<\/div><\/div><\/div><div class=\"wpb_column vc_column_container vc_col-sm-4\"><div class=\"vc_column-inner\"><div class=\"wpb_wrapper\"><div   style=\"font-weight: bold;\">\n\t\t\t\t\t\t<div class=\"swmsc_team_member\">\n\t\t\t\t\t\t\t<div class=\"swmsc_team_member_content_holder\" >\n\t\t\t\t\t\t\t\t<div class=\"swmsc_team_member_img\" ><img decoding=\"async\" src=\"https:\/\/demo.sdbaos.org\/wp-content\/uploads\/2022\/08\/Mr.20Isaac20OPPONG2020Finance20Coordinator202-scaled.jpg\" alt=\"\" \/><\/div>\n\t\t\t\t\t\t\t\t<div class=\"swmsc_team_member_content\" >\n\t\t\t\t\t\t\t\t\t<div class=\"swmsc_team_member_name\" style=\"font-size:20px;\">M. Isaac Oppong<\/div>\n\t\t\t\t\t\t\t\t\t<p style=\"font-size:14px;\">Coordinateur financier<\/p>\n\t\t\t\t\t\t\t\t\t\n\t\t\t\t\t\t\t\t\t<ul><\/ul>\n\t\t\t\t\t\t\t\t\t<div class=\"clear\"><\/div>\n\t\t\t\t\t\t\t\t<\/div>\n\t\t\t\t\t\t\t<\/div>\n\t\t\t\t\t\t<\/div>\n\t\t\t\t\t<\/div><\/div><\/div><\/div><\/div><\/div><\/div><\/div><\/div><div class=\"vc_row-full-width vc_clearfix\"><\/div>","protected":false},"excerpt":{"rendered":"Our Project Team \u2013 Provincial Development Organism (PDO) The Salesians Don Bosco mission is oriented towards the social, spiritual and human development of the youth. This mission fully coincides with the goals of the international cooperation for development (Ms Francoise Leonard and Fr Isaac Diez, Rome 2005). The PDO \u2013 [...]","protected":false},"author":1,"featured_media":0,"parent":0,"menu_order":0,"comment_status":"closed","ping_status":"closed","template":"","meta":{"give_campaign_id":0,"om_disable_all_campaigns":false,"footnotes":""},"class_list":["post-1998","page","type-page","status-publish","hentry"],"yoast_head":"<!-- This site is optimized with the Yoast SEO plugin v26.9 - https:\/\/yoast.com\/product\/yoast-seo-wordpress\/ -->\n<title>Our Team - Salesians of Don Bosco, West Africa South Province (AOS PROVINCE)<\/title>\n<meta name=\"robots\" content=\"index, follow, max-snippet:-1, max-image-preview:large, max-video-preview:-1\" \/>\n<link rel=\"canonical\" href=\"https:\/\/demo.sdbaos.org\/fr\/our-team\/\" \/>\n<meta property=\"og:locale\" content=\"fr_FR\" \/>\n<meta property=\"og:type\" content=\"article\" \/>\n<meta property=\"og:title\" content=\"Our Team - Salesians of Don Bosco, West Africa South Province (AOS PROVINCE)\" \/>\n<meta property=\"og:url\" content=\"https:\/\/demo.sdbaos.org\/fr\/our-team\/\" \/>\n<meta property=\"og:site_name\" content=\"Salesians of Don Bosco, West Africa South Province (AOS PROVINCE)\" \/>\n<meta property=\"article:publisher\" content=\"https:\/\/www.facebook.com\/sdbaos\" \/>\n<meta property=\"article:modified_time\" content=\"2022-09-01T11:01:37+00:00\" \/>\n<meta property=\"og:image\" content=\"https:\/\/demo.sdbaos.org\/wp-content\/uploads\/2022\/08\/MG_6493-2-300x200.jpg\" \/>\n<meta name=\"twitter:card\" content=\"summary_large_image\" \/>\n<meta name=\"twitter:site\" content=\"@AosProvince\" \/>\n<meta name=\"twitter:label1\" content=\"Dur\u00e9e de lecture estim\u00e9e\" \/>\n\t<meta name=\"twitter:data1\" content=\"3 minutes\" \/>\n<script type=\"application\/ld+json\" class=\"yoast-schema-graph\">{\"@context\":\"https:\/\/schema.org\",\"@graph\":[{\"@type\":\"WebPage\",\"@id\":\"https:\/\/demo.sdbaos.org\/our-team\/\",\"url\":\"https:\/\/demo.sdbaos.org\/our-team\/\",\"name\":\"Our Team - Salesians of Don Bosco, West Africa South Province (AOS PROVINCE)\",\"isPartOf\":{\"@id\":\"https:\/\/demo.sdbaos.org\/#website\"},\"primaryImageOfPage\":{\"@id\":\"https:\/\/demo.sdbaos.org\/our-team\/#primaryimage\"},\"image\":{\"@id\":\"https:\/\/demo.sdbaos.org\/our-team\/#primaryimage\"},\"thumbnailUrl\":\"https:\/\/demo.sdbaos.org\/wp-content\/uploads\/2022\/08\/MG_6493-2-300x200.jpg\",\"datePublished\":\"2022-08-17T14:46:19+00:00\",\"dateModified\":\"2022-09-01T11:01:37+00:00\",\"breadcrumb\":{\"@id\":\"https:\/\/demo.sdbaos.org\/our-team\/#breadcrumb\"},\"inLanguage\":\"fr-FR\",\"potentialAction\":[{\"@type\":\"ReadAction\",\"target\":[\"https:\/\/demo.sdbaos.org\/our-team\/\"]}]},{\"@type\":\"ImageObject\",\"inLanguage\":\"fr-FR\",\"@id\":\"https:\/\/demo.sdbaos.org\/our-team\/#primaryimage\",\"url\":\"https:\/\/demo.sdbaos.org\/wp-content\/uploads\/2022\/08\/MG_6493-2-300x200.jpg\",\"contentUrl\":\"https:\/\/demo.sdbaos.org\/wp-content\/uploads\/2022\/08\/MG_6493-2-300x200.jpg\"},{\"@type\":\"BreadcrumbList\",\"@id\":\"https:\/\/demo.sdbaos.org\/our-team\/#breadcrumb\",\"itemListElement\":[{\"@type\":\"ListItem\",\"position\":1,\"name\":\"Home\",\"item\":\"https:\/\/demo.sdbaos.org\/\"},{\"@type\":\"ListItem\",\"position\":2,\"name\":\"Our Team\"}]},{\"@type\":\"WebSite\",\"@id\":\"https:\/\/demo.sdbaos.org\/#website\",\"url\":\"https:\/\/demo.sdbaos.org\/\",\"name\":\"Salesians of Don Bosco, West Africa South Province (AOS PROVINCE)\",\"description\":\"Salesians of Don Bosco, West Africa South Province (AOS PROVINCE)\",\"publisher\":{\"@id\":\"https:\/\/demo.sdbaos.org\/#organization\"},\"potentialAction\":[{\"@type\":\"SearchAction\",\"target\":{\"@type\":\"EntryPoint\",\"urlTemplate\":\"https:\/\/demo.sdbaos.org\/?s={search_term_string}\"},\"query-input\":{\"@type\":\"PropertyValueSpecification\",\"valueRequired\":true,\"valueName\":\"search_term_string\"}}],\"inLanguage\":\"fr-FR\"},{\"@type\":\"Organization\",\"@id\":\"https:\/\/demo.sdbaos.org\/#organization\",\"name\":\"Salesians of Don Bosco, West Africa South Province (AOS PROVINCE)\",\"url\":\"https:\/\/demo.sdbaos.org\/\",\"logo\":{\"@type\":\"ImageObject\",\"inLanguage\":\"fr-FR\",\"@id\":\"https:\/\/demo.sdbaos.org\/#\/schema\/logo\/image\/\",\"url\":\"https:\/\/sdbaos.org\/wp-content\/uploads\/2022\/07\/Salesians_logo.png\",\"contentUrl\":\"https:\/\/sdbaos.org\/wp-content\/uploads\/2022\/07\/Salesians_logo.png\",\"width\":512,\"height\":512,\"caption\":\"Salesians of Don Bosco, West Africa South Province (AOS PROVINCE)\"},\"image\":{\"@id\":\"https:\/\/demo.sdbaos.org\/#\/schema\/logo\/image\/\"},\"sameAs\":[\"https:\/\/www.facebook.com\/sdbaos\",\"https:\/\/x.com\/AosProvince\",\"https:\/\/www.youtube.com\/channel\/UCWycprz8hQZSI54ZQpTZ5xw\"]}]}<\/script>\n<!-- \/ Yoast SEO plugin. -->","yoast_head_json":{"title":"Our Team - Salesians of Don Bosco, West Africa South Province (AOS PROVINCE)","robots":{"index":"index","follow":"follow","max-snippet":"max-snippet:-1","max-image-preview":"max-image-preview:large","max-video-preview":"max-video-preview:-1"},"canonical":"https:\/\/demo.sdbaos.org\/fr\/our-team\/","og_locale":"fr_FR","og_type":"article","og_title":"Our Team - Salesians of Don Bosco, West Africa South Province (AOS PROVINCE)","og_url":"https:\/\/demo.sdbaos.org\/fr\/our-team\/","og_site_name":"Salesians of Don Bosco, West Africa South Province (AOS PROVINCE)","article_publisher":"https:\/\/www.facebook.com\/sdbaos","article_modified_time":"2022-09-01T11:01:37+00:00","og_image":[{"url":"https:\/\/demo.sdbaos.org\/wp-content\/uploads\/2022\/08\/MG_6493-2-300x200.jpg","type":"","width":"","height":""}],"twitter_card":"summary_large_image","twitter_site":"@AosProvince","twitter_misc":{"Dur\u00e9e de lecture estim\u00e9e":"3 minutes"},"schema":{"@context":"https:\/\/schema.org","@graph":[{"@type":"WebPage","@id":"https:\/\/demo.sdbaos.org\/our-team\/","url":"https:\/\/demo.sdbaos.org\/our-team\/","name":"Our Team - Salesians of Don Bosco, West Africa South Province (AOS PROVINCE)","isPartOf":{"@id":"https:\/\/demo.sdbaos.org\/#website"},"primaryImageOfPage":{"@id":"https:\/\/demo.sdbaos.org\/our-team\/#primaryimage"},"image":{"@id":"https:\/\/demo.sdbaos.org\/our-team\/#primaryimage"},"thumbnailUrl":"https:\/\/demo.sdbaos.org\/wp-content\/uploads\/2022\/08\/MG_6493-2-300x200.jpg","datePublished":"2022-08-17T14:46:19+00:00","dateModified":"2022-09-01T11:01:37+00:00","breadcrumb":{"@id":"https:\/\/demo.sdbaos.org\/our-team\/#breadcrumb"},"inLanguage":"fr-FR","potentialAction":[{"@type":"ReadAction","target":["https:\/\/demo.sdbaos.org\/our-team\/"]}]},{"@type":"ImageObject","inLanguage":"fr-FR","@id":"https:\/\/demo.sdbaos.org\/our-team\/#primaryimage","url":"https:\/\/demo.sdbaos.org\/wp-content\/uploads\/2022\/08\/MG_6493-2-300x200.jpg","contentUrl":"https:\/\/demo.sdbaos.org\/wp-content\/uploads\/2022\/08\/MG_6493-2-300x200.jpg"},{"@type":"BreadcrumbList","@id":"https:\/\/demo.sdbaos.org\/our-team\/#breadcrumb","itemListElement":[{"@type":"ListItem","position":1,"name":"Home","item":"https:\/\/demo.sdbaos.org\/"},{"@type":"ListItem","position":2,"name":"Our Team"}]},{"@type":"WebSite","@id":"https:\/\/demo.sdbaos.org\/#website","url":"https:\/\/demo.sdbaos.org\/","name":"Salesians of Don Bosco, West Africa South Province (AOS PROVINCE)","description":"Salesians of Don Bosco, West Africa South Province (AOS PROVINCE)","publisher":{"@id":"https:\/\/demo.sdbaos.org\/#organization"},"potentialAction":[{"@type":"SearchAction","target":{"@type":"EntryPoint","urlTemplate":"https:\/\/demo.sdbaos.org\/?s={search_term_string}"},"query-input":{"@type":"PropertyValueSpecification","valueRequired":true,"valueName":"search_term_string"}}],"inLanguage":"fr-FR"},{"@type":"Organization","@id":"https:\/\/demo.sdbaos.org\/#organization","name":"Salesians of Don Bosco, West Africa South Province (AOS PROVINCE)","url":"https:\/\/demo.sdbaos.org\/","logo":{"@type":"ImageObject","inLanguage":"fr-FR","@id":"https:\/\/demo.sdbaos.org\/#\/schema\/logo\/image\/","url":"https:\/\/sdbaos.org\/wp-content\/uploads\/2022\/07\/Salesians_logo.png","contentUrl":"https:\/\/sdbaos.org\/wp-content\/uploads\/2022\/07\/Salesians_logo.png","width":512,"height":512,"caption":"Salesians of Don Bosco, West Africa South Province (AOS PROVINCE)"},"image":{"@id":"https:\/\/demo.sdbaos.org\/#\/schema\/logo\/image\/"},"sameAs":["https:\/\/www.facebook.com\/sdbaos","https:\/\/x.com\/AosProvince","https:\/\/www.youtube.com\/channel\/UCWycprz8hQZSI54ZQpTZ5xw"]}]}},"campaignId":"","jetpack_sharing_enabled":true,"_links":{"self":[{"href":"https:\/\/demo.sdbaos.org\/fr\/wp-json\/wp\/v2\/pages\/1998","targetHints":{"allow":["GET"]}}],"collection":[{"href":"https:\/\/demo.sdbaos.org\/fr\/wp-json\/wp\/v2\/pages"}],"about":[{"href":"https:\/\/demo.sdbaos.org\/fr\/wp-json\/wp\/v2\/types\/page"}],"author":[{"embeddable":true,"href":"https:\/\/demo.sdbaos.org\/fr\/wp-json\/wp\/v2\/users\/1"}],"replies":[{"embeddable":true,"href":"https:\/\/demo.sdbaos.org\/fr\/wp-json\/wp\/v2\/comments?post=1998"}],"version-history":[{"count":24,"href":"https:\/\/demo.sdbaos.org\/fr\/wp-json\/wp\/v2\/pages\/1998\/revisions"}],"predecessor-version":[{"id":2287,"href":"https:\/\/demo.sdbaos.org\/fr\/wp-json\/wp\/v2\/pages\/1998\/revisions\/2287"}],"wp:attachment":[{"href":"https:\/\/demo.sdbaos.org\/fr\/wp-json\/wp\/v2\/media?parent=1998"}],"curies":[{"name":"wp","href":"https:\/\/api.w.org\/{rel}","templated":true}]}}