{"id":1961,"date":"2022-08-12T22:12:01","date_gmt":"2022-08-12T22:12:01","guid":{"rendered":"https:\/\/sdbaos.org\/?page_id=1961"},"modified":"2022-08-17T13:05:45","modified_gmt":"2022-08-17T13:05:45","slug":"ghana","status":"publish","type":"page","link":"https:\/\/demo.sdbaos.org\/fr\/ghana\/","title":{"rendered":"Ghana"},"content":{"rendered":"<div class=\"vc_row wpb_row vc_row-fluid\"><div class=\"wpb_column vc_column_container vc_col-sm-12\"><div class=\"vc_column-inner\"><div class=\"wpb_wrapper\"><div  class=\"swmsc_text_block\" style=\"text-size: 17px\"> <img loading=\"lazy\" decoding=\"async\" class=\"wp-image-1962 size-medium alignleft\" src=\"https:\/\/sdbaos.org\/wp-content\/uploads\/2022\/08\/MG_8016-300x200.jpg\" alt=\"\" width=\"300\" height=\"200\" srcset=\"https:\/\/demo.sdbaos.org\/wp-content\/uploads\/2022\/08\/MG_8016-300x200.jpg 300w, https:\/\/demo.sdbaos.org\/wp-content\/uploads\/2022\/08\/MG_8016-600x401.jpg 600w, https:\/\/demo.sdbaos.org\/wp-content\/uploads\/2022\/08\/MG_8016-768x513.jpg 768w, https:\/\/demo.sdbaos.org\/wp-content\/uploads\/2022\/08\/MG_8016-18x12.jpg 18w, https:\/\/demo.sdbaos.org\/wp-content\/uploads\/2022\/08\/MG_8016.jpg 800w\" sizes=\"auto, (max-width: 300px) 100vw, 300px\" \/><\/p>\n<p>La Congr\u00e9gation sal\u00e9sienne est une organisation religieuse internationale catholique caritative. Les Sal\u00e9siens de Don Bosco sont arriv\u00e9s au Ghana en 1992 gr\u00e2ce \u00e0 l&#039;intervention de feu <strong><em>l&#039;\u00e9v\u00eaque James Owusu<\/em><\/strong>.<\/p>\n<p>Au d\u00e9but de 1993, une \u00e9quipe internationale de Sal\u00e9siens a accept\u00e9 l&#039;invitation et est arriv\u00e9e \u00e0 Sunyani. Un projet de prise en charge des enfants des rues de la ville de Sunyani a repris en 1995 et s&#039;est d\u00e9velopp\u00e9 pour devenir le Don Bosco Boys&#039; Home (un centre de protection de l&#039;enfance).<\/p>\n<p>Le <em>Bosco Gar\u00e7ons Accueil<\/em> est un centre o\u00f9 les enfants vuln\u00e9rables et les enfants expos\u00e9s \u00e0 des risques sont pris en charge gr\u00e2ce \u00e0 l&#039;aide de nos bienfaiteurs. En 1996, le Centre de formation professionnelle\/technique Don Bosco, situ\u00e9 \u00e0 Odumase-Sunyani, a vu le jour. Il propose des formations en <strong>agriculture, charpenterie, ma\u00e7onnerie, m\u00e9tallurgie, dactylographie, informatique, mat\u00e9riel informatique et arts graphiques<\/strong>.<\/p>\n<p>Un autre d\u00e9veloppement a \u00e9t\u00e9 la cr\u00e9ation du centre de formation professionnelle d&#039;Ashaiman, o\u00f9 les jeunes pauvres et abandonn\u00e9s, et ceux principalement qui ont abandonn\u00e9 leurs \u00e9tudes, ont pu trouver une chance de suivre une formation professionnelle et une formation aux comp\u00e9tences de la vie courante dans les domaines de <strong>l&#039;\u00e9lectronique, de la m\u00e9canique automobile, de l&#039;\u00e9lectricit\u00e9, de la r\u00e9frig\u00e9ration, de la soudure et de la fabrication, du secr\u00e9tariat et de l&#039;informatique<\/strong>, afin de leur offrir des opportunit\u00e9s d&#039;emploi. Tous les cours d\u00e9favorables dans les centres de formation professionnelle ont une dur\u00e9e de 2 \u00e0 3 ans, \u00e0 l&#039;\u00e9mission d&#039;un certificat d\u00e9livr\u00e9 afin d&#039;aider les jeunes \u00e0 trouver un emploi.<\/div><div   >\n\t\t\t\t\t\t<div class=\"swmsc_image_gallery swmsc_gal5\" data-grid=\"masonry\" style=\"margin-right:-20px;\">\n\t\t\t\t\t\t\t\n        \t\t\t\t<div class=\"swmsc_image_gallery_item\">\n        \t\t\t\t\t<div style=\"padding-right:20px; padding-bottom:20px;\">\n\t        \t\t\t\t\t<a href=\"https:\/\/demo.sdbaos.org\/wp-content\/uploads\/2022\/08\/11.jpg\" class=\"swmsc_popup_gallery\" style=\"border-radius:5px;\" title=\"11\">\n\t\t        \t\t\t\t\t\t<img decoding=\"async\" style=\"border-width:0px;border-color:#e6e6e6; border-radius:5px;\" src=\"https:\/\/demo.sdbaos.org\/wp-content\/uploads\/2022\/08\/11.jpg\" alt=\"\" \/>\n\t\t        \t\t\t\t\t\t<span><i class=\"fa fa-search\" style=\"background-color:#f8b54e;color:#ffffff;\"><\/i><\/span>\n\t\t        \t\t\t\t\t<\/a>\n\t        \t\t\t\t\t\n\t        \t\t\t\t<\/div>\n        \t\t\t\t<\/div>\n        \t\t\t\t<div class=\"swmsc_image_gallery_item\">\n        \t\t\t\t\t<div style=\"padding-right:20px; padding-bottom:20px;\">\n\t        \t\t\t\t\t<a href=\"https:\/\/demo.sdbaos.org\/wp-content\/uploads\/2022\/08\/IMG_1218.jpg\" class=\"swmsc_popup_gallery\" style=\"border-radius:5px;\" title=\"IMG_1218\">\n\t\t        \t\t\t\t\t\t<img decoding=\"async\" style=\"border-width:0px;border-color:#e6e6e6; border-radius:5px;\" src=\"https:\/\/demo.sdbaos.org\/wp-content\/uploads\/2022\/08\/IMG_1218.jpg\" alt=\"\" \/>\n\t\t        \t\t\t\t\t\t<span><i class=\"fa fa-search\" style=\"background-color:#f8b54e;color:#ffffff;\"><\/i><\/span>\n\t\t        \t\t\t\t\t<\/a>\n\t        \t\t\t\t\t\n\t        \t\t\t\t<\/div>\n        \t\t\t\t<\/div>\n        \t\t\t\t<div class=\"swmsc_image_gallery_item\">\n        \t\t\t\t\t<div style=\"padding-right:20px; padding-bottom:20px;\">\n\t        \t\t\t\t\t<a href=\"https:\/\/demo.sdbaos.org\/wp-content\/uploads\/2022\/08\/IMG-20210501-WA0003-1.jpg\" class=\"swmsc_popup_gallery\" style=\"border-radius:5px;\" title=\"IMG-20210501-WA0003\">\n\t\t        \t\t\t\t\t\t<img decoding=\"async\" style=\"border-width:0px;border-color:#e6e6e6; border-radius:5px;\" src=\"https:\/\/demo.sdbaos.org\/wp-content\/uploads\/2022\/08\/IMG-20210501-WA0003-1.jpg\" alt=\"\" \/>\n\t\t        \t\t\t\t\t\t<span><i class=\"fa fa-search\" style=\"background-color:#f8b54e;color:#ffffff;\"><\/i><\/span>\n\t\t        \t\t\t\t\t<\/a>\n\t        \t\t\t\t\t\n\t        \t\t\t\t<\/div>\n        \t\t\t\t<\/div>\n        \t\t\t\t<div class=\"swmsc_image_gallery_item\">\n        \t\t\t\t\t<div style=\"padding-right:20px; padding-bottom:20px;\">\n\t        \t\t\t\t\t<a href=\"https:\/\/demo.sdbaos.org\/wp-content\/uploads\/2022\/08\/IMG-20210501-WA0005-1.jpg\" class=\"swmsc_popup_gallery\" style=\"border-radius:5px;\" title=\"IMG-20210501-WA0005\">\n\t\t        \t\t\t\t\t\t<img decoding=\"async\" style=\"border-width:0px;border-color:#e6e6e6; border-radius:5px;\" src=\"https:\/\/demo.sdbaos.org\/wp-content\/uploads\/2022\/08\/IMG-20210501-WA0005-1.jpg\" alt=\"\" \/>\n\t\t        \t\t\t\t\t\t<span><i class=\"fa fa-search\" style=\"background-color:#f8b54e;color:#ffffff;\"><\/i><\/span>\n\t\t        \t\t\t\t\t<\/a>\n\t        \t\t\t\t\t\n\t        \t\t\t\t<\/div>\n        \t\t\t\t<\/div>\n        \t\t\t\t<div class=\"swmsc_image_gallery_item\">\n        \t\t\t\t\t<div style=\"padding-right:20px; padding-bottom:20px;\">\n\t        \t\t\t\t\t<a href=\"https:\/\/demo.sdbaos.org\/wp-content\/uploads\/2022\/08\/IMG-20210501-WA0015-1.jpg\" class=\"swmsc_popup_gallery\" style=\"border-radius:5px;\" title=\"IMG-20210501-WA0015\">\n\t\t        \t\t\t\t\t\t<img decoding=\"async\" style=\"border-width:0px;border-color:#e6e6e6; border-radius:5px;\" src=\"https:\/\/demo.sdbaos.org\/wp-content\/uploads\/2022\/08\/IMG-20210501-WA0015-1.jpg\" alt=\"\" \/>\n\t\t        \t\t\t\t\t\t<span><i class=\"fa fa-search\" style=\"background-color:#f8b54e;color:#ffffff;\"><\/i><\/span>\n\t\t        \t\t\t\t\t<\/a>\n\t        \t\t\t\t\t\n\t        \t\t\t\t<\/div>\n        \t\t\t\t<\/div>\n        \t\t\t\t<div class=\"swmsc_image_gallery_item\">\n        \t\t\t\t\t<div style=\"padding-right:20px; padding-bottom:20px;\">\n\t        \t\t\t\t\t<a href=\"https:\/\/demo.sdbaos.org\/wp-content\/uploads\/2022\/08\/IMG-20220805-WA0019.jpg\" class=\"swmsc_popup_gallery\" style=\"border-radius:5px;\" title=\"IMG-20220805-WA0019\">\n\t\t        \t\t\t\t\t\t<img decoding=\"async\" style=\"border-width:0px;border-color:#e6e6e6; border-radius:5px;\" src=\"https:\/\/demo.sdbaos.org\/wp-content\/uploads\/2022\/08\/IMG-20220805-WA0019.jpg\" alt=\"\" \/>\n\t\t        \t\t\t\t\t\t<span><i class=\"fa fa-search\" style=\"background-color:#f8b54e;color:#ffffff;\"><\/i><\/span>\n\t\t        \t\t\t\t\t<\/a>\n\t        \t\t\t\t\t\n\t        \t\t\t\t<\/div>\n        \t\t\t\t<\/div>\n        \t\t\t\t<div class=\"swmsc_image_gallery_item\">\n        \t\t\t\t\t<div style=\"padding-right:20px; padding-bottom:20px;\">\n\t        \t\t\t\t\t<a href=\"https:\/\/demo.sdbaos.org\/wp-content\/uploads\/2022\/08\/IMG-20220805-WA0032.jpg\" class=\"swmsc_popup_gallery\" style=\"border-radius:5px;\" title=\"IMG-20220805-WA0032\">\n\t\t        \t\t\t\t\t\t<img decoding=\"async\" style=\"border-width:0px;border-color:#e6e6e6; border-radius:5px;\" src=\"https:\/\/demo.sdbaos.org\/wp-content\/uploads\/2022\/08\/IMG-20220805-WA0032.jpg\" alt=\"\" \/>\n\t\t        \t\t\t\t\t\t<span><i class=\"fa fa-search\" style=\"background-color:#f8b54e;color:#ffffff;\"><\/i><\/span>\n\t\t        \t\t\t\t\t<\/a>\n\t        \t\t\t\t\t\n\t        \t\t\t\t<\/div>\n        \t\t\t\t<\/div>\n        \t\t\t\t<div class=\"swmsc_image_gallery_item\">\n        \t\t\t\t\t<div style=\"padding-right:20px; padding-bottom:20px;\">\n\t        \t\t\t\t\t<a href=\"https:\/\/demo.sdbaos.org\/wp-content\/uploads\/2022\/08\/Photo-Catering-DBTI-Ashai..jpg\" class=\"swmsc_popup_gallery\" style=\"border-radius:5px;\" title=\"Photo- Restauration DBTI Ashai.\">\n\t\t        \t\t\t\t\t\t<img decoding=\"async\" style=\"border-width:0px;border-color:#e6e6e6; border-radius:5px;\" src=\"https:\/\/demo.sdbaos.org\/wp-content\/uploads\/2022\/08\/Photo-Catering-DBTI-Ashai..jpg\" alt=\"\" \/>\n\t\t        \t\t\t\t\t\t<span><i class=\"fa fa-search\" style=\"background-color:#f8b54e;color:#ffffff;\"><\/i><\/span>\n\t\t        \t\t\t\t\t<\/a>\n\t        \t\t\t\t\t\n\t        \t\t\t\t<\/div>\n        \t\t\t\t<\/div>\n\t\t\t\t\t\t<\/div>\n\t\t\t\t\t<\/div><\/div><\/div><\/div><\/div>","protected":false},"excerpt":{"rendered":"La Congr\u00e9gation sal\u00e9sienne est une organisation religieuse internationale catholique caritative. Les Sal\u00e9siens de Don Bosco sont arriv\u00e9s au Ghana en 1992 gr\u00e2ce \u00e0 l\u2019intervention de feu l\u2019\u00e9v\u00eaque James Owusu. Au d\u00e9but de 1993, une \u00e9quipe internationale de Sal\u00e9siens a accept\u00e9 l\u2019invitation et est arriv\u00e9e \u00e0 Sunyani. Un projet de prise [...]","protected":false},"author":1,"featured_media":0,"parent":0,"menu_order":0,"comment_status":"closed","ping_status":"closed","template":"","meta":{"give_campaign_id":0,"om_disable_all_campaigns":false,"footnotes":""},"class_list":["post-1961","page","type-page","status-publish","hentry"],"yoast_head":"<!-- This site is optimized with the Yoast SEO plugin v26.9 - https:\/\/yoast.com\/product\/yoast-seo-wordpress\/ -->\n<title>Ghana - Salesians of Don Bosco, West Africa South Province (AOS PROVINCE)<\/title>\n<meta name=\"robots\" content=\"index, follow, max-snippet:-1, max-image-preview:large, max-video-preview:-1\" \/>\n<link rel=\"canonical\" href=\"https:\/\/demo.sdbaos.org\/fr\/ghana\/\" \/>\n<meta property=\"og:locale\" content=\"fr_FR\" \/>\n<meta property=\"og:type\" content=\"article\" \/>\n<meta property=\"og:title\" content=\"Ghana - Salesians of Don Bosco, West Africa South Province (AOS PROVINCE)\" \/>\n<meta property=\"og:url\" content=\"https:\/\/demo.sdbaos.org\/fr\/ghana\/\" \/>\n<meta property=\"og:site_name\" content=\"Salesians of Don Bosco, West Africa South Province (AOS PROVINCE)\" \/>\n<meta property=\"article:publisher\" content=\"https:\/\/www.facebook.com\/sdbaos\" \/>\n<meta property=\"article:modified_time\" content=\"2022-08-17T13:05:45+00:00\" \/>\n<meta property=\"og:image\" content=\"https:\/\/sdbaos.org\/wp-content\/uploads\/2022\/08\/MG_8016-300x200.jpg\" \/>\n<meta name=\"twitter:card\" content=\"summary_large_image\" \/>\n<meta name=\"twitter:site\" content=\"@AosProvince\" \/>\n<meta name=\"twitter:label1\" content=\"Dur\u00e9e de lecture estim\u00e9e\" \/>\n\t<meta name=\"twitter:data1\" content=\"3 minutes\" \/>\n<script type=\"application\/ld+json\" class=\"yoast-schema-graph\">{\"@context\":\"https:\/\/schema.org\",\"@graph\":[{\"@type\":\"WebPage\",\"@id\":\"https:\/\/demo.sdbaos.org\/ghana\/\",\"url\":\"https:\/\/demo.sdbaos.org\/ghana\/\",\"name\":\"Ghana - Salesians of Don Bosco, West Africa South Province (AOS PROVINCE)\",\"isPartOf\":{\"@id\":\"https:\/\/demo.sdbaos.org\/#website\"},\"primaryImageOfPage\":{\"@id\":\"https:\/\/demo.sdbaos.org\/ghana\/#primaryimage\"},\"image\":{\"@id\":\"https:\/\/demo.sdbaos.org\/ghana\/#primaryimage\"},\"thumbnailUrl\":\"https:\/\/sdbaos.org\/wp-content\/uploads\/2022\/08\/MG_8016-300x200.jpg\",\"datePublished\":\"2022-08-12T22:12:01+00:00\",\"dateModified\":\"2022-08-17T13:05:45+00:00\",\"breadcrumb\":{\"@id\":\"https:\/\/demo.sdbaos.org\/ghana\/#breadcrumb\"},\"inLanguage\":\"fr-FR\",\"potentialAction\":[{\"@type\":\"ReadAction\",\"target\":[\"https:\/\/demo.sdbaos.org\/ghana\/\"]}]},{\"@type\":\"ImageObject\",\"inLanguage\":\"fr-FR\",\"@id\":\"https:\/\/demo.sdbaos.org\/ghana\/#primaryimage\",\"url\":\"https:\/\/sdbaos.org\/wp-content\/uploads\/2022\/08\/MG_8016-300x200.jpg\",\"contentUrl\":\"https:\/\/sdbaos.org\/wp-content\/uploads\/2022\/08\/MG_8016-300x200.jpg\"},{\"@type\":\"BreadcrumbList\",\"@id\":\"https:\/\/demo.sdbaos.org\/ghana\/#breadcrumb\",\"itemListElement\":[{\"@type\":\"ListItem\",\"position\":1,\"name\":\"Home\",\"item\":\"https:\/\/demo.sdbaos.org\/\"},{\"@type\":\"ListItem\",\"position\":2,\"name\":\"Ghana\"}]},{\"@type\":\"WebSite\",\"@id\":\"https:\/\/demo.sdbaos.org\/#website\",\"url\":\"https:\/\/demo.sdbaos.org\/\",\"name\":\"Salesians of Don Bosco, West Africa South Province (AOS PROVINCE)\",\"description\":\"Salesians of Don Bosco, West Africa South Province (AOS PROVINCE)\",\"publisher\":{\"@id\":\"https:\/\/demo.sdbaos.org\/#organization\"},\"potentialAction\":[{\"@type\":\"SearchAction\",\"target\":{\"@type\":\"EntryPoint\",\"urlTemplate\":\"https:\/\/demo.sdbaos.org\/?s={search_term_string}\"},\"query-input\":{\"@type\":\"PropertyValueSpecification\",\"valueRequired\":true,\"valueName\":\"search_term_string\"}}],\"inLanguage\":\"fr-FR\"},{\"@type\":\"Organization\",\"@id\":\"https:\/\/demo.sdbaos.org\/#organization\",\"name\":\"Salesians of Don Bosco, West Africa South Province (AOS PROVINCE)\",\"url\":\"https:\/\/demo.sdbaos.org\/\",\"logo\":{\"@type\":\"ImageObject\",\"inLanguage\":\"fr-FR\",\"@id\":\"https:\/\/demo.sdbaos.org\/#\/schema\/logo\/image\/\",\"url\":\"https:\/\/sdbaos.org\/wp-content\/uploads\/2022\/07\/Salesians_logo.png\",\"contentUrl\":\"https:\/\/sdbaos.org\/wp-content\/uploads\/2022\/07\/Salesians_logo.png\",\"width\":512,\"height\":512,\"caption\":\"Salesians of Don Bosco, West Africa South Province (AOS PROVINCE)\"},\"image\":{\"@id\":\"https:\/\/demo.sdbaos.org\/#\/schema\/logo\/image\/\"},\"sameAs\":[\"https:\/\/www.facebook.com\/sdbaos\",\"https:\/\/x.com\/AosProvince\",\"https:\/\/www.youtube.com\/channel\/UCWycprz8hQZSI54ZQpTZ5xw\"]}]}<\/script>\n<!-- \/ Yoast SEO plugin. -->","yoast_head_json":{"title":"Ghana - Salesians of Don Bosco, West Africa South Province (AOS PROVINCE)","robots":{"index":"index","follow":"follow","max-snippet":"max-snippet:-1","max-image-preview":"max-image-preview:large","max-video-preview":"max-video-preview:-1"},"canonical":"https:\/\/demo.sdbaos.org\/fr\/ghana\/","og_locale":"fr_FR","og_type":"article","og_title":"Ghana - Salesians of Don Bosco, West Africa South Province (AOS PROVINCE)","og_url":"https:\/\/demo.sdbaos.org\/fr\/ghana\/","og_site_name":"Salesians of Don Bosco, West Africa South Province (AOS PROVINCE)","article_publisher":"https:\/\/www.facebook.com\/sdbaos","article_modified_time":"2022-08-17T13:05:45+00:00","og_image":[{"url":"https:\/\/sdbaos.org\/wp-content\/uploads\/2022\/08\/MG_8016-300x200.jpg","type":"","width":"","height":""}],"twitter_card":"summary_large_image","twitter_site":"@AosProvince","twitter_misc":{"Dur\u00e9e de lecture estim\u00e9e":"3 minutes"},"schema":{"@context":"https:\/\/schema.org","@graph":[{"@type":"WebPage","@id":"https:\/\/demo.sdbaos.org\/ghana\/","url":"https:\/\/demo.sdbaos.org\/ghana\/","name":"Ghana - Salesians of Don Bosco, West Africa South Province (AOS PROVINCE)","isPartOf":{"@id":"https:\/\/demo.sdbaos.org\/#website"},"primaryImageOfPage":{"@id":"https:\/\/demo.sdbaos.org\/ghana\/#primaryimage"},"image":{"@id":"https:\/\/demo.sdbaos.org\/ghana\/#primaryimage"},"thumbnailUrl":"https:\/\/sdbaos.org\/wp-content\/uploads\/2022\/08\/MG_8016-300x200.jpg","datePublished":"2022-08-12T22:12:01+00:00","dateModified":"2022-08-17T13:05:45+00:00","breadcrumb":{"@id":"https:\/\/demo.sdbaos.org\/ghana\/#breadcrumb"},"inLanguage":"fr-FR","potentialAction":[{"@type":"ReadAction","target":["https:\/\/demo.sdbaos.org\/ghana\/"]}]},{"@type":"ImageObject","inLanguage":"fr-FR","@id":"https:\/\/demo.sdbaos.org\/ghana\/#primaryimage","url":"https:\/\/sdbaos.org\/wp-content\/uploads\/2022\/08\/MG_8016-300x200.jpg","contentUrl":"https:\/\/sdbaos.org\/wp-content\/uploads\/2022\/08\/MG_8016-300x200.jpg"},{"@type":"BreadcrumbList","@id":"https:\/\/demo.sdbaos.org\/ghana\/#breadcrumb","itemListElement":[{"@type":"ListItem","position":1,"name":"Home","item":"https:\/\/demo.sdbaos.org\/"},{"@type":"ListItem","position":2,"name":"Ghana"}]},{"@type":"WebSite","@id":"https:\/\/demo.sdbaos.org\/#website","url":"https:\/\/demo.sdbaos.org\/","name":"Salesians of Don Bosco, West Africa South Province (AOS PROVINCE)","description":"Salesians of Don Bosco, West Africa South Province (AOS PROVINCE)","publisher":{"@id":"https:\/\/demo.sdbaos.org\/#organization"},"potentialAction":[{"@type":"SearchAction","target":{"@type":"EntryPoint","urlTemplate":"https:\/\/demo.sdbaos.org\/?s={search_term_string}"},"query-input":{"@type":"PropertyValueSpecification","valueRequired":true,"valueName":"search_term_string"}}],"inLanguage":"fr-FR"},{"@type":"Organization","@id":"https:\/\/demo.sdbaos.org\/#organization","name":"Salesians of Don Bosco, West Africa South Province (AOS PROVINCE)","url":"https:\/\/demo.sdbaos.org\/","logo":{"@type":"ImageObject","inLanguage":"fr-FR","@id":"https:\/\/demo.sdbaos.org\/#\/schema\/logo\/image\/","url":"https:\/\/sdbaos.org\/wp-content\/uploads\/2022\/07\/Salesians_logo.png","contentUrl":"https:\/\/sdbaos.org\/wp-content\/uploads\/2022\/07\/Salesians_logo.png","width":512,"height":512,"caption":"Salesians of Don Bosco, West Africa South Province (AOS PROVINCE)"},"image":{"@id":"https:\/\/demo.sdbaos.org\/#\/schema\/logo\/image\/"},"sameAs":["https:\/\/www.facebook.com\/sdbaos","https:\/\/x.com\/AosProvince","https:\/\/www.youtube.com\/channel\/UCWycprz8hQZSI54ZQpTZ5xw"]}]}},"campaignId":"","jetpack_sharing_enabled":true,"_links":{"self":[{"href":"https:\/\/demo.sdbaos.org\/fr\/wp-json\/wp\/v2\/pages\/1961","targetHints":{"allow":["GET"]}}],"collection":[{"href":"https:\/\/demo.sdbaos.org\/fr\/wp-json\/wp\/v2\/pages"}],"about":[{"href":"https:\/\/demo.sdbaos.org\/fr\/wp-json\/wp\/v2\/types\/page"}],"author":[{"embeddable":true,"href":"https:\/\/demo.sdbaos.org\/fr\/wp-json\/wp\/v2\/users\/1"}],"replies":[{"embeddable":true,"href":"https:\/\/demo.sdbaos.org\/fr\/wp-json\/wp\/v2\/comments?post=1961"}],"version-history":[{"count":4,"href":"https:\/\/demo.sdbaos.org\/fr\/wp-json\/wp\/v2\/pages\/1961\/revisions"}],"predecessor-version":[{"id":1987,"href":"https:\/\/demo.sdbaos.org\/fr\/wp-json\/wp\/v2\/pages\/1961\/revisions\/1987"}],"wp:attachment":[{"href":"https:\/\/demo.sdbaos.org\/fr\/wp-json\/wp\/v2\/media?parent=1961"}],"curies":[{"name":"wp","href":"https:\/\/api.w.org\/{rel}","templated":true}]}}