{"id":1907,"date":"2022-08-07T14:59:03","date_gmt":"2022-08-07T14:59:03","guid":{"rendered":"https:\/\/sdbaos.org\/?page_id=1907"},"modified":"2022-08-07T15:03:13","modified_gmt":"2022-08-07T15:03:13","slug":"sierra-leone-projects","status":"publish","type":"page","link":"https:\/\/demo.sdbaos.org\/fr\/sierra-leone-projects\/","title":{"rendered":"Projets en Sierra Leone"},"content":{"rendered":"<div class=\"vc_row wpb_row vc_row-fluid\"><div class=\"wpb_column vc_column_container vc_col-sm-12\"><div class=\"vc_column-inner\"><div class=\"wpb_wrapper\"><div   >\n\t\t\t\t\t<div class=\"swmsc_row swmsc_universal_grid_sort isotope swmsc_portfolio swmsc_universal_filter_items_section\" style=\"margin: 0 -12px;\"><article class=\"swmsc-infinite-item-selector swmsc_universal_grid swmsc_global_image_overlay swmsc_column3 swmsc_portfolio_box\" style=\"margin-bottom:24px\">\n\t\t\t\t\t\t\t<div class=\"swmsc_column_gap\" style=\"padding: 0 12px\">\n\t\t\t\t\t\t\t\t<div class=\"swmsc_portfolio_content\">\n\n\t\t\t\t\t\t\t\t\t<div class=\"swmsc_portfolio_thumb_img\" >\n\t\t\t\t\t\t\t\t\t\t<a href=\"https:\/\/demo.sdbaos.org\/wp-content\/uploads\/2022\/08\/Moringa-06.jpg\" title=\"Moringa Production-Sierra Leone\" target=\"_self\" class=\"swmsc_popup_gallery\" >\n\t\t\t\t\t\t \t\t\t\t\t<img loading=\"lazy\" decoding=\"async\" width=\"670\" height=\"460\" src=\"https:\/\/demo.sdbaos.org\/wp-content\/uploads\/2022\/08\/Moringa-06-670x460.jpg\" class=\"attachment-swmsc-grid-image size-swmsc-grid-image wp-post-image\" alt=\"\" srcset=\"https:\/\/demo.sdbaos.org\/wp-content\/uploads\/2022\/08\/Moringa-06-670x460.jpg 670w, https:\/\/demo.sdbaos.org\/wp-content\/uploads\/2022\/08\/Moringa-06-16x12.jpg 16w, https:\/\/demo.sdbaos.org\/wp-content\/uploads\/2022\/08\/Moringa-06-500x344.jpg 500w\" sizes=\"auto, (max-width: 670px) 100vw, 670px\" \/>\n\t\t\t\t\t\t \t\t\t\t\t<div class=\"swmsc_global_grid_hover\">\n\t\t\t\t\t\t\t\t\t\t\t\t<span class=\"swmsc_js_center swmsc_js_center_top\"><\/span>\n\t\t\t\t\t\t\t\t\t\t\t<\/div>\n\t\t\t\t\t\t \t\t\t\t<\/a><div class=\"clear\"><\/div>\n\t\t\t\t\t\t \t\t\t<\/div><div class=\"swmsc_portfolio_text\">\n\t\t\t\t\t\t\t\t\t\t\t<div class=\"swmsc_portfolio_title_section\">\n\t\t\t\t\t\t\t\t\t\t\t\t<div class=\"project_title swmsc_portfolio_text_style swmsc_pf_has_noexcerpt\"><div class=\"swmsc_portfolio_title\" style=\"font-size:18px;line-height:26px;text-transform:uppercase;\";>\n\t\t\t\t\t\t\t\t\t\t\t\t\t\t\t\t\t\t\t<span class=\"swmsc_pf_only_title swmsc-heading-font\"><a href=\"https:\/\/demo.sdbaos.org\/fr\/portfolios\/moringa-production-sierra-leone\/\" style=\"color:#202020;\">Moringa Production-Sierra Leone<\/a><\/span>\n\t\t\t\t\t\t\t\t\t\t\t\t\t\t\t\t\t\t<\/div><div class=\"swmsc_pf_readmore_button\"><a class=\"swmsc_button\" href=\"https:\/\/demo.sdbaos.org\/fr\/portfolios\/moringa-production-sierra-leone\/\">LIRE LA SUITE<\/a><\/div><\/div>\n\t\t\t\t\t\t\t\t\t\t\t<\/div>\n\t\t\t\t\t\t\t\t\t\t\t<div class=\"clear\"><\/div>\n\t\t\t\t\t\t\t\t\t\t<\/div><\/div>\n\t\t\t\t\t\t\t<\/div>\n\t\t\t\t\t\t<\/article><article class=\"swmsc-infinite-item-selector swmsc_universal_grid swmsc_global_image_overlay swmsc_column3 swmsc_portfolio_box\" style=\"margin-bottom:24px\">\n\t\t\t\t\t\t\t<div class=\"swmsc_column_gap\" style=\"padding: 0 12px\">\n\t\t\t\t\t\t\t\t<div class=\"swmsc_portfolio_content\">\n\n\t\t\t\t\t\t\t\t\t<div class=\"swmsc_portfolio_thumb_img\" >\n\t\t\t\t\t\t\t\t\t\t<a href=\"https:\/\/demo.sdbaos.org\/wp-content\/uploads\/2022\/08\/Agric-Lungi-14-Tomatoe-Harvest.jpg\" title=\"Am\u00e9liorer les conditions de vie et la s\u00e9curit\u00e9 alimentaire des femmes et des jeunes ruraux\" target=\"_self\" class=\"swmsc_popup_gallery\" >\n\t\t\t\t\t\t \t\t\t\t\t<img loading=\"lazy\" decoding=\"async\" width=\"670\" height=\"460\" src=\"https:\/\/demo.sdbaos.org\/wp-content\/uploads\/2022\/08\/Agric-Lungi-14-Tomatoe-Harvest-670x460.jpg\" class=\"attachment-swmsc-grid-image size-swmsc-grid-image wp-post-image\" alt=\"\" srcset=\"https:\/\/demo.sdbaos.org\/wp-content\/uploads\/2022\/08\/Agric-Lungi-14-Tomatoe-Harvest-670x460.jpg 670w, https:\/\/demo.sdbaos.org\/wp-content\/uploads\/2022\/08\/Agric-Lungi-14-Tomatoe-Harvest-16x12.jpg 16w, https:\/\/demo.sdbaos.org\/wp-content\/uploads\/2022\/08\/Agric-Lungi-14-Tomatoe-Harvest-500x344.jpg 500w\" sizes=\"auto, (max-width: 670px) 100vw, 670px\" \/>\n\t\t\t\t\t\t \t\t\t\t\t<div class=\"swmsc_global_grid_hover\">\n\t\t\t\t\t\t\t\t\t\t\t\t<span class=\"swmsc_js_center swmsc_js_center_top\"><\/span>\n\t\t\t\t\t\t\t\t\t\t\t<\/div>\n\t\t\t\t\t\t \t\t\t\t<\/a><div class=\"clear\"><\/div>\n\t\t\t\t\t\t \t\t\t<\/div><div class=\"swmsc_portfolio_text\">\n\t\t\t\t\t\t\t\t\t\t\t<div class=\"swmsc_portfolio_title_section\">\n\t\t\t\t\t\t\t\t\t\t\t\t<div class=\"project_title swmsc_portfolio_text_style swmsc_pf_has_noexcerpt\"><div class=\"swmsc_portfolio_title\" style=\"font-size:18px;line-height:26px;text-transform:uppercase;\";>\n\t\t\t\t\t\t\t\t\t\t\t\t\t\t\t\t\t\t\t<span class=\"swmsc_pf_only_title swmsc-heading-font\"><a href=\"https:\/\/demo.sdbaos.org\/fr\/portfolios\/improving-the-living-conditions-food-security-of-rural-women-and-youth\/\" style=\"color:#202020;\">Am\u00e9liorer les conditions de vie et la s\u00e9curit\u00e9 alimentaire des femmes et des jeunes ruraux<\/a><\/span>\n\t\t\t\t\t\t\t\t\t\t\t\t\t\t\t\t\t\t<\/div><div class=\"swmsc_pf_readmore_button\"><a class=\"swmsc_button\" href=\"https:\/\/demo.sdbaos.org\/fr\/portfolios\/improving-the-living-conditions-food-security-of-rural-women-and-youth\/\">LIRE LA SUITE<\/a><\/div><\/div>\n\t\t\t\t\t\t\t\t\t\t\t<\/div>\n\t\t\t\t\t\t\t\t\t\t\t<div class=\"clear\"><\/div>\n\t\t\t\t\t\t\t\t\t\t<\/div><\/div>\n\t\t\t\t\t\t\t<\/div>\n\t\t\t\t\t\t<\/article><article class=\"swmsc-infinite-item-selector swmsc_universal_grid swmsc_global_image_overlay swmsc_column3 swmsc_portfolio_box\" style=\"margin-bottom:24px\">\n\t\t\t\t\t\t\t<div class=\"swmsc_column_gap\" style=\"padding: 0 12px\">\n\t\t\t\t\t\t\t\t<div class=\"swmsc_portfolio_content\">\n\n\t\t\t\t\t\t\t\t\t<div class=\"swmsc_portfolio_thumb_img\" >\n\t\t\t\t\t\t\t\t\t\t<a href=\"https:\/\/demo.sdbaos.org\/wp-content\/uploads\/2022\/08\/New-Fambul-Inauguration-5.jpg\" title=\"Construction d&#039;un centre de th\u00e9rapie\" target=\"_self\" class=\"swmsc_popup_gallery\" >\n\t\t\t\t\t\t \t\t\t\t\t<img loading=\"lazy\" decoding=\"async\" width=\"670\" height=\"460\" src=\"https:\/\/demo.sdbaos.org\/wp-content\/uploads\/2022\/08\/New-Fambul-Inauguration-5-670x460.jpg\" class=\"attachment-swmsc-grid-image size-swmsc-grid-image wp-post-image\" alt=\"\" srcset=\"https:\/\/demo.sdbaos.org\/wp-content\/uploads\/2022\/08\/New-Fambul-Inauguration-5-670x460.jpg 670w, https:\/\/demo.sdbaos.org\/wp-content\/uploads\/2022\/08\/New-Fambul-Inauguration-5-16x12.jpg 16w, https:\/\/demo.sdbaos.org\/wp-content\/uploads\/2022\/08\/New-Fambul-Inauguration-5-500x344.jpg 500w\" sizes=\"auto, (max-width: 670px) 100vw, 670px\" \/>\n\t\t\t\t\t\t \t\t\t\t\t<div class=\"swmsc_global_grid_hover\">\n\t\t\t\t\t\t\t\t\t\t\t\t<span class=\"swmsc_js_center swmsc_js_center_top\"><\/span>\n\t\t\t\t\t\t\t\t\t\t\t<\/div>\n\t\t\t\t\t\t \t\t\t\t<\/a><div class=\"clear\"><\/div>\n\t\t\t\t\t\t \t\t\t<\/div><div class=\"swmsc_portfolio_text\">\n\t\t\t\t\t\t\t\t\t\t\t<div class=\"swmsc_portfolio_title_section\">\n\t\t\t\t\t\t\t\t\t\t\t\t<div class=\"project_title swmsc_portfolio_text_style swmsc_pf_has_noexcerpt\"><div class=\"swmsc_portfolio_title\" style=\"font-size:18px;line-height:26px;text-transform:uppercase;\";>\n\t\t\t\t\t\t\t\t\t\t\t\t\t\t\t\t\t\t\t<span class=\"swmsc_pf_only_title swmsc-heading-font\"><a href=\"https:\/\/demo.sdbaos.org\/fr\/portfolios\/construction-of-a-therapy-centre\/\" style=\"color:#202020;\">Construction d&#039;un centre de th\u00e9rapie<\/a><\/span>\n\t\t\t\t\t\t\t\t\t\t\t\t\t\t\t\t\t\t<\/div><div class=\"swmsc_pf_readmore_button\"><a class=\"swmsc_button\" href=\"https:\/\/demo.sdbaos.org\/fr\/portfolios\/construction-of-a-therapy-centre\/\">LIRE LA SUITE<\/a><\/div><\/div>\n\t\t\t\t\t\t\t\t\t\t\t<\/div>\n\t\t\t\t\t\t\t\t\t\t\t<div class=\"clear\"><\/div>\n\t\t\t\t\t\t\t\t\t\t<\/div><\/div>\n\t\t\t\t\t\t\t<\/div>\n\t\t\t\t\t\t<\/article><div class=\"clear\"><\/div>\n\t\t\t\t\t<\/div>\n\t\t\t\t<\/div>\n\t\t\t\t<div class=\"clear\"><\/div><\/div><\/div><\/div><\/div>","protected":false},"excerpt":{"rendered":"","protected":false},"author":1,"featured_media":0,"parent":0,"menu_order":0,"comment_status":"closed","ping_status":"closed","template":"","meta":{"give_campaign_id":0,"om_disable_all_campaigns":false,"footnotes":""},"class_list":["post-1907","page","type-page","status-publish","hentry"],"yoast_head":"<!-- This site is optimized with the Yoast SEO plugin v26.9 - https:\/\/yoast.com\/product\/yoast-seo-wordpress\/ -->\n<title>Sierra Leone Projects - Salesians of Don Bosco, West Africa South Province (AOS PROVINCE)<\/title>\n<meta name=\"robots\" content=\"index, follow, max-snippet:-1, max-image-preview:large, max-video-preview:-1\" \/>\n<link rel=\"canonical\" href=\"https:\/\/demo.sdbaos.org\/fr\/sierra-leone-projects\/\" \/>\n<meta property=\"og:locale\" content=\"fr_FR\" \/>\n<meta property=\"og:type\" content=\"article\" \/>\n<meta property=\"og:title\" content=\"Sierra Leone Projects - Salesians of Don Bosco, West Africa South Province (AOS PROVINCE)\" \/>\n<meta property=\"og:url\" content=\"https:\/\/demo.sdbaos.org\/fr\/sierra-leone-projects\/\" \/>\n<meta property=\"og:site_name\" content=\"Salesians of Don Bosco, West Africa South Province (AOS PROVINCE)\" \/>\n<meta property=\"article:publisher\" content=\"https:\/\/www.facebook.com\/sdbaos\" \/>\n<meta property=\"article:modified_time\" content=\"2022-08-07T15:03:13+00:00\" \/>\n<meta name=\"twitter:card\" content=\"summary_large_image\" \/>\n<meta name=\"twitter:site\" content=\"@AosProvince\" \/>\n<script type=\"application\/ld+json\" class=\"yoast-schema-graph\">{\"@context\":\"https:\/\/schema.org\",\"@graph\":[{\"@type\":\"WebPage\",\"@id\":\"https:\/\/demo.sdbaos.org\/sierra-leone-projects\/\",\"url\":\"https:\/\/demo.sdbaos.org\/sierra-leone-projects\/\",\"name\":\"Sierra Leone Projects - Salesians of Don Bosco, West Africa South Province (AOS PROVINCE)\",\"isPartOf\":{\"@id\":\"https:\/\/demo.sdbaos.org\/#website\"},\"datePublished\":\"2022-08-07T14:59:03+00:00\",\"dateModified\":\"2022-08-07T15:03:13+00:00\",\"breadcrumb\":{\"@id\":\"https:\/\/demo.sdbaos.org\/sierra-leone-projects\/#breadcrumb\"},\"inLanguage\":\"fr-FR\",\"potentialAction\":[{\"@type\":\"ReadAction\",\"target\":[\"https:\/\/demo.sdbaos.org\/sierra-leone-projects\/\"]}]},{\"@type\":\"BreadcrumbList\",\"@id\":\"https:\/\/demo.sdbaos.org\/sierra-leone-projects\/#breadcrumb\",\"itemListElement\":[{\"@type\":\"ListItem\",\"position\":1,\"name\":\"Home\",\"item\":\"https:\/\/demo.sdbaos.org\/\"},{\"@type\":\"ListItem\",\"position\":2,\"name\":\"Sierra Leone Projects\"}]},{\"@type\":\"WebSite\",\"@id\":\"https:\/\/demo.sdbaos.org\/#website\",\"url\":\"https:\/\/demo.sdbaos.org\/\",\"name\":\"Salesians of Don Bosco, West Africa South Province (AOS PROVINCE)\",\"description\":\"Salesians of Don Bosco, West Africa South Province (AOS PROVINCE)\",\"publisher\":{\"@id\":\"https:\/\/demo.sdbaos.org\/#organization\"},\"potentialAction\":[{\"@type\":\"SearchAction\",\"target\":{\"@type\":\"EntryPoint\",\"urlTemplate\":\"https:\/\/demo.sdbaos.org\/?s={search_term_string}\"},\"query-input\":{\"@type\":\"PropertyValueSpecification\",\"valueRequired\":true,\"valueName\":\"search_term_string\"}}],\"inLanguage\":\"fr-FR\"},{\"@type\":\"Organization\",\"@id\":\"https:\/\/demo.sdbaos.org\/#organization\",\"name\":\"Salesians of Don Bosco, West Africa South Province (AOS PROVINCE)\",\"url\":\"https:\/\/demo.sdbaos.org\/\",\"logo\":{\"@type\":\"ImageObject\",\"inLanguage\":\"fr-FR\",\"@id\":\"https:\/\/demo.sdbaos.org\/#\/schema\/logo\/image\/\",\"url\":\"https:\/\/sdbaos.org\/wp-content\/uploads\/2022\/07\/Salesians_logo.png\",\"contentUrl\":\"https:\/\/sdbaos.org\/wp-content\/uploads\/2022\/07\/Salesians_logo.png\",\"width\":512,\"height\":512,\"caption\":\"Salesians of Don Bosco, West Africa South Province (AOS PROVINCE)\"},\"image\":{\"@id\":\"https:\/\/demo.sdbaos.org\/#\/schema\/logo\/image\/\"},\"sameAs\":[\"https:\/\/www.facebook.com\/sdbaos\",\"https:\/\/x.com\/AosProvince\",\"https:\/\/www.youtube.com\/channel\/UCWycprz8hQZSI54ZQpTZ5xw\"]}]}<\/script>\n<!-- \/ Yoast SEO plugin. -->","yoast_head_json":{"title":"Sierra Leone Projects - Salesians of Don Bosco, West Africa South Province (AOS PROVINCE)","robots":{"index":"index","follow":"follow","max-snippet":"max-snippet:-1","max-image-preview":"max-image-preview:large","max-video-preview":"max-video-preview:-1"},"canonical":"https:\/\/demo.sdbaos.org\/fr\/sierra-leone-projects\/","og_locale":"fr_FR","og_type":"article","og_title":"Sierra Leone Projects - Salesians of Don Bosco, West Africa South Province (AOS PROVINCE)","og_url":"https:\/\/demo.sdbaos.org\/fr\/sierra-leone-projects\/","og_site_name":"Salesians of Don Bosco, West Africa South Province (AOS PROVINCE)","article_publisher":"https:\/\/www.facebook.com\/sdbaos","article_modified_time":"2022-08-07T15:03:13+00:00","twitter_card":"summary_large_image","twitter_site":"@AosProvince","schema":{"@context":"https:\/\/schema.org","@graph":[{"@type":"WebPage","@id":"https:\/\/demo.sdbaos.org\/sierra-leone-projects\/","url":"https:\/\/demo.sdbaos.org\/sierra-leone-projects\/","name":"Sierra Leone Projects - Salesians of Don Bosco, West Africa South Province (AOS PROVINCE)","isPartOf":{"@id":"https:\/\/demo.sdbaos.org\/#website"},"datePublished":"2022-08-07T14:59:03+00:00","dateModified":"2022-08-07T15:03:13+00:00","breadcrumb":{"@id":"https:\/\/demo.sdbaos.org\/sierra-leone-projects\/#breadcrumb"},"inLanguage":"fr-FR","potentialAction":[{"@type":"ReadAction","target":["https:\/\/demo.sdbaos.org\/sierra-leone-projects\/"]}]},{"@type":"BreadcrumbList","@id":"https:\/\/demo.sdbaos.org\/sierra-leone-projects\/#breadcrumb","itemListElement":[{"@type":"ListItem","position":1,"name":"Home","item":"https:\/\/demo.sdbaos.org\/"},{"@type":"ListItem","position":2,"name":"Sierra Leone Projects"}]},{"@type":"WebSite","@id":"https:\/\/demo.sdbaos.org\/#website","url":"https:\/\/demo.sdbaos.org\/","name":"Salesians of Don Bosco, West Africa South Province (AOS PROVINCE)","description":"Salesians of Don Bosco, West Africa South Province (AOS PROVINCE)","publisher":{"@id":"https:\/\/demo.sdbaos.org\/#organization"},"potentialAction":[{"@type":"SearchAction","target":{"@type":"EntryPoint","urlTemplate":"https:\/\/demo.sdbaos.org\/?s={search_term_string}"},"query-input":{"@type":"PropertyValueSpecification","valueRequired":true,"valueName":"search_term_string"}}],"inLanguage":"fr-FR"},{"@type":"Organization","@id":"https:\/\/demo.sdbaos.org\/#organization","name":"Salesians of Don Bosco, West Africa South Province (AOS PROVINCE)","url":"https:\/\/demo.sdbaos.org\/","logo":{"@type":"ImageObject","inLanguage":"fr-FR","@id":"https:\/\/demo.sdbaos.org\/#\/schema\/logo\/image\/","url":"https:\/\/sdbaos.org\/wp-content\/uploads\/2022\/07\/Salesians_logo.png","contentUrl":"https:\/\/sdbaos.org\/wp-content\/uploads\/2022\/07\/Salesians_logo.png","width":512,"height":512,"caption":"Salesians of Don Bosco, West Africa South Province (AOS PROVINCE)"},"image":{"@id":"https:\/\/demo.sdbaos.org\/#\/schema\/logo\/image\/"},"sameAs":["https:\/\/www.facebook.com\/sdbaos","https:\/\/x.com\/AosProvince","https:\/\/www.youtube.com\/channel\/UCWycprz8hQZSI54ZQpTZ5xw"]}]}},"campaignId":"","jetpack_sharing_enabled":true,"_links":{"self":[{"href":"https:\/\/demo.sdbaos.org\/fr\/wp-json\/wp\/v2\/pages\/1907","targetHints":{"allow":["GET"]}}],"collection":[{"href":"https:\/\/demo.sdbaos.org\/fr\/wp-json\/wp\/v2\/pages"}],"about":[{"href":"https:\/\/demo.sdbaos.org\/fr\/wp-json\/wp\/v2\/types\/page"}],"author":[{"embeddable":true,"href":"https:\/\/demo.sdbaos.org\/fr\/wp-json\/wp\/v2\/users\/1"}],"replies":[{"embeddable":true,"href":"https:\/\/demo.sdbaos.org\/fr\/wp-json\/wp\/v2\/comments?post=1907"}],"version-history":[{"count":2,"href":"https:\/\/demo.sdbaos.org\/fr\/wp-json\/wp\/v2\/pages\/1907\/revisions"}],"predecessor-version":[{"id":1911,"href":"https:\/\/demo.sdbaos.org\/fr\/wp-json\/wp\/v2\/pages\/1907\/revisions\/1911"}],"wp:attachment":[{"href":"https:\/\/demo.sdbaos.org\/fr\/wp-json\/wp\/v2\/media?parent=1907"}],"curies":[{"name":"wp","href":"https:\/\/api.w.org\/{rel}","templated":true}]}}