{"id":1687,"date":"2022-08-05T17:01:02","date_gmt":"2022-08-05T17:01:02","guid":{"rendered":"https:\/\/sdbaos.org\/?page_id=1687"},"modified":"2022-08-28T16:50:00","modified_gmt":"2022-08-28T16:50:00","slug":"ivory-coast","status":"publish","type":"page","link":"https:\/\/demo.sdbaos.org\/fr\/ivory-coast\/","title":{"rendered":"C\u00f4te d&#039;Ivoire"},"content":{"rendered":"<div class=\"vc_row wpb_row vc_row-fluid\"><div class=\"wpb_column vc_column_container vc_col-sm-12\"><div class=\"vc_column-inner\"><div class=\"wpb_wrapper\"><div  class=\"swmsc_text_block\" style=\"text-size: 17px\"> <img loading=\"lazy\" decoding=\"async\" class=\"size-medium wp-image-1659 alignleft\" src=\"https:\/\/sdbaos.org\/wp-content\/uploads\/2022\/07\/IMG_9963321-300x201.jpg\" alt=\"\" width=\"300\" height=\"201\" srcset=\"https:\/\/demo.sdbaos.org\/wp-content\/uploads\/2022\/07\/IMG_9963321-300x201.jpg 300w, https:\/\/demo.sdbaos.org\/wp-content\/uploads\/2022\/07\/IMG_9963321-600x402.jpg 600w, https:\/\/demo.sdbaos.org\/wp-content\/uploads\/2022\/07\/IMG_9963321-1024x686.jpg 1024w, https:\/\/demo.sdbaos.org\/wp-content\/uploads\/2022\/07\/IMG_9963321-768x515.jpg 768w, https:\/\/demo.sdbaos.org\/wp-content\/uploads\/2022\/07\/IMG_9963321-1536x1030.jpg 1536w, https:\/\/demo.sdbaos.org\/wp-content\/uploads\/2022\/07\/IMG_9963321-18x12.jpg 18w, https:\/\/demo.sdbaos.org\/wp-content\/uploads\/2022\/07\/IMG_9963321.jpg 1844w\" sizes=\"auto, (max-width: 300px) 100vw, 300px\" \/><\/p>\n<p style=\"font-weight: 400;\">Dans le cadre du projet Afrique lanc\u00e9 au d\u00e9but des ann\u00e9es 1980, les Sal\u00e9siens de Don Bosco de la Province de Barcelone arrivent en C\u00f4te d&#039;Ivoire, pr\u00e9cis\u00e9ment \u00e0 Du\u00e9kou\u00e9 (ville situ\u00e9e \u00e0 l&#039;Ouest du pays). Les premiers Sal\u00e9siens arriv\u00e9s sur demande de l&#039;\u00e9v\u00eaque de Man d&#039;alors, Mgr Bernard Agr\u00e9, fond\u00e8rent la premi\u00e8re communaut\u00e9 sal\u00e9sienne de la C\u00f4te d&#039;Ivoire en 1981 dans la mission catholique fond\u00e9e en 1940 par les SMA. Les sal\u00e9siens animent l&#039;unique paroisse de la ville et ont d\u00e9velopp\u00e9 d&#039;autres activit\u00e9s typiques de notre charisme : <strong>le Centre de formation professionnelle, l&#039;Oratorio et le Foyer<\/strong>. Les formations offertes aux jeunes pauvres de la ville et des environs sont : la <strong>m\u00e9canique g\u00e9n\u00e9rale<\/strong> et <strong>\u00e9lectricit\u00e9<\/strong>.<\/p>\n<p style=\"font-weight: 400;\">La deuxi\u00e8me pr\u00e9sence sal\u00e9sienne dans le pays se situe \u00e0 Korhogo. Les Sal\u00e9siens sont arriv\u00e9s en 1982 sur demande de Mgr Auguste Nobou, \u00e9v\u00eaque d&#039;alors de Korhogo. Les P\u00e8res Luis Maria Oliveras et Juan Ochogavia, et le diacre Orlando GONZALEZ, ont int\u00e9gr\u00e9 le premier envoi de missionnaires \u00e0 Korhogo. Quelques temps apr\u00e8s, Fran\u00e7ois BALAUDER, Manel PUYOL, Vincent FERRI et Rafael SABE ont assur\u00e9 la rel\u00e8ve. A Korhogo, les Sal\u00e9siens animent la <strong>paroisse saint jean bosco<\/strong> et ont ouvert le <strong>Coll\u00e8ge Don Bosco (enseignement g\u00e9n\u00e9ral)<\/strong>, un coll\u00e8ge d&#039;excellence qui a form\u00e9 des milliers d&#039;\u00e9l\u00e8ves et <strong>deux internats pour gar\u00e7ons et filles<\/strong>.<\/p>\n<p style=\"font-weight: 400;\">La communaut\u00e9 sal\u00e9sienne d&#039;Abidjan est la benjamine des pr\u00e9sences sal\u00e9siennes en C\u00f4te d&#039;Ivoire. Quelques ann\u00e9es apr\u00e8s l&#039;installation des sal\u00e9siens \u00e0 Du\u00e9kou\u00e9 et \u00e0 Korhogo, en 1990, Mgr Joseph Akichi a offert la possibilit\u00e9 aux Sal\u00e9siens de travailler dans son dioc\u00e8se de Grand Bassam, dans le quartier populaire de Koumassi, avec un grand pourcentage d&#039;\u00e9migrants venant de la sous-r\u00e9gion, et avec une forte majorit\u00e9 de jeunes. La premi\u00e8re communaut\u00e9 fut fond\u00e9e par les P\u00e8res Luis Maria Oliveras et Fran\u00e7ois Balauder, arriv\u00e9s de Korhogo, et le P\u00e8re Enrique Franco venant de Barcelone. En plus de la <strong>paroisse saint fran\u00e7ois d&#039;assise<\/strong> qu&#039;elle anime, la communaut\u00e9 sal\u00e9sienne a ouvert un <strong>Centre des Jeunes (Village Don Bosco)<\/strong> et le <strong>Foyer des enfants en situation difficile<\/strong> manifestant ainsi une option claire pour l&#039;\u00e9vang\u00e9lisation et la jeunesse.<\/p>\n<\/div><\/div><\/div><\/div><\/div>","protected":false},"excerpt":{"rendered":"Dans le cadre du projet Afrique lanc\u00e9 au d\u00e9but des ann\u00e9es 1980, les Sal\u00e9siens de Don Bosco de la Province de Barcelone arrivent en C\u00f4te d\u2019Ivoire, pr\u00e9cis\u00e9ment \u00e0 Du\u00e9kou\u00e9 (ville situ\u00e9e \u00e0 l\u2019Ouest du pays). Les premiers Sal\u00e9siens arriv\u00e9s sur demande de l\u2019\u00e9v\u00eaque de Man d\u2019alors, Mgr Bernard Agr\u00e9, fond\u00e8rent [...]","protected":false},"author":1,"featured_media":0,"parent":0,"menu_order":0,"comment_status":"closed","ping_status":"closed","template":"","meta":{"give_campaign_id":0,"om_disable_all_campaigns":false,"footnotes":""},"class_list":["post-1687","page","type-page","status-publish","hentry"],"yoast_head":"<!-- This site is optimized with the Yoast SEO plugin v26.9 - https:\/\/yoast.com\/product\/yoast-seo-wordpress\/ -->\n<title>Ivory Coast - Salesians of Don Bosco, West Africa South Province (AOS PROVINCE)<\/title>\n<meta name=\"robots\" content=\"index, follow, max-snippet:-1, max-image-preview:large, max-video-preview:-1\" \/>\n<link rel=\"canonical\" href=\"https:\/\/demo.sdbaos.org\/fr\/ivory-coast\/\" \/>\n<meta property=\"og:locale\" content=\"fr_FR\" \/>\n<meta property=\"og:type\" content=\"article\" \/>\n<meta property=\"og:title\" content=\"Ivory Coast - Salesians of Don Bosco, West Africa South Province (AOS PROVINCE)\" \/>\n<meta property=\"og:url\" content=\"https:\/\/demo.sdbaos.org\/fr\/ivory-coast\/\" \/>\n<meta property=\"og:site_name\" content=\"Salesians of Don Bosco, West Africa South Province (AOS PROVINCE)\" \/>\n<meta property=\"article:publisher\" content=\"https:\/\/www.facebook.com\/sdbaos\" \/>\n<meta property=\"article:modified_time\" content=\"2022-08-28T16:50:00+00:00\" \/>\n<meta property=\"og:image\" content=\"https:\/\/sdbaos.org\/wp-content\/uploads\/2022\/08\/Abidjan-1-300x200.jpg\" \/>\n<meta name=\"twitter:card\" content=\"summary_large_image\" \/>\n<meta name=\"twitter:site\" content=\"@AosProvince\" \/>\n<meta name=\"twitter:label1\" content=\"Dur\u00e9e de lecture estim\u00e9e\" \/>\n\t<meta name=\"twitter:data1\" content=\"4 minutes\" \/>\n<script type=\"application\/ld+json\" class=\"yoast-schema-graph\">{\"@context\":\"https:\/\/schema.org\",\"@graph\":[{\"@type\":\"WebPage\",\"@id\":\"https:\/\/demo.sdbaos.org\/ivory-coast\/\",\"url\":\"https:\/\/demo.sdbaos.org\/ivory-coast\/\",\"name\":\"Ivory Coast - Salesians of Don Bosco, West Africa South Province (AOS PROVINCE)\",\"isPartOf\":{\"@id\":\"https:\/\/demo.sdbaos.org\/#website\"},\"primaryImageOfPage\":{\"@id\":\"https:\/\/demo.sdbaos.org\/ivory-coast\/#primaryimage\"},\"image\":{\"@id\":\"https:\/\/demo.sdbaos.org\/ivory-coast\/#primaryimage\"},\"thumbnailUrl\":\"https:\/\/sdbaos.org\/wp-content\/uploads\/2022\/08\/Abidjan-1-300x200.jpg\",\"datePublished\":\"2022-08-05T17:01:02+00:00\",\"dateModified\":\"2022-08-28T16:50:00+00:00\",\"breadcrumb\":{\"@id\":\"https:\/\/demo.sdbaos.org\/ivory-coast\/#breadcrumb\"},\"inLanguage\":\"fr-FR\",\"potentialAction\":[{\"@type\":\"ReadAction\",\"target\":[\"https:\/\/demo.sdbaos.org\/ivory-coast\/\"]}]},{\"@type\":\"ImageObject\",\"inLanguage\":\"fr-FR\",\"@id\":\"https:\/\/demo.sdbaos.org\/ivory-coast\/#primaryimage\",\"url\":\"https:\/\/sdbaos.org\/wp-content\/uploads\/2022\/08\/Abidjan-1-300x200.jpg\",\"contentUrl\":\"https:\/\/sdbaos.org\/wp-content\/uploads\/2022\/08\/Abidjan-1-300x200.jpg\"},{\"@type\":\"BreadcrumbList\",\"@id\":\"https:\/\/demo.sdbaos.org\/ivory-coast\/#breadcrumb\",\"itemListElement\":[{\"@type\":\"ListItem\",\"position\":1,\"name\":\"Home\",\"item\":\"https:\/\/demo.sdbaos.org\/\"},{\"@type\":\"ListItem\",\"position\":2,\"name\":\"Ivory Coast\"}]},{\"@type\":\"WebSite\",\"@id\":\"https:\/\/demo.sdbaos.org\/#website\",\"url\":\"https:\/\/demo.sdbaos.org\/\",\"name\":\"Salesians of Don Bosco, West Africa South Province (AOS PROVINCE)\",\"description\":\"Salesians of Don Bosco, West Africa South Province (AOS PROVINCE)\",\"publisher\":{\"@id\":\"https:\/\/demo.sdbaos.org\/#organization\"},\"potentialAction\":[{\"@type\":\"SearchAction\",\"target\":{\"@type\":\"EntryPoint\",\"urlTemplate\":\"https:\/\/demo.sdbaos.org\/?s={search_term_string}\"},\"query-input\":{\"@type\":\"PropertyValueSpecification\",\"valueRequired\":true,\"valueName\":\"search_term_string\"}}],\"inLanguage\":\"fr-FR\"},{\"@type\":\"Organization\",\"@id\":\"https:\/\/demo.sdbaos.org\/#organization\",\"name\":\"Salesians of Don Bosco, West Africa South Province (AOS PROVINCE)\",\"url\":\"https:\/\/demo.sdbaos.org\/\",\"logo\":{\"@type\":\"ImageObject\",\"inLanguage\":\"fr-FR\",\"@id\":\"https:\/\/demo.sdbaos.org\/#\/schema\/logo\/image\/\",\"url\":\"https:\/\/sdbaos.org\/wp-content\/uploads\/2022\/07\/Salesians_logo.png\",\"contentUrl\":\"https:\/\/sdbaos.org\/wp-content\/uploads\/2022\/07\/Salesians_logo.png\",\"width\":512,\"height\":512,\"caption\":\"Salesians of Don Bosco, West Africa South Province (AOS PROVINCE)\"},\"image\":{\"@id\":\"https:\/\/demo.sdbaos.org\/#\/schema\/logo\/image\/\"},\"sameAs\":[\"https:\/\/www.facebook.com\/sdbaos\",\"https:\/\/x.com\/AosProvince\",\"https:\/\/www.youtube.com\/channel\/UCWycprz8hQZSI54ZQpTZ5xw\"]}]}<\/script>\n<!-- \/ Yoast SEO plugin. -->","yoast_head_json":{"title":"Ivory Coast - Salesians of Don Bosco, West Africa South Province (AOS PROVINCE)","robots":{"index":"index","follow":"follow","max-snippet":"max-snippet:-1","max-image-preview":"max-image-preview:large","max-video-preview":"max-video-preview:-1"},"canonical":"https:\/\/demo.sdbaos.org\/fr\/ivory-coast\/","og_locale":"fr_FR","og_type":"article","og_title":"Ivory Coast - Salesians of Don Bosco, West Africa South Province (AOS PROVINCE)","og_url":"https:\/\/demo.sdbaos.org\/fr\/ivory-coast\/","og_site_name":"Salesians of Don Bosco, West Africa South Province (AOS PROVINCE)","article_publisher":"https:\/\/www.facebook.com\/sdbaos","article_modified_time":"2022-08-28T16:50:00+00:00","og_image":[{"url":"https:\/\/sdbaos.org\/wp-content\/uploads\/2022\/08\/Abidjan-1-300x200.jpg","type":"","width":"","height":""}],"twitter_card":"summary_large_image","twitter_site":"@AosProvince","twitter_misc":{"Dur\u00e9e de lecture estim\u00e9e":"4 minutes"},"schema":{"@context":"https:\/\/schema.org","@graph":[{"@type":"WebPage","@id":"https:\/\/demo.sdbaos.org\/ivory-coast\/","url":"https:\/\/demo.sdbaos.org\/ivory-coast\/","name":"Ivory Coast - Salesians of Don Bosco, West Africa South Province (AOS PROVINCE)","isPartOf":{"@id":"https:\/\/demo.sdbaos.org\/#website"},"primaryImageOfPage":{"@id":"https:\/\/demo.sdbaos.org\/ivory-coast\/#primaryimage"},"image":{"@id":"https:\/\/demo.sdbaos.org\/ivory-coast\/#primaryimage"},"thumbnailUrl":"https:\/\/sdbaos.org\/wp-content\/uploads\/2022\/08\/Abidjan-1-300x200.jpg","datePublished":"2022-08-05T17:01:02+00:00","dateModified":"2022-08-28T16:50:00+00:00","breadcrumb":{"@id":"https:\/\/demo.sdbaos.org\/ivory-coast\/#breadcrumb"},"inLanguage":"fr-FR","potentialAction":[{"@type":"ReadAction","target":["https:\/\/demo.sdbaos.org\/ivory-coast\/"]}]},{"@type":"ImageObject","inLanguage":"fr-FR","@id":"https:\/\/demo.sdbaos.org\/ivory-coast\/#primaryimage","url":"https:\/\/sdbaos.org\/wp-content\/uploads\/2022\/08\/Abidjan-1-300x200.jpg","contentUrl":"https:\/\/sdbaos.org\/wp-content\/uploads\/2022\/08\/Abidjan-1-300x200.jpg"},{"@type":"BreadcrumbList","@id":"https:\/\/demo.sdbaos.org\/ivory-coast\/#breadcrumb","itemListElement":[{"@type":"ListItem","position":1,"name":"Home","item":"https:\/\/demo.sdbaos.org\/"},{"@type":"ListItem","position":2,"name":"Ivory Coast"}]},{"@type":"WebSite","@id":"https:\/\/demo.sdbaos.org\/#website","url":"https:\/\/demo.sdbaos.org\/","name":"Salesians of Don Bosco, West Africa South Province (AOS PROVINCE)","description":"Salesians of Don Bosco, West Africa South Province (AOS PROVINCE)","publisher":{"@id":"https:\/\/demo.sdbaos.org\/#organization"},"potentialAction":[{"@type":"SearchAction","target":{"@type":"EntryPoint","urlTemplate":"https:\/\/demo.sdbaos.org\/?s={search_term_string}"},"query-input":{"@type":"PropertyValueSpecification","valueRequired":true,"valueName":"search_term_string"}}],"inLanguage":"fr-FR"},{"@type":"Organization","@id":"https:\/\/demo.sdbaos.org\/#organization","name":"Salesians of Don Bosco, West Africa South Province (AOS PROVINCE)","url":"https:\/\/demo.sdbaos.org\/","logo":{"@type":"ImageObject","inLanguage":"fr-FR","@id":"https:\/\/demo.sdbaos.org\/#\/schema\/logo\/image\/","url":"https:\/\/sdbaos.org\/wp-content\/uploads\/2022\/07\/Salesians_logo.png","contentUrl":"https:\/\/sdbaos.org\/wp-content\/uploads\/2022\/07\/Salesians_logo.png","width":512,"height":512,"caption":"Salesians of Don Bosco, West Africa South Province (AOS PROVINCE)"},"image":{"@id":"https:\/\/demo.sdbaos.org\/#\/schema\/logo\/image\/"},"sameAs":["https:\/\/www.facebook.com\/sdbaos","https:\/\/x.com\/AosProvince","https:\/\/www.youtube.com\/channel\/UCWycprz8hQZSI54ZQpTZ5xw"]}]}},"campaignId":"","jetpack_sharing_enabled":true,"_links":{"self":[{"href":"https:\/\/demo.sdbaos.org\/fr\/wp-json\/wp\/v2\/pages\/1687","targetHints":{"allow":["GET"]}}],"collection":[{"href":"https:\/\/demo.sdbaos.org\/fr\/wp-json\/wp\/v2\/pages"}],"about":[{"href":"https:\/\/demo.sdbaos.org\/fr\/wp-json\/wp\/v2\/types\/page"}],"author":[{"embeddable":true,"href":"https:\/\/demo.sdbaos.org\/fr\/wp-json\/wp\/v2\/users\/1"}],"replies":[{"embeddable":true,"href":"https:\/\/demo.sdbaos.org\/fr\/wp-json\/wp\/v2\/comments?post=1687"}],"version-history":[{"count":5,"href":"https:\/\/demo.sdbaos.org\/fr\/wp-json\/wp\/v2\/pages\/1687\/revisions"}],"predecessor-version":[{"id":2250,"href":"https:\/\/demo.sdbaos.org\/fr\/wp-json\/wp\/v2\/pages\/1687\/revisions\/2250"}],"wp:attachment":[{"href":"https:\/\/demo.sdbaos.org\/fr\/wp-json\/wp\/v2\/media?parent=1687"}],"curies":[{"name":"wp","href":"https:\/\/api.w.org\/{rel}","templated":true}]}}