{"id":1682,"date":"2022-08-05T16:57:18","date_gmt":"2022-08-05T16:57:18","guid":{"rendered":"https:\/\/sdbaos.org\/?page_id=1682"},"modified":"2022-08-18T17:19:54","modified_gmt":"2022-08-18T17:19:54","slug":"liberia","status":"publish","type":"page","link":"https:\/\/demo.sdbaos.org\/fr\/liberia\/","title":{"rendered":"Lib\u00e9ria"},"content":{"rendered":"<div class=\"vc_row wpb_row vc_row-fluid\"><div class=\"wpb_column vc_column_container vc_col-sm-12\"><div class=\"vc_column-inner\"><div class=\"wpb_wrapper\"><div  class=\"swmsc_text_block\" style=\"text-size: 17px\"> <img loading=\"lazy\" decoding=\"async\" class=\"wp-image-2124 size-medium alignleft\" src=\"https:\/\/sdbaos.org\/wp-content\/uploads\/2022\/08\/1.Adopt-it-as-1st-photo-for-OUR-PRESENCE-Liberia-300x225.jpg\" alt=\"\" width=\"300\" height=\"225\" srcset=\"https:\/\/demo.sdbaos.org\/wp-content\/uploads\/2022\/08\/1.Adopt-it-as-1st-photo-for-OUR-PRESENCE-Liberia-300x225.jpg 300w, https:\/\/demo.sdbaos.org\/wp-content\/uploads\/2022\/08\/1.Adopt-it-as-1st-photo-for-OUR-PRESENCE-Liberia-600x450.jpg 600w, https:\/\/demo.sdbaos.org\/wp-content\/uploads\/2022\/08\/1.Adopt-it-as-1st-photo-for-OUR-PRESENCE-Liberia-768x576.jpg 768w, https:\/\/demo.sdbaos.org\/wp-content\/uploads\/2022\/08\/1.Adopt-it-as-1st-photo-for-OUR-PRESENCE-Liberia-16x12.jpg 16w, https:\/\/demo.sdbaos.org\/wp-content\/uploads\/2022\/08\/1.Adopt-it-as-1st-photo-for-OUR-PRESENCE-Liberia.jpg 1024w\" sizes=\"auto, (max-width: 300px) 100vw, 300px\" \/><\/p>\n<p>EN 1979, les Sal\u00e9siens arrivent au Lib\u00e9ria pour discerner la possibilit\u00e9 d&#039;ouvrir la mission de Monrovia demand\u00e9e par l&#039;\u00e9v\u00eaque de Monrovia. En ao\u00fbt 1979, un Sal\u00e9sien maltais, le <strong><em>P\u00e8re Antoine Caruana<\/em><\/strong>, est devenu cur\u00e9 de la paroisse de St Joseph et s&#039;est install\u00e9 avec le <strong><em>Fr\u00e8re Paul Da Cort\u00e9<\/em><\/strong>, lieu des \u00c9tats-Unis. Au cours de cette m\u00eame ann\u00e9e, un autre Sal\u00e9sien, <strong><em>Guillaume Regner<\/em><\/strong>, rejoint le <strong><em>Fr\u00e8re Paul Da Cort\u00e9<\/em><\/strong> dans son travail \u00e0 l&#039;Institut Technique Arthur Barclay (ABTI), tout en s&#039;occupant \u00e9galement de la jeunesse de la Paroisse St Joseph.<\/p>\n<p>L&#039;ABTI avait \u00e9t\u00e9 g\u00e9r\u00e9e par une ONG irlandaise, appel\u00e9e AFSO, et des sal\u00e9siens y ont travaill\u00e9 jusqu&#039;en 1988, date \u00e0 laquelle il a \u00e9t\u00e9 l\u00e9galement remis aux Sal\u00e9siens sous le nom de Don Bosco Polytechnic. \u00c0 partir de 1980, le <strong><em>P\u00e8re Joe Brown<\/em><\/strong> (de la Grande Bretagne) a \u00e9t\u00e9 le directeur de l&#039;ABTI et a continu\u00e9 \u00e0 assumer cette fonction au sein de Don Bosco Polytechnic jusqu&#039;en 2001.<\/p>\n<p>Les <strong><em>Fr\u00e8res Paul Da Corte et Donald MacDonald<\/em><\/strong> ont commenc\u00e9 la construction d&#039;une r\u00e9sidence de la communaut\u00e9 sal\u00e9sienne au d\u00e9but de 1981 dans la 8<sup>\u00e8me<\/sup> Rue, Sinkor, Monrovia. Le <strong><em>P\u00e8re Austin Malloy<\/em><\/strong> est alors devenu le directeur de la communaut\u00e9 sal\u00e9sienne en pleine croissance. Lorsqu&#039;une nouvelle communaut\u00e9 sal\u00e9sienne \u00e0 l&#039;int\u00e9rieur du pays a \u00e9t\u00e9 pr\u00e9vue, le <strong><em>P\u00e8re John Thompson<\/em><\/strong> a quitt\u00e9 la paroisse de St Joseph et, avec le <strong><em>P\u00e8re Hans Schwirzl<\/em><\/strong> (de GEK) et le <strong><em>Fr\u00e8re Pat Logan<\/em><\/strong> (des \u00c9tats-Unis), il a repris la paroisse des SMA et a d\u00e9velopp\u00e9 d&#039;autres \u0153uvres \u00e0 Tappita, \u00e0 400 km de Monrovia. Aujourd&#039;hui, l&#039;\u00e9cole polytechnique Don Bosco, les foyers Don Bosco, le centre de jeunes Don Bosco, le lyc\u00e9e technique Don Bosco, l&#039;\u00e9cole \u00e9l\u00e9mentaire Marie Auxiliatrice et les paroisses des Saints Innocents et de St Joseph en sont la preuve.<\/div><div   >\n\t\t\t\t\t\t<div class=\"swmsc_image_gallery swmsc_gal4\" data-grid=\"masonry\" style=\"margin-right:-20px;\">\n\t\t\t\t\t\t\t\n        \t\t\t\t<div class=\"swmsc_image_gallery_item\">\n        \t\t\t\t\t<div style=\"padding-right:20px; padding-bottom:20px;\">\n\t        \t\t\t\t\t<a href=\"https:\/\/demo.sdbaos.org\/wp-content\/uploads\/2022\/08\/2.Training-Local-Production-of-Masks-Hand-Sanitizers.jpg\" class=\"swmsc_popup_gallery\" style=\"border-radius:5px;\" title=\"2.Formation-Production locale de masques et de d\u00e9sinfectants pour les mains\">\n\t\t        \t\t\t\t\t\t<img decoding=\"async\" style=\"border-width:0px;border-color:#e6e6e6; border-radius:5px;\" src=\"https:\/\/demo.sdbaos.org\/wp-content\/uploads\/2022\/08\/2.Training-Local-Production-of-Masks-Hand-Sanitizers.jpg\" alt=\"\" \/>\n\t\t        \t\t\t\t\t\t<span><i class=\"fa fa-search\" style=\"background-color:#f8b54e;color:#ffffff;\"><\/i><\/span>\n\t\t        \t\t\t\t\t<\/a>\n\t        \t\t\t\t\t\n\t        \t\t\t\t<\/div>\n        \t\t\t\t<\/div>\n        \t\t\t\t<div class=\"swmsc_image_gallery_item\">\n        \t\t\t\t\t<div style=\"padding-right:20px; padding-bottom:20px;\">\n\t        \t\t\t\t\t<a href=\"https:\/\/demo.sdbaos.org\/wp-content\/uploads\/2022\/08\/Electricity-1-1.jpg\" class=\"swmsc_popup_gallery\" style=\"border-radius:5px;\" title=\"\u00c9lectricit\u00e9 1\">\n\t\t        \t\t\t\t\t\t<img decoding=\"async\" style=\"border-width:0px;border-color:#e6e6e6; border-radius:5px;\" src=\"https:\/\/demo.sdbaos.org\/wp-content\/uploads\/2022\/08\/Electricity-1-1.jpg\" alt=\"\" \/>\n\t\t        \t\t\t\t\t\t<span><i class=\"fa fa-search\" style=\"background-color:#f8b54e;color:#ffffff;\"><\/i><\/span>\n\t\t        \t\t\t\t\t<\/a>\n\t        \t\t\t\t\t\n\t        \t\t\t\t<\/div>\n        \t\t\t\t<\/div>\n        \t\t\t\t<div class=\"swmsc_image_gallery_item\">\n        \t\t\t\t\t<div style=\"padding-right:20px; padding-bottom:20px;\">\n\t        \t\t\t\t\t<a href=\"https:\/\/demo.sdbaos.org\/wp-content\/uploads\/2022\/08\/IMG_3005-1.jpg\" class=\"swmsc_popup_gallery\" style=\"border-radius:5px;\" title=\"IMG_3005\">\n\t\t        \t\t\t\t\t\t<img decoding=\"async\" style=\"border-width:0px;border-color:#e6e6e6; border-radius:5px;\" src=\"https:\/\/demo.sdbaos.org\/wp-content\/uploads\/2022\/08\/IMG_3005-1.jpg\" alt=\"\" \/>\n\t\t        \t\t\t\t\t\t<span><i class=\"fa fa-search\" style=\"background-color:#f8b54e;color:#ffffff;\"><\/i><\/span>\n\t\t        \t\t\t\t\t<\/a>\n\t        \t\t\t\t\t\n\t        \t\t\t\t<\/div>\n        \t\t\t\t<\/div>\n        \t\t\t\t<div class=\"swmsc_image_gallery_item\">\n        \t\t\t\t\t<div style=\"padding-right:20px; padding-bottom:20px;\">\n\t        \t\t\t\t\t<a href=\"https:\/\/demo.sdbaos.org\/wp-content\/uploads\/2022\/08\/IMG_3014-1.jpg\" class=\"swmsc_popup_gallery\" style=\"border-radius:5px;\" title=\"IMG_3014\">\n\t\t        \t\t\t\t\t\t<img decoding=\"async\" style=\"border-width:0px;border-color:#e6e6e6; border-radius:5px;\" src=\"https:\/\/demo.sdbaos.org\/wp-content\/uploads\/2022\/08\/IMG_3014-1.jpg\" alt=\"\" \/>\n\t\t        \t\t\t\t\t\t<span><i class=\"fa fa-search\" style=\"background-color:#f8b54e;color:#ffffff;\"><\/i><\/span>\n\t\t        \t\t\t\t\t<\/a>\n\t        \t\t\t\t\t\n\t        \t\t\t\t<\/div>\n        \t\t\t\t<\/div>\n        \t\t\t\t<div class=\"swmsc_image_gallery_item\">\n        \t\t\t\t\t<div style=\"padding-right:20px; padding-bottom:20px;\">\n\t        \t\t\t\t\t<a href=\"https:\/\/demo.sdbaos.org\/wp-content\/uploads\/2022\/08\/IMG_9887.jpg\" class=\"swmsc_popup_gallery\" style=\"border-radius:5px;\" title=\"IMG_9887\">\n\t\t        \t\t\t\t\t\t<img decoding=\"async\" style=\"border-width:0px;border-color:#e6e6e6; border-radius:5px;\" src=\"https:\/\/demo.sdbaos.org\/wp-content\/uploads\/2022\/08\/IMG_9887.jpg\" alt=\"\" \/>\n\t\t        \t\t\t\t\t\t<span><i class=\"fa fa-search\" style=\"background-color:#f8b54e;color:#ffffff;\"><\/i><\/span>\n\t\t        \t\t\t\t\t<\/a>\n\t        \t\t\t\t\t\n\t        \t\t\t\t<\/div>\n        \t\t\t\t<\/div>\n        \t\t\t\t<div class=\"swmsc_image_gallery_item\">\n        \t\t\t\t\t<div style=\"padding-right:20px; padding-bottom:20px;\">\n\t        \t\t\t\t\t<a href=\"https:\/\/demo.sdbaos.org\/wp-content\/uploads\/2022\/08\/IMG_9892.jpg\" class=\"swmsc_popup_gallery\" style=\"border-radius:5px;\" title=\"IMG_9892\">\n\t\t        \t\t\t\t\t\t<img decoding=\"async\" style=\"border-width:0px;border-color:#e6e6e6; border-radius:5px;\" src=\"https:\/\/demo.sdbaos.org\/wp-content\/uploads\/2022\/08\/IMG_9892.jpg\" alt=\"\" \/>\n\t\t        \t\t\t\t\t\t<span><i class=\"fa fa-search\" style=\"background-color:#f8b54e;color:#ffffff;\"><\/i><\/span>\n\t\t        \t\t\t\t\t<\/a>\n\t        \t\t\t\t\t\n\t        \t\t\t\t<\/div>\n        \t\t\t\t<\/div>\n        \t\t\t\t<div class=\"swmsc_image_gallery_item\">\n        \t\t\t\t\t<div style=\"padding-right:20px; padding-bottom:20px;\">\n\t        \t\t\t\t\t<a href=\"https:\/\/demo.sdbaos.org\/wp-content\/uploads\/2022\/08\/Training-Local-Production-of-Masks-Hand-Sanitizers.jpg\" class=\"swmsc_popup_gallery\" style=\"border-radius:5px;\" title=\"Formation-Production locale de masques et d\u00e9sinfectants pour les mains\">\n\t\t        \t\t\t\t\t\t<img decoding=\"async\" style=\"border-width:0px;border-color:#e6e6e6; border-radius:5px;\" src=\"https:\/\/demo.sdbaos.org\/wp-content\/uploads\/2022\/08\/Training-Local-Production-of-Masks-Hand-Sanitizers.jpg\" alt=\"\" \/>\n\t\t        \t\t\t\t\t\t<span><i class=\"fa fa-search\" style=\"background-color:#f8b54e;color:#ffffff;\"><\/i><\/span>\n\t\t        \t\t\t\t\t<\/a>\n\t        \t\t\t\t\t\n\t        \t\t\t\t<\/div>\n        \t\t\t\t<\/div>\n        \t\t\t\t<div class=\"swmsc_image_gallery_item\">\n        \t\t\t\t\t<div style=\"padding-right:20px; padding-bottom:20px;\">\n\t        \t\t\t\t\t<a href=\"https:\/\/demo.sdbaos.org\/wp-content\/uploads\/2022\/08\/1.Distribution-of-COVID-19-Relief-items.jpg\" class=\"swmsc_popup_gallery\" style=\"border-radius:5px;\" title=\"1. Distribution d&#039;articles de secours COVID-19\">\n\t\t        \t\t\t\t\t\t<img decoding=\"async\" style=\"border-width:0px;border-color:#e6e6e6; border-radius:5px;\" src=\"https:\/\/demo.sdbaos.org\/wp-content\/uploads\/2022\/08\/1.Distribution-of-COVID-19-Relief-items.jpg\" alt=\"\" \/>\n\t\t        \t\t\t\t\t\t<span><i class=\"fa fa-search\" style=\"background-color:#f8b54e;color:#ffffff;\"><\/i><\/span>\n\t\t        \t\t\t\t\t<\/a>\n\t        \t\t\t\t\t\n\t        \t\t\t\t<\/div>\n        \t\t\t\t<\/div>\n        \t\t\t\t<div class=\"swmsc_image_gallery_item\">\n        \t\t\t\t\t<div style=\"padding-right:20px; padding-bottom:20px;\">\n\t        \t\t\t\t\t<a href=\"https:\/\/demo.sdbaos.org\/wp-content\/uploads\/2022\/08\/IMG_0554.jpg\" class=\"swmsc_popup_gallery\" style=\"border-radius:5px;\" title=\"IMG_0554\">\n\t\t        \t\t\t\t\t\t<img decoding=\"async\" style=\"border-width:0px;border-color:#e6e6e6; border-radius:5px;\" src=\"https:\/\/demo.sdbaos.org\/wp-content\/uploads\/2022\/08\/IMG_0554.jpg\" alt=\"\" \/>\n\t\t        \t\t\t\t\t\t<span><i class=\"fa fa-search\" style=\"background-color:#f8b54e;color:#ffffff;\"><\/i><\/span>\n\t\t        \t\t\t\t\t<\/a>\n\t        \t\t\t\t\t\n\t        \t\t\t\t<\/div>\n        \t\t\t\t<\/div>\n        \t\t\t\t<div class=\"swmsc_image_gallery_item\">\n        \t\t\t\t\t<div style=\"padding-right:20px; padding-bottom:20px;\">\n\t        \t\t\t\t\t<a href=\"https:\/\/demo.sdbaos.org\/wp-content\/uploads\/2022\/08\/IMG_0611.jpg\" class=\"swmsc_popup_gallery\" style=\"border-radius:5px;\" title=\"IMG_0611\">\n\t\t        \t\t\t\t\t\t<img decoding=\"async\" style=\"border-width:0px;border-color:#e6e6e6; border-radius:5px;\" src=\"https:\/\/demo.sdbaos.org\/wp-content\/uploads\/2022\/08\/IMG_0611.jpg\" alt=\"\" \/>\n\t\t        \t\t\t\t\t\t<span><i class=\"fa fa-search\" style=\"background-color:#f8b54e;color:#ffffff;\"><\/i><\/span>\n\t\t        \t\t\t\t\t<\/a>\n\t        \t\t\t\t\t\n\t        \t\t\t\t<\/div>\n        \t\t\t\t<\/div>\n        \t\t\t\t<div class=\"swmsc_image_gallery_item\">\n        \t\t\t\t\t<div style=\"padding-right:20px; padding-bottom:20px;\">\n\t        \t\t\t\t\t<a href=\"https:\/\/demo.sdbaos.org\/wp-content\/uploads\/2022\/08\/IMG_6810-2020_10_05-09_21_44-UTC.jpg\" class=\"swmsc_popup_gallery\" style=\"border-radius:5px;\" title=\"IMG_6810 (2020_10_05 09_21_44 UTC)\">\n\t\t        \t\t\t\t\t\t<img decoding=\"async\" style=\"border-width:0px;border-color:#e6e6e6; border-radius:5px;\" src=\"https:\/\/demo.sdbaos.org\/wp-content\/uploads\/2022\/08\/IMG_6810-2020_10_05-09_21_44-UTC.jpg\" alt=\"\" \/>\n\t\t        \t\t\t\t\t\t<span><i class=\"fa fa-search\" style=\"background-color:#f8b54e;color:#ffffff;\"><\/i><\/span>\n\t\t        \t\t\t\t\t<\/a>\n\t        \t\t\t\t\t\n\t        \t\t\t\t<\/div>\n        \t\t\t\t<\/div>\n\t\t\t\t\t\t<\/div>\n\t\t\t\t\t<\/div><\/div><\/div><\/div><\/div>","protected":false},"excerpt":{"rendered":"EN 1979, les Sal\u00e9siens arrivent au Liberia pour discerner la possibilit\u00e9 d\u2019ouvrir la mission de Monrovia demand\u00e9e par l\u2019\u00e9v\u00eaque de Monrovia. En ao\u00fbt 1979, un Sal\u00e9sien maltais, le P\u00e8re Anthony Caruana, est devenu cur\u00e9 de la paroisse de St Joseph et s\u2019est install\u00e9 avec le Fr\u00e8re Paul Da Corte, venu [...]","protected":false},"author":1,"featured_media":0,"parent":0,"menu_order":0,"comment_status":"closed","ping_status":"closed","template":"","meta":{"give_campaign_id":0,"om_disable_all_campaigns":false,"footnotes":""},"class_list":["post-1682","page","type-page","status-publish","hentry"],"yoast_head":"<!-- This site is optimized with the Yoast SEO plugin v26.9 - https:\/\/yoast.com\/product\/yoast-seo-wordpress\/ -->\n<title>Liberia - Salesians of Don Bosco, West Africa South Province (AOS PROVINCE)<\/title>\n<meta name=\"robots\" content=\"index, follow, max-snippet:-1, max-image-preview:large, max-video-preview:-1\" \/>\n<link rel=\"canonical\" href=\"https:\/\/demo.sdbaos.org\/fr\/liberia\/\" \/>\n<meta property=\"og:locale\" content=\"fr_FR\" \/>\n<meta property=\"og:type\" content=\"article\" \/>\n<meta property=\"og:title\" content=\"Liberia - Salesians of Don Bosco, West Africa South Province (AOS PROVINCE)\" \/>\n<meta property=\"og:url\" content=\"https:\/\/demo.sdbaos.org\/fr\/liberia\/\" \/>\n<meta property=\"og:site_name\" content=\"Salesians of Don Bosco, West Africa South Province (AOS PROVINCE)\" \/>\n<meta property=\"article:publisher\" content=\"https:\/\/www.facebook.com\/sdbaos\" \/>\n<meta property=\"article:modified_time\" content=\"2022-08-18T17:19:54+00:00\" \/>\n<meta property=\"og:image\" content=\"https:\/\/sdbaos.org\/wp-content\/uploads\/2022\/08\/1.Adopt-it-as-1st-photo-for-OUR-PRESENCE-Liberia-300x225.jpg\" \/>\n<meta name=\"twitter:card\" content=\"summary_large_image\" \/>\n<meta name=\"twitter:site\" content=\"@AosProvince\" \/>\n<meta name=\"twitter:label1\" content=\"Dur\u00e9e de lecture estim\u00e9e\" \/>\n\t<meta name=\"twitter:data1\" content=\"4 minutes\" \/>\n<script type=\"application\/ld+json\" class=\"yoast-schema-graph\">{\"@context\":\"https:\/\/schema.org\",\"@graph\":[{\"@type\":\"WebPage\",\"@id\":\"https:\/\/demo.sdbaos.org\/liberia\/\",\"url\":\"https:\/\/demo.sdbaos.org\/liberia\/\",\"name\":\"Liberia - Salesians of Don Bosco, West Africa South Province (AOS PROVINCE)\",\"isPartOf\":{\"@id\":\"https:\/\/demo.sdbaos.org\/#website\"},\"primaryImageOfPage\":{\"@id\":\"https:\/\/demo.sdbaos.org\/liberia\/#primaryimage\"},\"image\":{\"@id\":\"https:\/\/demo.sdbaos.org\/liberia\/#primaryimage\"},\"thumbnailUrl\":\"https:\/\/sdbaos.org\/wp-content\/uploads\/2022\/08\/1.Adopt-it-as-1st-photo-for-OUR-PRESENCE-Liberia-300x225.jpg\",\"datePublished\":\"2022-08-05T16:57:18+00:00\",\"dateModified\":\"2022-08-18T17:19:54+00:00\",\"breadcrumb\":{\"@id\":\"https:\/\/demo.sdbaos.org\/liberia\/#breadcrumb\"},\"inLanguage\":\"fr-FR\",\"potentialAction\":[{\"@type\":\"ReadAction\",\"target\":[\"https:\/\/demo.sdbaos.org\/liberia\/\"]}]},{\"@type\":\"ImageObject\",\"inLanguage\":\"fr-FR\",\"@id\":\"https:\/\/demo.sdbaos.org\/liberia\/#primaryimage\",\"url\":\"https:\/\/sdbaos.org\/wp-content\/uploads\/2022\/08\/1.Adopt-it-as-1st-photo-for-OUR-PRESENCE-Liberia-300x225.jpg\",\"contentUrl\":\"https:\/\/sdbaos.org\/wp-content\/uploads\/2022\/08\/1.Adopt-it-as-1st-photo-for-OUR-PRESENCE-Liberia-300x225.jpg\"},{\"@type\":\"BreadcrumbList\",\"@id\":\"https:\/\/demo.sdbaos.org\/liberia\/#breadcrumb\",\"itemListElement\":[{\"@type\":\"ListItem\",\"position\":1,\"name\":\"Home\",\"item\":\"https:\/\/demo.sdbaos.org\/\"},{\"@type\":\"ListItem\",\"position\":2,\"name\":\"Liberia\"}]},{\"@type\":\"WebSite\",\"@id\":\"https:\/\/demo.sdbaos.org\/#website\",\"url\":\"https:\/\/demo.sdbaos.org\/\",\"name\":\"Salesians of Don Bosco, West Africa South Province (AOS PROVINCE)\",\"description\":\"Salesians of Don Bosco, West Africa South Province (AOS PROVINCE)\",\"publisher\":{\"@id\":\"https:\/\/demo.sdbaos.org\/#organization\"},\"potentialAction\":[{\"@type\":\"SearchAction\",\"target\":{\"@type\":\"EntryPoint\",\"urlTemplate\":\"https:\/\/demo.sdbaos.org\/?s={search_term_string}\"},\"query-input\":{\"@type\":\"PropertyValueSpecification\",\"valueRequired\":true,\"valueName\":\"search_term_string\"}}],\"inLanguage\":\"fr-FR\"},{\"@type\":\"Organization\",\"@id\":\"https:\/\/demo.sdbaos.org\/#organization\",\"name\":\"Salesians of Don Bosco, West Africa South Province (AOS PROVINCE)\",\"url\":\"https:\/\/demo.sdbaos.org\/\",\"logo\":{\"@type\":\"ImageObject\",\"inLanguage\":\"fr-FR\",\"@id\":\"https:\/\/demo.sdbaos.org\/#\/schema\/logo\/image\/\",\"url\":\"https:\/\/sdbaos.org\/wp-content\/uploads\/2022\/07\/Salesians_logo.png\",\"contentUrl\":\"https:\/\/sdbaos.org\/wp-content\/uploads\/2022\/07\/Salesians_logo.png\",\"width\":512,\"height\":512,\"caption\":\"Salesians of Don Bosco, West Africa South Province (AOS PROVINCE)\"},\"image\":{\"@id\":\"https:\/\/demo.sdbaos.org\/#\/schema\/logo\/image\/\"},\"sameAs\":[\"https:\/\/www.facebook.com\/sdbaos\",\"https:\/\/x.com\/AosProvince\",\"https:\/\/www.youtube.com\/channel\/UCWycprz8hQZSI54ZQpTZ5xw\"]}]}<\/script>\n<!-- \/ Yoast SEO plugin. -->","yoast_head_json":{"title":"Liberia - Salesians of Don Bosco, West Africa South Province (AOS PROVINCE)","robots":{"index":"index","follow":"follow","max-snippet":"max-snippet:-1","max-image-preview":"max-image-preview:large","max-video-preview":"max-video-preview:-1"},"canonical":"https:\/\/demo.sdbaos.org\/fr\/liberia\/","og_locale":"fr_FR","og_type":"article","og_title":"Liberia - Salesians of Don Bosco, West Africa South Province (AOS PROVINCE)","og_url":"https:\/\/demo.sdbaos.org\/fr\/liberia\/","og_site_name":"Salesians of Don Bosco, West Africa South Province (AOS PROVINCE)","article_publisher":"https:\/\/www.facebook.com\/sdbaos","article_modified_time":"2022-08-18T17:19:54+00:00","og_image":[{"url":"https:\/\/sdbaos.org\/wp-content\/uploads\/2022\/08\/1.Adopt-it-as-1st-photo-for-OUR-PRESENCE-Liberia-300x225.jpg","type":"","width":"","height":""}],"twitter_card":"summary_large_image","twitter_site":"@AosProvince","twitter_misc":{"Dur\u00e9e de lecture estim\u00e9e":"4 minutes"},"schema":{"@context":"https:\/\/schema.org","@graph":[{"@type":"WebPage","@id":"https:\/\/demo.sdbaos.org\/liberia\/","url":"https:\/\/demo.sdbaos.org\/liberia\/","name":"Liberia - Salesians of Don Bosco, West Africa South Province (AOS PROVINCE)","isPartOf":{"@id":"https:\/\/demo.sdbaos.org\/#website"},"primaryImageOfPage":{"@id":"https:\/\/demo.sdbaos.org\/liberia\/#primaryimage"},"image":{"@id":"https:\/\/demo.sdbaos.org\/liberia\/#primaryimage"},"thumbnailUrl":"https:\/\/sdbaos.org\/wp-content\/uploads\/2022\/08\/1.Adopt-it-as-1st-photo-for-OUR-PRESENCE-Liberia-300x225.jpg","datePublished":"2022-08-05T16:57:18+00:00","dateModified":"2022-08-18T17:19:54+00:00","breadcrumb":{"@id":"https:\/\/demo.sdbaos.org\/liberia\/#breadcrumb"},"inLanguage":"fr-FR","potentialAction":[{"@type":"ReadAction","target":["https:\/\/demo.sdbaos.org\/liberia\/"]}]},{"@type":"ImageObject","inLanguage":"fr-FR","@id":"https:\/\/demo.sdbaos.org\/liberia\/#primaryimage","url":"https:\/\/sdbaos.org\/wp-content\/uploads\/2022\/08\/1.Adopt-it-as-1st-photo-for-OUR-PRESENCE-Liberia-300x225.jpg","contentUrl":"https:\/\/sdbaos.org\/wp-content\/uploads\/2022\/08\/1.Adopt-it-as-1st-photo-for-OUR-PRESENCE-Liberia-300x225.jpg"},{"@type":"BreadcrumbList","@id":"https:\/\/demo.sdbaos.org\/liberia\/#breadcrumb","itemListElement":[{"@type":"ListItem","position":1,"name":"Home","item":"https:\/\/demo.sdbaos.org\/"},{"@type":"ListItem","position":2,"name":"Liberia"}]},{"@type":"WebSite","@id":"https:\/\/demo.sdbaos.org\/#website","url":"https:\/\/demo.sdbaos.org\/","name":"Salesians of Don Bosco, West Africa South Province (AOS PROVINCE)","description":"Salesians of Don Bosco, West Africa South Province (AOS PROVINCE)","publisher":{"@id":"https:\/\/demo.sdbaos.org\/#organization"},"potentialAction":[{"@type":"SearchAction","target":{"@type":"EntryPoint","urlTemplate":"https:\/\/demo.sdbaos.org\/?s={search_term_string}"},"query-input":{"@type":"PropertyValueSpecification","valueRequired":true,"valueName":"search_term_string"}}],"inLanguage":"fr-FR"},{"@type":"Organization","@id":"https:\/\/demo.sdbaos.org\/#organization","name":"Salesians of Don Bosco, West Africa South Province (AOS PROVINCE)","url":"https:\/\/demo.sdbaos.org\/","logo":{"@type":"ImageObject","inLanguage":"fr-FR","@id":"https:\/\/demo.sdbaos.org\/#\/schema\/logo\/image\/","url":"https:\/\/sdbaos.org\/wp-content\/uploads\/2022\/07\/Salesians_logo.png","contentUrl":"https:\/\/sdbaos.org\/wp-content\/uploads\/2022\/07\/Salesians_logo.png","width":512,"height":512,"caption":"Salesians of Don Bosco, West Africa South Province (AOS PROVINCE)"},"image":{"@id":"https:\/\/demo.sdbaos.org\/#\/schema\/logo\/image\/"},"sameAs":["https:\/\/www.facebook.com\/sdbaos","https:\/\/x.com\/AosProvince","https:\/\/www.youtube.com\/channel\/UCWycprz8hQZSI54ZQpTZ5xw"]}]}},"campaignId":"","jetpack_sharing_enabled":true,"_links":{"self":[{"href":"https:\/\/demo.sdbaos.org\/fr\/wp-json\/wp\/v2\/pages\/1682","targetHints":{"allow":["GET"]}}],"collection":[{"href":"https:\/\/demo.sdbaos.org\/fr\/wp-json\/wp\/v2\/pages"}],"about":[{"href":"https:\/\/demo.sdbaos.org\/fr\/wp-json\/wp\/v2\/types\/page"}],"author":[{"embeddable":true,"href":"https:\/\/demo.sdbaos.org\/fr\/wp-json\/wp\/v2\/users\/1"}],"replies":[{"embeddable":true,"href":"https:\/\/demo.sdbaos.org\/fr\/wp-json\/wp\/v2\/comments?post=1682"}],"version-history":[{"count":8,"href":"https:\/\/demo.sdbaos.org\/fr\/wp-json\/wp\/v2\/pages\/1682\/revisions"}],"predecessor-version":[{"id":2131,"href":"https:\/\/demo.sdbaos.org\/fr\/wp-json\/wp\/v2\/pages\/1682\/revisions\/2131"}],"wp:attachment":[{"href":"https:\/\/demo.sdbaos.org\/fr\/wp-json\/wp\/v2\/media?parent=1682"}],"curies":[{"name":"wp","href":"https:\/\/api.w.org\/{rel}","templated":true}]}}