{"id":1658,"date":"2022-07-29T04:59:54","date_gmt":"2022-07-29T04:59:54","guid":{"rendered":"https:\/\/sdbaos.org\/?page_id=1658"},"modified":"2022-08-23T11:07:52","modified_gmt":"2022-08-23T11:07:52","slug":"our-story","status":"publish","type":"page","link":"https:\/\/demo.sdbaos.org\/fr\/our-story\/","title":{"rendered":"Notre histoire"},"content":{"rendered":"<div class=\"vc_row wpb_row vc_row-fluid\"><div class=\"wpb_column vc_column_container vc_col-sm-12\"><div class=\"vc_column-inner\"><div class=\"wpb_wrapper\"><div  class=\"swmsc_text_block\" style=\"text-size: 17px\"> <img loading=\"lazy\" decoding=\"async\" class=\"wp-image-2029 size-medium alignleft\" src=\"https:\/\/sdbaos.org\/wp-content\/uploads\/2022\/08\/IMG_1280.JPG-300x168.jpg\" alt=\"\" width=\"300\" height=\"168\" srcset=\"https:\/\/demo.sdbaos.org\/wp-content\/uploads\/2022\/08\/IMG_1280.JPG-300x168.jpg 300w, https:\/\/demo.sdbaos.org\/wp-content\/uploads\/2022\/08\/IMG_1280.JPG-scaled-600x337.jpg 600w, https:\/\/demo.sdbaos.org\/wp-content\/uploads\/2022\/08\/IMG_1280.JPG-1024x575.jpg 1024w, https:\/\/demo.sdbaos.org\/wp-content\/uploads\/2022\/08\/IMG_1280.JPG-768x431.jpg 768w, https:\/\/demo.sdbaos.org\/wp-content\/uploads\/2022\/08\/IMG_1280.JPG-1536x862.jpg 1536w\" sizes=\"auto, (max-width: 300px) 100vw, 300px\" \/>Le charisme sal\u00e9sien doit son inspiration \u00e0 saint Jean Bosco (affectueusement appel\u00e9 Don Bosco). Pendant plus de 40 ans, il a consacr\u00e9 sa vie \u00e0 r\u00e9pondre aux besoins des enfants des rues de la ville de Turin, en Italie.<\/p>\n<p>Au XIXe si\u00e8cle, Turin \u00e9tait au centre d&#039;une r\u00e9volution d&#039;inspiration politique ; il y avait des incertitudes sociales et \u00e9conomiques alors que la r\u00e9gion se dirigeait vers l&#039;industrialisation; l&#039;\u00c9glise a fait face \u00e0 de nombreux d\u00e9fis externes, \u00e0 la fois religieux et sociaux; et il y avait une pauvret\u00e9 croissante parmi la classe inf\u00e9rieure. Don Bosco lui-m\u00eame a connu la pauvret\u00e9 dans son enfance et a compris le r\u00f4le que joue l&#039;\u00e9ducation pour aider une personne \u00e0 sortir de la pauvret\u00e9.<\/p>\n<p>Son p\u00e8re est mort quand il avait deux ans. Il a grandi \u00e0 la maison avec sa m\u00e8re maintenant connue sous le nom de Mama Margaret. N\u00e9 dans une famille traditionnellement catholique, cette foi et ses pratiques seront toujours la force de sa vie. \u00c0 l&#039;\u00e2ge de neuf ans, il vit un r\u00eave au cours duquel il re\u00e7ut sa vocation, \u00e0 savoir celle d&#039;\u00eatre un pr\u00eatre qui travaillerait avec les jeunes les plus pauvres.<\/div><div   >\n\t\t\t\t\t\t<div class=\"swmsc_image_gallery swmsc_gal5\" data-grid=\"masonry\" style=\"margin-right:-20px;\">\n\t\t\t\t\t\t\t\n        \t\t\t\t<div class=\"swmsc_image_gallery_item\">\n        \t\t\t\t\t<div style=\"padding-right:20px; padding-bottom:20px;\">\n\t        \t\t\t\t\t<a href=\"https:\/\/demo.sdbaos.org\/wp-content\/uploads\/2022\/08\/IMG_1271.JPG-1-scaled.jpg\" class=\"swmsc_popup_gallery\" style=\"border-radius:5px;\" title=\"IMG_1271.JPG\">\n\t\t        \t\t\t\t\t\t<img decoding=\"async\" style=\"border-width:0px;border-color:#e6e6e6; border-radius:5px;\" src=\"https:\/\/demo.sdbaos.org\/wp-content\/uploads\/2022\/08\/IMG_1271.JPG-1-scaled.jpg\" alt=\"\" \/>\n\t\t        \t\t\t\t\t\t<span><i class=\"fa fa-search\" style=\"background-color:#f8b54e;color:#ffffff;\"><\/i><\/span>\n\t\t        \t\t\t\t\t<\/a>\n\t        \t\t\t\t\t\n\t        \t\t\t\t<\/div>\n        \t\t\t\t<\/div>\n        \t\t\t\t<div class=\"swmsc_image_gallery_item\">\n        \t\t\t\t\t<div style=\"padding-right:20px; padding-bottom:20px;\">\n\t        \t\t\t\t\t<a href=\"https:\/\/demo.sdbaos.org\/wp-content\/uploads\/2022\/08\/IMG_1840.JPG.jpg\" class=\"swmsc_popup_gallery\" style=\"border-radius:5px;\" title=\"IMG_1840.JPG\">\n\t\t        \t\t\t\t\t\t<img decoding=\"async\" style=\"border-width:0px;border-color:#e6e6e6; border-radius:5px;\" src=\"https:\/\/demo.sdbaos.org\/wp-content\/uploads\/2022\/08\/IMG_1840.JPG.jpg\" alt=\"\" \/>\n\t\t        \t\t\t\t\t\t<span><i class=\"fa fa-search\" style=\"background-color:#f8b54e;color:#ffffff;\"><\/i><\/span>\n\t\t        \t\t\t\t\t<\/a>\n\t        \t\t\t\t\t\n\t        \t\t\t\t<\/div>\n        \t\t\t\t<\/div>\n        \t\t\t\t<div class=\"swmsc_image_gallery_item\">\n        \t\t\t\t\t<div style=\"padding-right:20px; padding-bottom:20px;\">\n\t        \t\t\t\t\t<a href=\"https:\/\/demo.sdbaos.org\/wp-content\/uploads\/2022\/08\/IMG_1439.JPG-scaled.jpg\" class=\"swmsc_popup_gallery\" style=\"border-radius:5px;\" title=\"IMG_1439.JPG\">\n\t\t        \t\t\t\t\t\t<img decoding=\"async\" style=\"border-width:0px;border-color:#e6e6e6; border-radius:5px;\" src=\"https:\/\/demo.sdbaos.org\/wp-content\/uploads\/2022\/08\/IMG_1439.JPG-scaled.jpg\" alt=\"\" \/>\n\t\t        \t\t\t\t\t\t<span><i class=\"fa fa-search\" style=\"background-color:#f8b54e;color:#ffffff;\"><\/i><\/span>\n\t\t        \t\t\t\t\t<\/a>\n\t        \t\t\t\t\t\n\t        \t\t\t\t<\/div>\n        \t\t\t\t<\/div>\n        \t\t\t\t<div class=\"swmsc_image_gallery_item\">\n        \t\t\t\t\t<div style=\"padding-right:20px; padding-bottom:20px;\">\n\t        \t\t\t\t\t<a href=\"https:\/\/demo.sdbaos.org\/wp-content\/uploads\/2022\/08\/IMG_1214.JPG-scaled.jpg\" class=\"swmsc_popup_gallery\" style=\"border-radius:5px;\" title=\"IMG_1214.JPG\">\n\t\t        \t\t\t\t\t\t<img decoding=\"async\" style=\"border-width:0px;border-color:#e6e6e6; border-radius:5px;\" src=\"https:\/\/demo.sdbaos.org\/wp-content\/uploads\/2022\/08\/IMG_1214.JPG-scaled.jpg\" alt=\"\" \/>\n\t\t        \t\t\t\t\t\t<span><i class=\"fa fa-search\" style=\"background-color:#f8b54e;color:#ffffff;\"><\/i><\/span>\n\t\t        \t\t\t\t\t<\/a>\n\t        \t\t\t\t\t\n\t        \t\t\t\t<\/div>\n        \t\t\t\t<\/div>\n        \t\t\t\t<div class=\"swmsc_image_gallery_item\">\n        \t\t\t\t\t<div style=\"padding-right:20px; padding-bottom:20px;\">\n\t        \t\t\t\t\t<a href=\"https:\/\/demo.sdbaos.org\/wp-content\/uploads\/2022\/08\/IMG_1280.JPG-scaled.jpg\" class=\"swmsc_popup_gallery\" style=\"border-radius:5px;\" title=\"IMG_1280.JPG\">\n\t\t        \t\t\t\t\t\t<img decoding=\"async\" style=\"border-width:0px;border-color:#e6e6e6; border-radius:5px;\" src=\"https:\/\/demo.sdbaos.org\/wp-content\/uploads\/2022\/08\/IMG_1280.JPG-scaled.jpg\" alt=\"\" \/>\n\t\t        \t\t\t\t\t\t<span><i class=\"fa fa-search\" style=\"background-color:#f8b54e;color:#ffffff;\"><\/i><\/span>\n\t\t        \t\t\t\t\t<\/a>\n\t        \t\t\t\t\t\n\t        \t\t\t\t<\/div>\n        \t\t\t\t<\/div>\n\t\t\t\t\t\t<\/div>\n\t\t\t\t\t<\/div><\/div><\/div><\/div><\/div><div data-vc-full-width=\"true\" data-vc-full-width-init=\"false\" class=\"vc_row wpb_row vc_row-fluid vc_custom_1659070694487 vc_row-has-fill\"><div class=\"wpb_column vc_column_container vc_col-sm-12\"><div class=\"vc_column-inner\"><div class=\"wpb_wrapper\"><div  class=\"clear swmsc_gap\" style=\"margin:30px 0 0 0;\"><\/div><div   style=\"text-align: center\">\n\t\t\t\t\t\t<div class=\"swmsc_icon_title swmsc_it_left\" style=\"margin-bottom:20px;\">\n\t\t\t\t\t\t\t<span>\n\t\t\t\t\t\t\t\t<h5 style=\"font-size:23px; color:23px;\">\n\t\t\t\t\t\t\t\t\t<i class=\"fa fa-- Select Icon -\" style=\"color:#444444;\"><\/i><span style=\"color:#ffffff;\" target=\"_self\">Syst\u00e8me \u00e9ducatif Don Bosco<\/span>\n\t\t\t\t\t\t\t\t<\/h5>\n\t\t\t\t\t\t\t<\/span>\n\t\t\t\t\t\t<\/div>\n\t\t\t\t\t<\/div><div  class=\"swmsc_text_block\" style=\"color:white\"> Don Bosco a choisi de donner le nom &#039;<strong>Le syst\u00e8me pr\u00e9ventif&#039;<\/strong> \u00e0 cette d\u00e9marche et pour lui elle se construit sur trois principes :<\/p>\n<ul>\n<li><strong>Une relation \u00e9ducative fond\u00e9e sur <em>RAISON <\/em><\/strong><\/li>\n<li><strong>Une rencontre avec les jeunes qui les invite \u00e0 <em>EXP\u00c9RIENCE RELIGIEUSE<\/em> <\/strong><\/li>\n<li><strong>Une approche relationnelle qui aborde les probl\u00e8mes avec <em>BONT\u00c9<\/em>.<\/strong><\/li>\n<\/ul>\n<p>Selon les propres mots de Don Bosco, ceux-ci ont \u00e9t\u00e9 transmis aux Sal\u00e9siens comme les trois piliers de la Raison, de la Religion et de la Bienveillance. Dans la tradition chr\u00e9tienne et sal\u00e9sienne, chaque personne est consid\u00e9r\u00e9e comme un enfant de Dieu et doit \u00eatre trait\u00e9e avec respect et dignit\u00e9.<\/p>\n<p>Don Bosco \u00e9tait convaincu qu&#039;il y a en chaque personne une profondeur qui m\u00e9rite d&#039;\u00eatre explor\u00e9e, \u00e9duqu\u00e9e et c\u00e9l\u00e9br\u00e9e. Cela ne peut se produire que lorsqu&#039;il existe une relation ad\u00e9quate et bienveillante entre le jeune et l&#039;adulte qui l&#039;accompagne.<\/p>\n<p>Il a toujours essay\u00e9 de vivre selon sa foi, et pour lui cela signifiait que personne dans le besoin ne devait jamais \u00eatre d\u00e9tourn\u00e9 de son Centre.<\/div><\/div><\/div><\/div><\/div><div class=\"vc_row-full-width vc_clearfix\"><\/div>","protected":false},"excerpt":{"rendered":"The Salesian charism, owes its inspiration to St. John Bosco (affectionately called Don Bosco). For over 40 years, he dedicated his life to meeting the needs of the street children of the city of Turin, Italy. During the nineteenth century, Turin was in the Centre of a politically inspired revolution; [...]","protected":false},"author":1,"featured_media":0,"parent":0,"menu_order":0,"comment_status":"closed","ping_status":"closed","template":"","meta":{"give_campaign_id":0,"om_disable_all_campaigns":false,"footnotes":""},"class_list":["post-1658","page","type-page","status-publish","hentry"],"yoast_head":"<!-- This site is optimized with the Yoast SEO plugin v26.9 - https:\/\/yoast.com\/product\/yoast-seo-wordpress\/ -->\n<title>Our Story - Salesians of Don Bosco, West Africa South Province (AOS PROVINCE)<\/title>\n<meta name=\"robots\" content=\"index, follow, max-snippet:-1, max-image-preview:large, max-video-preview:-1\" \/>\n<link rel=\"canonical\" href=\"https:\/\/demo.sdbaos.org\/fr\/our-story\/\" \/>\n<meta property=\"og:locale\" content=\"fr_FR\" \/>\n<meta property=\"og:type\" content=\"article\" \/>\n<meta property=\"og:title\" content=\"Our Story - Salesians of Don Bosco, West Africa South Province (AOS PROVINCE)\" \/>\n<meta property=\"og:url\" content=\"https:\/\/demo.sdbaos.org\/fr\/our-story\/\" \/>\n<meta property=\"og:site_name\" content=\"Salesians of Don Bosco, West Africa South Province (AOS PROVINCE)\" \/>\n<meta property=\"article:publisher\" content=\"https:\/\/www.facebook.com\/sdbaos\" \/>\n<meta property=\"article:modified_time\" content=\"2022-08-23T11:07:52+00:00\" \/>\n<meta property=\"og:image\" content=\"https:\/\/sdbaos.org\/wp-content\/uploads\/2022\/08\/IMG_1280.JPG-300x168.jpg\" \/>\n<meta name=\"twitter:card\" content=\"summary_large_image\" \/>\n<meta name=\"twitter:site\" content=\"@AosProvince\" \/>\n<meta name=\"twitter:label1\" content=\"Dur\u00e9e de lecture estim\u00e9e\" \/>\n\t<meta name=\"twitter:data1\" content=\"2 minutes\" \/>\n<script type=\"application\/ld+json\" class=\"yoast-schema-graph\">{\"@context\":\"https:\/\/schema.org\",\"@graph\":[{\"@type\":\"WebPage\",\"@id\":\"https:\/\/demo.sdbaos.org\/our-story\/\",\"url\":\"https:\/\/demo.sdbaos.org\/our-story\/\",\"name\":\"Our Story - Salesians of Don Bosco, West Africa South Province (AOS PROVINCE)\",\"isPartOf\":{\"@id\":\"https:\/\/demo.sdbaos.org\/#website\"},\"primaryImageOfPage\":{\"@id\":\"https:\/\/demo.sdbaos.org\/our-story\/#primaryimage\"},\"image\":{\"@id\":\"https:\/\/demo.sdbaos.org\/our-story\/#primaryimage\"},\"thumbnailUrl\":\"https:\/\/sdbaos.org\/wp-content\/uploads\/2022\/08\/IMG_1280.JPG-300x168.jpg\",\"datePublished\":\"2022-07-29T04:59:54+00:00\",\"dateModified\":\"2022-08-23T11:07:52+00:00\",\"breadcrumb\":{\"@id\":\"https:\/\/demo.sdbaos.org\/our-story\/#breadcrumb\"},\"inLanguage\":\"fr-FR\",\"potentialAction\":[{\"@type\":\"ReadAction\",\"target\":[\"https:\/\/demo.sdbaos.org\/our-story\/\"]}]},{\"@type\":\"ImageObject\",\"inLanguage\":\"fr-FR\",\"@id\":\"https:\/\/demo.sdbaos.org\/our-story\/#primaryimage\",\"url\":\"https:\/\/sdbaos.org\/wp-content\/uploads\/2022\/08\/IMG_1280.JPG-300x168.jpg\",\"contentUrl\":\"https:\/\/sdbaos.org\/wp-content\/uploads\/2022\/08\/IMG_1280.JPG-300x168.jpg\"},{\"@type\":\"BreadcrumbList\",\"@id\":\"https:\/\/demo.sdbaos.org\/our-story\/#breadcrumb\",\"itemListElement\":[{\"@type\":\"ListItem\",\"position\":1,\"name\":\"Home\",\"item\":\"https:\/\/demo.sdbaos.org\/\"},{\"@type\":\"ListItem\",\"position\":2,\"name\":\"Our Story\"}]},{\"@type\":\"WebSite\",\"@id\":\"https:\/\/demo.sdbaos.org\/#website\",\"url\":\"https:\/\/demo.sdbaos.org\/\",\"name\":\"Salesians of Don Bosco, West Africa South Province (AOS PROVINCE)\",\"description\":\"Salesians of Don Bosco, West Africa South Province (AOS PROVINCE)\",\"publisher\":{\"@id\":\"https:\/\/demo.sdbaos.org\/#organization\"},\"potentialAction\":[{\"@type\":\"SearchAction\",\"target\":{\"@type\":\"EntryPoint\",\"urlTemplate\":\"https:\/\/demo.sdbaos.org\/?s={search_term_string}\"},\"query-input\":{\"@type\":\"PropertyValueSpecification\",\"valueRequired\":true,\"valueName\":\"search_term_string\"}}],\"inLanguage\":\"fr-FR\"},{\"@type\":\"Organization\",\"@id\":\"https:\/\/demo.sdbaos.org\/#organization\",\"name\":\"Salesians of Don Bosco, West Africa South Province (AOS PROVINCE)\",\"url\":\"https:\/\/demo.sdbaos.org\/\",\"logo\":{\"@type\":\"ImageObject\",\"inLanguage\":\"fr-FR\",\"@id\":\"https:\/\/demo.sdbaos.org\/#\/schema\/logo\/image\/\",\"url\":\"https:\/\/sdbaos.org\/wp-content\/uploads\/2022\/07\/Salesians_logo.png\",\"contentUrl\":\"https:\/\/sdbaos.org\/wp-content\/uploads\/2022\/07\/Salesians_logo.png\",\"width\":512,\"height\":512,\"caption\":\"Salesians of Don Bosco, West Africa South Province (AOS PROVINCE)\"},\"image\":{\"@id\":\"https:\/\/demo.sdbaos.org\/#\/schema\/logo\/image\/\"},\"sameAs\":[\"https:\/\/www.facebook.com\/sdbaos\",\"https:\/\/x.com\/AosProvince\",\"https:\/\/www.youtube.com\/channel\/UCWycprz8hQZSI54ZQpTZ5xw\"]}]}<\/script>\n<!-- \/ Yoast SEO plugin. -->","yoast_head_json":{"title":"Our Story - Salesians of Don Bosco, West Africa South Province (AOS PROVINCE)","robots":{"index":"index","follow":"follow","max-snippet":"max-snippet:-1","max-image-preview":"max-image-preview:large","max-video-preview":"max-video-preview:-1"},"canonical":"https:\/\/demo.sdbaos.org\/fr\/our-story\/","og_locale":"fr_FR","og_type":"article","og_title":"Our Story - Salesians of Don Bosco, West Africa South Province (AOS PROVINCE)","og_url":"https:\/\/demo.sdbaos.org\/fr\/our-story\/","og_site_name":"Salesians of Don Bosco, West Africa South Province (AOS PROVINCE)","article_publisher":"https:\/\/www.facebook.com\/sdbaos","article_modified_time":"2022-08-23T11:07:52+00:00","og_image":[{"url":"https:\/\/sdbaos.org\/wp-content\/uploads\/2022\/08\/IMG_1280.JPG-300x168.jpg","type":"","width":"","height":""}],"twitter_card":"summary_large_image","twitter_site":"@AosProvince","twitter_misc":{"Dur\u00e9e de lecture estim\u00e9e":"2 minutes"},"schema":{"@context":"https:\/\/schema.org","@graph":[{"@type":"WebPage","@id":"https:\/\/demo.sdbaos.org\/our-story\/","url":"https:\/\/demo.sdbaos.org\/our-story\/","name":"Our Story - Salesians of Don Bosco, West Africa South Province (AOS PROVINCE)","isPartOf":{"@id":"https:\/\/demo.sdbaos.org\/#website"},"primaryImageOfPage":{"@id":"https:\/\/demo.sdbaos.org\/our-story\/#primaryimage"},"image":{"@id":"https:\/\/demo.sdbaos.org\/our-story\/#primaryimage"},"thumbnailUrl":"https:\/\/sdbaos.org\/wp-content\/uploads\/2022\/08\/IMG_1280.JPG-300x168.jpg","datePublished":"2022-07-29T04:59:54+00:00","dateModified":"2022-08-23T11:07:52+00:00","breadcrumb":{"@id":"https:\/\/demo.sdbaos.org\/our-story\/#breadcrumb"},"inLanguage":"fr-FR","potentialAction":[{"@type":"ReadAction","target":["https:\/\/demo.sdbaos.org\/our-story\/"]}]},{"@type":"ImageObject","inLanguage":"fr-FR","@id":"https:\/\/demo.sdbaos.org\/our-story\/#primaryimage","url":"https:\/\/sdbaos.org\/wp-content\/uploads\/2022\/08\/IMG_1280.JPG-300x168.jpg","contentUrl":"https:\/\/sdbaos.org\/wp-content\/uploads\/2022\/08\/IMG_1280.JPG-300x168.jpg"},{"@type":"BreadcrumbList","@id":"https:\/\/demo.sdbaos.org\/our-story\/#breadcrumb","itemListElement":[{"@type":"ListItem","position":1,"name":"Home","item":"https:\/\/demo.sdbaos.org\/"},{"@type":"ListItem","position":2,"name":"Our Story"}]},{"@type":"WebSite","@id":"https:\/\/demo.sdbaos.org\/#website","url":"https:\/\/demo.sdbaos.org\/","name":"Salesians of Don Bosco, West Africa South Province (AOS PROVINCE)","description":"Salesians of Don Bosco, West Africa South Province (AOS PROVINCE)","publisher":{"@id":"https:\/\/demo.sdbaos.org\/#organization"},"potentialAction":[{"@type":"SearchAction","target":{"@type":"EntryPoint","urlTemplate":"https:\/\/demo.sdbaos.org\/?s={search_term_string}"},"query-input":{"@type":"PropertyValueSpecification","valueRequired":true,"valueName":"search_term_string"}}],"inLanguage":"fr-FR"},{"@type":"Organization","@id":"https:\/\/demo.sdbaos.org\/#organization","name":"Salesians of Don Bosco, West Africa South Province (AOS PROVINCE)","url":"https:\/\/demo.sdbaos.org\/","logo":{"@type":"ImageObject","inLanguage":"fr-FR","@id":"https:\/\/demo.sdbaos.org\/#\/schema\/logo\/image\/","url":"https:\/\/sdbaos.org\/wp-content\/uploads\/2022\/07\/Salesians_logo.png","contentUrl":"https:\/\/sdbaos.org\/wp-content\/uploads\/2022\/07\/Salesians_logo.png","width":512,"height":512,"caption":"Salesians of Don Bosco, West Africa South Province (AOS PROVINCE)"},"image":{"@id":"https:\/\/demo.sdbaos.org\/#\/schema\/logo\/image\/"},"sameAs":["https:\/\/www.facebook.com\/sdbaos","https:\/\/x.com\/AosProvince","https:\/\/www.youtube.com\/channel\/UCWycprz8hQZSI54ZQpTZ5xw"]}]}},"campaignId":"","jetpack_sharing_enabled":true,"_links":{"self":[{"href":"https:\/\/demo.sdbaos.org\/fr\/wp-json\/wp\/v2\/pages\/1658","targetHints":{"allow":["GET"]}}],"collection":[{"href":"https:\/\/demo.sdbaos.org\/fr\/wp-json\/wp\/v2\/pages"}],"about":[{"href":"https:\/\/demo.sdbaos.org\/fr\/wp-json\/wp\/v2\/types\/page"}],"author":[{"embeddable":true,"href":"https:\/\/demo.sdbaos.org\/fr\/wp-json\/wp\/v2\/users\/1"}],"replies":[{"embeddable":true,"href":"https:\/\/demo.sdbaos.org\/fr\/wp-json\/wp\/v2\/comments?post=1658"}],"version-history":[{"count":20,"href":"https:\/\/demo.sdbaos.org\/fr\/wp-json\/wp\/v2\/pages\/1658\/revisions"}],"predecessor-version":[{"id":2026,"href":"https:\/\/demo.sdbaos.org\/fr\/wp-json\/wp\/v2\/pages\/1658\/revisions\/2026"}],"wp:attachment":[{"href":"https:\/\/demo.sdbaos.org\/fr\/wp-json\/wp\/v2\/media?parent=1658"}],"curies":[{"name":"wp","href":"https:\/\/api.w.org\/{rel}","templated":true}]}}