{"id":1627,"date":"2022-07-29T02:35:54","date_gmt":"2022-07-29T02:35:54","guid":{"rendered":"https:\/\/sdbaos.org\/?page_id=1627"},"modified":"2022-08-18T10:57:40","modified_gmt":"2022-08-18T10:57:40","slug":"who-we-are","status":"publish","type":"page","link":"https:\/\/demo.sdbaos.org\/fr\/who-we-are\/","title":{"rendered":"Qui nous sommes"},"content":{"rendered":"<div class=\"vc_row wpb_row vc_row-fluid\"><div class=\"wpb_column vc_column_container vc_col-sm-12\"><div class=\"vc_column-inner vc_custom_1474719040473\"><div class=\"wpb_wrapper\"><div  class=\"swmsc_full_width_section\" style=\" background-color:#ffffff;background-size: auto;  padding-top:0px; padding-bottom:0px; margin-top:0px; margin-bottom:0px;  \">\n\t\t\t\t\t\t<div class=\"swmsc_container\">\n\t\t\t\t\t\t\t<div class=\"vc_row wpb_row vc_inner vc_row-fluid\"><div class=\"wpb_column vc_column_container vc_col-sm-6\"><div class=\"vc_column-inner\"><div class=\"wpb_wrapper\">\n\t<div  class=\"wpb_single_image wpb_content_element vc_align_left\">\n\t\t\n\t\t<figure class=\"wpb_wrapper vc_figure\">\n\t\t\t<div class=\"vc_single_image-wrapper vc_box_rounded  vc_box_border_grey\"><img loading=\"lazy\" decoding=\"async\" width=\"2178\" height=\"1452\" src=\"https:\/\/demo.sdbaos.org\/wp-content\/uploads\/2022\/08\/Who_We_Are.011.jpg\" class=\"vc_single_image-img attachment-full\" alt=\"\" title=\"Qui_nous_sommes.011\" srcset=\"https:\/\/demo.sdbaos.org\/wp-content\/uploads\/2022\/08\/Who_We_Are.011.jpg 2178w, https:\/\/demo.sdbaos.org\/wp-content\/uploads\/2022\/08\/Who_We_Are.011-600x400.jpg 600w, https:\/\/demo.sdbaos.org\/wp-content\/uploads\/2022\/08\/Who_We_Are.011-300x200.jpg 300w, https:\/\/demo.sdbaos.org\/wp-content\/uploads\/2022\/08\/Who_We_Are.011-1024x683.jpg 1024w, https:\/\/demo.sdbaos.org\/wp-content\/uploads\/2022\/08\/Who_We_Are.011-768x512.jpg 768w, https:\/\/demo.sdbaos.org\/wp-content\/uploads\/2022\/08\/Who_We_Are.011-1536x1024.jpg 1536w, https:\/\/demo.sdbaos.org\/wp-content\/uploads\/2022\/08\/Who_We_Are.011-2048x1365.jpg 2048w, https:\/\/demo.sdbaos.org\/wp-content\/uploads\/2022\/08\/Who_We_Are.011-18x12.jpg 18w\" sizes=\"auto, (max-width: 2178px) 100vw, 2178px\" \/><\/div>\n\t\t<\/figure>\n\t<\/div>\n<div  class=\"clear swmsc_gap\" style=\"margin:30px 0 0 0;\"><\/div><\/div><\/div><\/div><div class=\"wpb_column vc_column_container vc_col-sm-6\"><div class=\"vc_column-inner\"><div class=\"wpb_wrapper\"><div  class=\"godgrace-heading-font\" ><div style=\"font-size:50px; color:#303030; font-weight:bold; line-height:60px;\">\n\t\t\t\t\tQui nous sommes\n\t\t\t\t\t<\/div><\/div><div  class=\"swmsc_custom_dividers swmsc_dividers_line3 text_align_left\" style=\"margin-top:20px;margin-bottom:20px; clear:both;\"><span style=\"max-width:50px;background-color:#ec5355;\"><\/span><\/div><div   ><div style=\"font-size:18px; color:#555555; font-weight:bold; line-height:30px;\">\n\t\t\t\t\tLes sal\u00e9siens de Don Bosco ont commenc\u00e9 \u00e0 travailler dans le monde \u00e0 partir de 1859 jusqu&#039;\u00e0 aujourd&#039;hui, le travail se concentre sur les jeunes dans un certain nombre de centres et de services \u00e0 travers le monde.\n\t\t\t\t\t<\/div><\/div><div  class=\"clear swmsc_gap\" style=\"margin:15px 0 0 0;\"><\/div><div   ><div style=\"font-size:18px; color:#555555; font-weight:normal; line-height:30px;\">\n\t\t\t\t\tLes sal\u00e9siens ont de grands et enviables ant\u00e9c\u00e9dents d&#039;implication dans les \u00e9coles, les foyers pour jeunes \/ enfants, l&#039;enseignement technique, les universit\u00e9s, les foyers, les paroisses, l&#039;enseignement agricole, les aum\u00f4neries, les centres de spiritualit\u00e9, les centres de retraites et de pri\u00e8re, les m\u00e9dias sociaux, la r\u00e9habilitation, l&#039;\u00e9ducation non formelle , les \u00e9coles de formation professionnelle et bien d&#039;autres \u0153uvres sociales qui touchent les Jeunes. Ils r\u00e9pondent de mani\u00e8re pastorale et \u00e9ducative au d\u00e9veloppement holistique des jeunes et de leurs familles.\n\t\t\t\t\t<\/div><\/div><div  class=\"clear swmsc_gap\" style=\"margin:25px 0 0 0;\"><\/div><\/div><\/div><\/div><\/div>\n\t\t\t\t\t\t\t<div class=\"clear\"><\/div>\n\t\t\t\t\t\t<\/div>\n\t\t\t\t\t<\/div><\/div><\/div><\/div><\/div><div data-vc-full-width=\"true\" data-vc-full-width-init=\"false\" class=\"vc_row wpb_row vc_row-fluid vc_custom_1659063396556 vc_row-has-fill\"><div class=\"wpb_column vc_column_container vc_col-sm-12\"><div class=\"vc_column-inner vc_custom_1474719040473\"><div class=\"wpb_wrapper\"><div  class=\"clear swmsc_gap\" style=\"margin:30px 0 0 0;\"><\/div><div  class=\"swmsc_full_width_section\" style=\" background-color:#dd8b0f;background-size: auto;  padding-top:0px; padding-bottom:0px; margin-top:0px; margin-bottom:0px;  \">\n\t\t\t\t\t\t<div class=\"swmsc_container\">\n\t\t\t\t\t\t\t<div class=\"vc_row wpb_row vc_inner vc_row-fluid\"><div class=\"wpb_column vc_column_container vc_col-sm-6\"><div class=\"vc_column-inner\"><div class=\"wpb_wrapper\"><div  class=\"godgrace-heading-font\" >\n\t\t\t\t\t\t<div class=\"swmsc_icon_title swmsc_it_left\" style=\"margin-bottom:15px;\">\n\t\t\t\t\t\t\t<span>\n\t\t\t\t\t\t\t\t<h5 style=\"font-size:24px; color:24px;\">\n\t\t\t\t\t\t\t\t\t<i class=\"fa fa-- Select Icon -\" style=\"color:#ec5355;\"><\/i><span style=\"color:#ffffff;\" target=\"_self\">Des principes directeurs<\/span>\n\t\t\t\t\t\t\t\t<\/h5>\n\t\t\t\t\t\t\t<\/span>\n\t\t\t\t\t\t<\/div>\n\t\t\t\t\t<\/div><ul  class=\"swmsc_the_icons\" >\n\t\t\t\t\t\t<li><i class=\"fa fa-arrow-circle-o-right\" style=\"color:#ffffff;\"><\/i><strong><span style=\"color: #ffffff;\">Primaut\u00e9 de Dieu<\/span><\/strong><\/li><li><i class=\"fa fa-arrow-circle-o-right\" style=\"color:#ffffff;\"><\/i><span style=\"color: #ffffff;\"><strong>Proph\u00e8tes de fraternit\u00e9<\/strong> <\/span><\/li><li><i class=\"fa fa-arrow-circle-o-right\" style=\"color:#ffffff;\"><\/i><span style=\"color: #ffffff;\"><strong>Serviteurs de la jeunesse<\/strong> <\/span><\/li><li><i class=\"fa fa-arrow-circle-o-right\" style=\"color:#ffffff;\"><\/i><span style=\"color: #ffffff;\"><strong>\u00c9ducation et \u00e9vang\u00e9lisation<\/strong> <\/span><\/li><li><i class=\"fa fa-arrow-circle-o-right\" style=\"color:#ffffff;\"><\/i><strong><span style=\"color: #ffffff;\">Promotion des vocations <\/span><\/strong><\/li><li><i class=\"fa fa-arrow-circle-o-right\" style=\"color:#ffffff;\"><\/i><span style=\"color: #ffffff;\"><strong>Collaboration avec les fid\u00e8les la\u00efcs et la famille sal\u00e9sienne<\/strong> <\/span><\/li><li><i class=\"fa fa-arrow-circle-o-right\" style=\"color:#ffffff;\"><\/i><strong><span style=\"color: #ffffff;\">Mission Ad gentes (Mission aupr\u00e8s des nations).<\/span><\/strong><\/li>\n\t\t\t\t\t<\/ul><\/div><\/div><\/div><div class=\"wpb_column vc_column_container vc_col-sm-6\"><div class=\"vc_column-inner\"><div class=\"wpb_wrapper\"><div  class=\"godgrace-heading-font\" >\n\t\t\t\t\t\t<div class=\"swmsc_icon_title swmsc_it_left\" style=\"margin-bottom:15px;\">\n\t\t\t\t\t\t\t<span>\n\t\t\t\t\t\t\t\t<h5 style=\"font-size:24px; color:24px;\">\n\t\t\t\t\t\t\t\t\t<i class=\"fa fa-- Select Icon -\" style=\"color:#ec5355;\"><\/i><span style=\"color:#ffffff;\" target=\"_self\">Nos valeurs fondamentales<\/span>\n\t\t\t\t\t\t\t\t<\/h5>\n\t\t\t\t\t\t\t<\/span>\n\t\t\t\t\t\t<\/div>\n\t\t\t\t\t<\/div><ul  class=\"swmsc_the_icons\" >\n\t\t\t\t\t\t<li><i class=\"fa fa-arrow-circle-o-right\" style=\"color:#ffffff;\"><\/i><strong><span style=\"color: #ffffff;\">Respect des droits et de la dignit\u00e9 des jeunes et des enfants <\/span><\/strong><\/li><li><i class=\"fa fa-arrow-circle-o-right\" style=\"color:#ffffff;\"><\/i><strong><span style=\"color: #ffffff;\">Responsabilit\u00e9 collective<\/span><\/strong><\/li><li><i class=\"fa fa-arrow-circle-o-right\" style=\"color:#ffffff;\"><\/i><strong><span style=\"color: #ffffff;\">Engagement<\/span><\/strong><\/li><li><i class=\"fa fa-arrow-circle-o-right\" style=\"color:#ffffff;\"><\/i><span style=\"color: #ffffff;\"><strong>Transparence <\/strong> <\/span><\/li><li><i class=\"fa fa-arrow-circle-o-right\" style=\"color:#ffffff;\"><\/i><span style=\"color: #ffffff;\"><strong>Responsabilit\u00e9 <\/strong> <\/span><\/li><li><i class=\"fa fa-arrow-circle-o-right\" style=\"color:#ffffff;\"><\/i><span style=\"color: #ffffff;\"><strong>Respect mutuel <\/strong> <\/span><\/li><li><i class=\"fa fa-arrow-circle-o-right\" style=\"color:#ffffff;\"><\/i><span style=\"color: #ffffff;\"><strong>Honn\u00eatet\u00e9<\/strong> <\/span><\/li>\n\t\t\t\t\t<\/ul><\/div><\/div><\/div><\/div>\n\t\t\t\t\t\t\t<div class=\"clear\"><\/div>\n\t\t\t\t\t\t<\/div>\n\t\t\t\t\t<\/div><div  class=\"clear swmsc_gap\" style=\"margin:30px 0 0 0;\"><\/div><\/div><\/div><\/div><\/div><div class=\"vc_row-full-width vc_clearfix\"><\/div><div class=\"vc_row wpb_row vc_row-fluid\"><div class=\"wpb_column vc_column_container vc_col-sm-12\"><div class=\"vc_column-inner vc_custom_1474719040473\"><div class=\"wpb_wrapper\"><div  class=\"clear swmsc_gap\" style=\"margin:30px 0 0 0;\"><\/div><div  class=\"swmsc_fancy_heading swmsc_fancy_heading_center fh_icon_fancyHeadingNoIcon\" style=\"margin-top:40px;margin-bottom:40px;\">\n\t\t\t\t\t\t<div class=\"swmsc_fancy_heading_text\" style=\"font-size:30px;line-height:36px;\">\n\t\t\t\t\t\t\t<strong>Principaux domaines d&#039;intervention<\/strong>\n\t\t\t\t\t\t\t<div class=\"swmsc_fancy_heading_border\">\n\t\t\t\t\t\t\t\t<span class=\"swmsc_fancy_heading_border1\" style=\"background:#e6e6e6;\"><\/span>\n\t\t\t\t\t\t\t\t<span class=\"swmsc_fancy_heading_border2\" style=\"background:#e6e6e6;\"><\/span>\n\t\t\t\t\t\t\t\t<span class=\"swmsc_fancy_heading_icon\"><i class=\"fa fa-fancyHeadingNoIcon\"  style=\"color:#ec5355;\"><\/i><\/span>\n\t\t\t\t\t\t\t<\/div>\n\t\t\t\t\t\t<\/div>\n\t\t\t\t\t<\/div><div   ><div style=\"font-size:18px; color:#555555; font-weight:bold; line-height:30px;\">\n\t\t\t\t\tNos \u0153uvres \u00e9ducatives et pastorales se manifestent principalement dans les Centres de Formation Technique et Professionnelle. Il s&#039;agit de r\u00e9pondre aux besoins des pays en voie de d\u00e9veloppement industriel (Ghana, C\u00f4te d&#039;Ivoire et Togo) ou en phase de reconstruction d&#039;apr\u00e8s-guerre (Lib\u00e9ria et Sierra Leone) des programmes d&#039;enfants \u00e0 risque (Ghana, C\u00f4te d&#039;Ivoire, Lib\u00e9ria et Sierra Leone), des programmes de r\u00e9habilitation pour les anciens enfants soldats (Lib\u00e9ria et Sierra Leone) et des paroisses\/centres de jeunesse (tous les pays).\n\t\t\t\t\t<\/div><\/div><div class=\"vc_row wpb_row vc_inner vc_row-fluid\"><div class=\"wpb_column vc_column_container vc_col-sm-6\"><div class=\"vc_column-inner\"><div class=\"wpb_wrapper\"><div  class=\"swmsc_promotion_box  p_box_default\" style=\"background:#0d6cbf;\">\n\t\t\t\t\t\t<div class=\"swmsc_promotion_box_text p_text\">\n\t\t\t\t\t\t\t<div class=\"swmsc_promotion_box_title_text\" style=\" margin-top:8px; font-size:16px; color:#ffffff;\">\n<ul>\n<li><strong>Aide aux enfants et aux jeunes \u00e0 risque\u00a0;<\/strong>\n<ul>\n<li>H\u00e9bergement, soutien et r\u00e9adaptation des enfants et des femmes victimes de la traite \u00e0 des fins de travail forc\u00e9 et d&#039;exploitation sexuelle.<\/li>\n<li>Protection et d\u00e9veloppement des enfants et des jeunes face \u00e0 diverses formes de risques.<\/li>\n<\/ul>\n<\/li>\n<\/ul>\n<div class=\"swmsc_promotion_box_sub_title\" style=\"color:#ffffff; font-size:13px;\"><\/div>\n\t\t\t\t\t\t\t<\/div>\n\t\t\t\t\t\t<\/div><div class=\"clear\"><\/div>\n\t\t\t\t\t<\/div><\/div><\/div><\/div><div class=\"wpb_column vc_column_container vc_col-sm-6\"><div class=\"vc_column-inner\"><div class=\"wpb_wrapper\"><div  class=\"swmsc_promotion_box  p_box_default\" style=\"background:#dd1313;\">\n\t\t\t\t\t\t<div class=\"swmsc_promotion_box_text p_text\">\n\t\t\t\t\t\t\t<div class=\"swmsc_promotion_box_title_text\" style=\" margin-top:8px; font-size:16px; color:#ffffff;\">\n<ul>\n<li><strong>\u00c9ducation;<\/strong>\n<ul>\n<li>Infrastructure pour l&#039;enseignement primaire et de base en milieu rural, enseignement secondaire.<\/li>\n<li>Soutien et parrainage pour l&#039;\u00e9ducation formelle des jeunes d\u00e9munis et d\u00e9favoris\u00e9s. Enseignement et formations techniques et professionnels (EFTP).<\/li>\n<\/ul>\n<\/li>\n<\/ul>\n<div class=\"swmsc_promotion_box_sub_title\" style=\"color:#ffffff; font-size:13px;\"><\/div>\n\t\t\t\t\t\t\t<\/div>\n\t\t\t\t\t\t<\/div><div class=\"clear\"><\/div>\n\t\t\t\t\t<\/div><\/div><\/div><\/div><\/div><div class=\"vc_row wpb_row vc_inner vc_row-fluid\"><div class=\"wpb_column vc_column_container vc_col-sm-6\"><div class=\"vc_column-inner\"><div class=\"wpb_wrapper\"><div  class=\"swmsc_promotion_box  p_box_default\" style=\"background:#146802;\">\n\t\t\t\t\t\t<div class=\"swmsc_promotion_box_text p_text\">\n\t\t\t\t\t\t\t<div class=\"swmsc_promotion_box_title_text\" style=\" margin-top:8px; font-size:16px; color:#ffffff;\">\n<ul>\n<li><strong>Appui \u00e0 la Pastorale Sociale ;<\/strong>\n<ul>\n<li>Soutien social et d\u00e9veloppement des communaut\u00e9s et des familles en situation tr\u00e8s difficile.<\/li>\n<li>D\u00e9veloppement social rural (eau potable, autonomisation des femmes, etc.).<\/li>\n<li>Evang\u00e9lisation et formation pastorale et accompagnement des fid\u00e8les volontaires.<\/li>\n<\/ul>\n<\/li>\n<li><\/li>\n<\/ul>\n<div class=\"swmsc_promotion_box_sub_title\" style=\"color:#ffffff; font-size:13px;\"><\/div>\n\t\t\t\t\t\t\t<\/div>\n\t\t\t\t\t\t<\/div><div class=\"clear\"><\/div>\n\t\t\t\t\t<\/div><\/div><\/div><\/div><div class=\"wpb_column vc_column_container vc_col-sm-6\"><div class=\"vc_column-inner\"><div class=\"wpb_wrapper\"><div  class=\"swmsc_promotion_box  p_box_default\" style=\"background:#d1c70c;\">\n\t\t\t\t\t\t<div class=\"swmsc_promotion_box_text p_text\">\n\t\t\t\t\t\t\t<div class=\"swmsc_promotion_box_title_text\" style=\" margin-top:8px; font-size:16px; color:#ffffff;\">\n<ul>\n<li><strong>Services de sant\u00e9; <\/strong>\n<ul>\n<li>Soutien et assistance de base en mati\u00e8re de sant\u00e9<\/li>\n<li>Campagne de sensibilisation et d&#039;information sur la sant\u00e9<\/li>\n<\/ul>\n<\/li>\n<\/ul>\n<div class=\"swmsc_promotion_box_sub_title\" style=\"color:#ffffff; font-size:13px;\"><\/div>\n\t\t\t\t\t\t\t<\/div>\n\t\t\t\t\t\t<\/div><div class=\"clear\"><\/div>\n\t\t\t\t\t<\/div><\/div><\/div><\/div><\/div><div  class=\"clear swmsc_gap\" style=\"margin:30px 0 0 0;\"><\/div><\/div><\/div><\/div><\/div>","protected":false},"excerpt":{"rendered":"Who We Are The Salesians of Don Bosco started working in the world from 1859 up to date, the work focuses on young people in a number of Centre\u2019s and services throughout the world. The Salesians have great and enviable records of involvement in Schools, youth\/child care Homes, Technical education, [...]","protected":false},"author":1,"featured_media":0,"parent":0,"menu_order":0,"comment_status":"closed","ping_status":"closed","template":"templates\/100-width.php","meta":{"give_campaign_id":0,"om_disable_all_campaigns":false,"footnotes":""},"class_list":["post-1627","page","type-page","status-publish","hentry"],"yoast_head":"<!-- This site is optimized with the Yoast SEO plugin v26.9 - https:\/\/yoast.com\/product\/yoast-seo-wordpress\/ -->\n<title>Who we are - Salesians of Don Bosco, West Africa South Province (AOS PROVINCE)<\/title>\n<meta name=\"robots\" content=\"index, follow, max-snippet:-1, max-image-preview:large, max-video-preview:-1\" \/>\n<link rel=\"canonical\" href=\"https:\/\/demo.sdbaos.org\/fr\/who-we-are\/\" \/>\n<meta property=\"og:locale\" content=\"fr_FR\" \/>\n<meta property=\"og:type\" content=\"article\" \/>\n<meta property=\"og:title\" content=\"Who we are - Salesians of Don Bosco, West Africa South Province (AOS PROVINCE)\" \/>\n<meta property=\"og:url\" content=\"https:\/\/demo.sdbaos.org\/fr\/who-we-are\/\" \/>\n<meta property=\"og:site_name\" content=\"Salesians of Don Bosco, West Africa South Province (AOS PROVINCE)\" \/>\n<meta property=\"article:publisher\" content=\"https:\/\/www.facebook.com\/sdbaos\" \/>\n<meta property=\"article:modified_time\" content=\"2022-08-18T10:57:40+00:00\" \/>\n<meta name=\"twitter:card\" content=\"summary_large_image\" \/>\n<meta name=\"twitter:site\" content=\"@AosProvince\" \/>\n<meta name=\"twitter:label1\" content=\"Dur\u00e9e de lecture estim\u00e9e\" \/>\n\t<meta name=\"twitter:data1\" content=\"6 minutes\" \/>\n<script type=\"application\/ld+json\" class=\"yoast-schema-graph\">{\"@context\":\"https:\/\/schema.org\",\"@graph\":[{\"@type\":\"WebPage\",\"@id\":\"https:\/\/demo.sdbaos.org\/who-we-are\/\",\"url\":\"https:\/\/demo.sdbaos.org\/who-we-are\/\",\"name\":\"Who we are - Salesians of Don Bosco, West Africa South Province (AOS PROVINCE)\",\"isPartOf\":{\"@id\":\"https:\/\/demo.sdbaos.org\/#website\"},\"datePublished\":\"2022-07-29T02:35:54+00:00\",\"dateModified\":\"2022-08-18T10:57:40+00:00\",\"breadcrumb\":{\"@id\":\"https:\/\/demo.sdbaos.org\/who-we-are\/#breadcrumb\"},\"inLanguage\":\"fr-FR\",\"potentialAction\":[{\"@type\":\"ReadAction\",\"target\":[\"https:\/\/demo.sdbaos.org\/who-we-are\/\"]}]},{\"@type\":\"BreadcrumbList\",\"@id\":\"https:\/\/demo.sdbaos.org\/who-we-are\/#breadcrumb\",\"itemListElement\":[{\"@type\":\"ListItem\",\"position\":1,\"name\":\"Home\",\"item\":\"https:\/\/demo.sdbaos.org\/\"},{\"@type\":\"ListItem\",\"position\":2,\"name\":\"Who we are\"}]},{\"@type\":\"WebSite\",\"@id\":\"https:\/\/demo.sdbaos.org\/#website\",\"url\":\"https:\/\/demo.sdbaos.org\/\",\"name\":\"Salesians of Don Bosco, West Africa South Province (AOS PROVINCE)\",\"description\":\"Salesians of Don Bosco, West Africa South Province (AOS PROVINCE)\",\"publisher\":{\"@id\":\"https:\/\/demo.sdbaos.org\/#organization\"},\"potentialAction\":[{\"@type\":\"SearchAction\",\"target\":{\"@type\":\"EntryPoint\",\"urlTemplate\":\"https:\/\/demo.sdbaos.org\/?s={search_term_string}\"},\"query-input\":{\"@type\":\"PropertyValueSpecification\",\"valueRequired\":true,\"valueName\":\"search_term_string\"}}],\"inLanguage\":\"fr-FR\"},{\"@type\":\"Organization\",\"@id\":\"https:\/\/demo.sdbaos.org\/#organization\",\"name\":\"Salesians of Don Bosco, West Africa South Province (AOS PROVINCE)\",\"url\":\"https:\/\/demo.sdbaos.org\/\",\"logo\":{\"@type\":\"ImageObject\",\"inLanguage\":\"fr-FR\",\"@id\":\"https:\/\/demo.sdbaos.org\/#\/schema\/logo\/image\/\",\"url\":\"https:\/\/sdbaos.org\/wp-content\/uploads\/2022\/07\/Salesians_logo.png\",\"contentUrl\":\"https:\/\/sdbaos.org\/wp-content\/uploads\/2022\/07\/Salesians_logo.png\",\"width\":512,\"height\":512,\"caption\":\"Salesians of Don Bosco, West Africa South Province (AOS PROVINCE)\"},\"image\":{\"@id\":\"https:\/\/demo.sdbaos.org\/#\/schema\/logo\/image\/\"},\"sameAs\":[\"https:\/\/www.facebook.com\/sdbaos\",\"https:\/\/x.com\/AosProvince\",\"https:\/\/www.youtube.com\/channel\/UCWycprz8hQZSI54ZQpTZ5xw\"]}]}<\/script>\n<!-- \/ Yoast SEO plugin. -->","yoast_head_json":{"title":"Who we are - Salesians of Don Bosco, West Africa South Province (AOS PROVINCE)","robots":{"index":"index","follow":"follow","max-snippet":"max-snippet:-1","max-image-preview":"max-image-preview:large","max-video-preview":"max-video-preview:-1"},"canonical":"https:\/\/demo.sdbaos.org\/fr\/who-we-are\/","og_locale":"fr_FR","og_type":"article","og_title":"Who we are - Salesians of Don Bosco, West Africa South Province (AOS PROVINCE)","og_url":"https:\/\/demo.sdbaos.org\/fr\/who-we-are\/","og_site_name":"Salesians of Don Bosco, West Africa South Province (AOS PROVINCE)","article_publisher":"https:\/\/www.facebook.com\/sdbaos","article_modified_time":"2022-08-18T10:57:40+00:00","twitter_card":"summary_large_image","twitter_site":"@AosProvince","twitter_misc":{"Dur\u00e9e de lecture estim\u00e9e":"6 minutes"},"schema":{"@context":"https:\/\/schema.org","@graph":[{"@type":"WebPage","@id":"https:\/\/demo.sdbaos.org\/who-we-are\/","url":"https:\/\/demo.sdbaos.org\/who-we-are\/","name":"Who we are - Salesians of Don Bosco, West Africa South Province (AOS PROVINCE)","isPartOf":{"@id":"https:\/\/demo.sdbaos.org\/#website"},"datePublished":"2022-07-29T02:35:54+00:00","dateModified":"2022-08-18T10:57:40+00:00","breadcrumb":{"@id":"https:\/\/demo.sdbaos.org\/who-we-are\/#breadcrumb"},"inLanguage":"fr-FR","potentialAction":[{"@type":"ReadAction","target":["https:\/\/demo.sdbaos.org\/who-we-are\/"]}]},{"@type":"BreadcrumbList","@id":"https:\/\/demo.sdbaos.org\/who-we-are\/#breadcrumb","itemListElement":[{"@type":"ListItem","position":1,"name":"Home","item":"https:\/\/demo.sdbaos.org\/"},{"@type":"ListItem","position":2,"name":"Who we are"}]},{"@type":"WebSite","@id":"https:\/\/demo.sdbaos.org\/#website","url":"https:\/\/demo.sdbaos.org\/","name":"Salesians of Don Bosco, West Africa South Province (AOS PROVINCE)","description":"Salesians of Don Bosco, West Africa South Province (AOS PROVINCE)","publisher":{"@id":"https:\/\/demo.sdbaos.org\/#organization"},"potentialAction":[{"@type":"SearchAction","target":{"@type":"EntryPoint","urlTemplate":"https:\/\/demo.sdbaos.org\/?s={search_term_string}"},"query-input":{"@type":"PropertyValueSpecification","valueRequired":true,"valueName":"search_term_string"}}],"inLanguage":"fr-FR"},{"@type":"Organization","@id":"https:\/\/demo.sdbaos.org\/#organization","name":"Salesians of Don Bosco, West Africa South Province (AOS PROVINCE)","url":"https:\/\/demo.sdbaos.org\/","logo":{"@type":"ImageObject","inLanguage":"fr-FR","@id":"https:\/\/demo.sdbaos.org\/#\/schema\/logo\/image\/","url":"https:\/\/sdbaos.org\/wp-content\/uploads\/2022\/07\/Salesians_logo.png","contentUrl":"https:\/\/sdbaos.org\/wp-content\/uploads\/2022\/07\/Salesians_logo.png","width":512,"height":512,"caption":"Salesians of Don Bosco, West Africa South Province (AOS PROVINCE)"},"image":{"@id":"https:\/\/demo.sdbaos.org\/#\/schema\/logo\/image\/"},"sameAs":["https:\/\/www.facebook.com\/sdbaos","https:\/\/x.com\/AosProvince","https:\/\/www.youtube.com\/channel\/UCWycprz8hQZSI54ZQpTZ5xw"]}]}},"campaignId":"","jetpack_sharing_enabled":true,"_links":{"self":[{"href":"https:\/\/demo.sdbaos.org\/fr\/wp-json\/wp\/v2\/pages\/1627","targetHints":{"allow":["GET"]}}],"collection":[{"href":"https:\/\/demo.sdbaos.org\/fr\/wp-json\/wp\/v2\/pages"}],"about":[{"href":"https:\/\/demo.sdbaos.org\/fr\/wp-json\/wp\/v2\/types\/page"}],"author":[{"embeddable":true,"href":"https:\/\/demo.sdbaos.org\/fr\/wp-json\/wp\/v2\/users\/1"}],"replies":[{"embeddable":true,"href":"https:\/\/demo.sdbaos.org\/fr\/wp-json\/wp\/v2\/comments?post=1627"}],"version-history":[{"count":27,"href":"https:\/\/demo.sdbaos.org\/fr\/wp-json\/wp\/v2\/pages\/1627\/revisions"}],"predecessor-version":[{"id":2288,"href":"https:\/\/demo.sdbaos.org\/fr\/wp-json\/wp\/v2\/pages\/1627\/revisions\/2288"}],"wp:attachment":[{"href":"https:\/\/demo.sdbaos.org\/fr\/wp-json\/wp\/v2\/media?parent=1627"}],"curies":[{"name":"wp","href":"https:\/\/api.w.org\/{rel}","templated":true}]}}