{"id":1030,"date":"2017-03-25T19:36:16","date_gmt":"2017-03-25T19:36:16","guid":{"rendered":"http:\/\/godgrace.premiumthemes.in\/?page_id=1030"},"modified":"2022-08-26T12:35:44","modified_gmt":"2022-08-26T12:35:44","slug":"contact-us","status":"publish","type":"page","link":"https:\/\/demo.sdbaos.org\/fr\/contact-us\/","title":{"rendered":"Nous contacter"},"content":{"rendered":"<div class=\"vc_row wpb_row vc_row-fluid\"><div class=\"wpb_column vc_column_container vc_col-sm-12\"><div class=\"vc_column-inner vc_custom_1479795333979\"><div class=\"wpb_wrapper\"><div  class=\"clear swmsc_gap\" style=\"margin:20px 0 0 0;\"><\/div><div  class=\"theactivism-font-heading center\" ><div style=\"font-size:50px; color:#222222; font-weight:bold; line-height:60px;\">\n\t\t\t\t\tConnecte-toi avec nous\n\t\t\t\t\t<\/div><\/div><div  class=\"theactivism-font-heading center\" ><div style=\"font-size:18px; color:#888888; font-weight:normal; line-height:30px;\">\n\t\t\t\t\tEnvoie-nous un message\n\t\t\t\t\t<\/div><\/div><div  class=\"swmsc_custom_dividers swmsc_dividers_line3 text_align_center\" style=\"margin-top:25px;margin-bottom:40px; clear:both;\"><span style=\"max-width:50px;background-color:#ec5355;\"><\/span><\/div><div   >\n\t\t\t\t\t\t<div class=\"swmsc_container\">\n\t\t\t\t\t\t\t<div class=\"vc_row wpb_row vc_inner vc_row-fluid\"><div class=\"wpb_column vc_column_container vc_col-sm-3\"><div class=\"vc_column-inner\"><div class=\"wpb_wrapper\"><div   >\n\t\t\t\t\t\t<div class=\"swmsc_services_icons swmsc_responsive_services swmsc_services_item_center\" data-responsive=\"767\" data-margin=\"20\" >\n\t\t\t\t\t\t\t\t<div class=\"swmsc_services_item_holder swmsc_services_icon_medium\" style=\"margin-bottom:20px;\">\n\t\t\t\t\t\t\t\t<span style=\"border:0px solid #f1f1f1; border-radius:0; background:#f1f1f1;\">\n\t\t\t\t\t\t\t\t\t<i class=\"fa fa-map-marker\" style=\"color:#ec5355;\"><\/i>\n\t\t\t\t\t\t\t\t<\/span>\n\t\t\t\t\t\t\t<\/div>\n\t\t\t\t\t\t\t<div class=\"swmsc_services_icon_content\">\n\t\t\t\t\t\t\t\t<h5 style=\"font-size:22px; color:#444444;margin-bottom:5px;\">Notre adresse<\/h5>\n\t\t\t\t\t\t\t\tSal\u00e9siens de Don Bosco AOS<br \/> Case postale 776<br \/> Ashaiman,<br \/> Ghana-Afrique de l&#039;Ouest.\n\t\t\t\t\t\t\t\t<\/div>\n\t\t\t\t\t\t\t<div class=\"clear\"><\/div>\n\t\t\t\t\t\t<\/div>\n\t\t\t\t\t\t<div class=\"clear\"><\/div>\n\t\t\t\t\t<\/div><div  class=\"clear swmsc_gap\" style=\"margin:25px 0 0 0;\"><\/div><\/div><\/div><\/div><div class=\"wpb_column vc_column_container vc_col-sm-3\"><div class=\"vc_column-inner\"><div class=\"wpb_wrapper\"><div   >\n\t\t\t\t\t\t<div class=\"swmsc_services_icons swmsc_responsive_services swmsc_services_item_center\" data-responsive=\"767\" data-margin=\"20\" >\n\t\t\t\t\t\t\t\t<div class=\"swmsc_services_item_holder swmsc_services_icon_medium\" style=\"margin-bottom:20px;\">\n\t\t\t\t\t\t\t\t<span style=\"border:0px solid #f1f1f1; border-radius:0; background:#f1f1f1;\">\n\t\t\t\t\t\t\t\t\t<i class=\"fa fa-phone\" style=\"color:#ec5355;\"><\/i>\n\t\t\t\t\t\t\t\t<\/span>\n\t\t\t\t\t\t\t<\/div>\n\t\t\t\t\t\t\t<div class=\"swmsc_services_icon_content\">\n\t\t\t\t\t\t\t\t<h5 style=\"font-size:22px; color:#444444;margin-bottom:5px;\">Num\u00e9ro de t\u00e9l\u00e9phone<\/h5>\n\t\t\t\t\t\t\t\tBureau : (+233) 030 332 1846<br \/>\nBureau : (+233) 030 330 1771\n\t\t\t\t\t\t\t\t<\/div>\n\t\t\t\t\t\t\t<div class=\"clear\"><\/div>\n\t\t\t\t\t\t<\/div>\n\t\t\t\t\t\t<div class=\"clear\"><\/div>\n\t\t\t\t\t<\/div><div  class=\"clear swmsc_gap\" style=\"margin:25px 0 0 0;\"><\/div><\/div><\/div><\/div><div class=\"wpb_column vc_column_container vc_col-sm-3\"><div class=\"vc_column-inner\"><div class=\"wpb_wrapper\"><div   >\n\t\t\t\t\t\t<div class=\"swmsc_services_icons swmsc_responsive_services swmsc_services_item_center\" data-responsive=\"767\" data-margin=\"20\" >\n\t\t\t\t\t\t\t\t<div class=\"swmsc_services_item_holder swmsc_services_icon_medium\" style=\"margin-bottom:20px;\">\n\t\t\t\t\t\t\t\t<span style=\"border:0px solid #f1f1f1; border-radius:0; background:#f1f1f1;\">\n\t\t\t\t\t\t\t\t\t<i class=\"fa fa-envelope-o\" style=\"color:#ec5355;\"><\/i>\n\t\t\t\t\t\t\t\t<\/span>\n\t\t\t\t\t\t\t<\/div>\n\t\t\t\t\t\t\t<div class=\"swmsc_services_icon_content\">\n\t\t\t\t\t\t\t\t<h5 style=\"font-size:22px; color:#444444;margin-bottom:5px;\">E-mails<\/h5>\n\t\t\t\t\t\t\t\t<a href=\"mailto:projects.sdbaos@gmail.com\">projets.sdbaos@gmail.com<\/a><br \/><a href=\"mailto:sdbaosadm@gmail.com%20\/\">sdbaosadm@gmail.com<\/a><br \/><a href=\"mailto:economersdbafw@gmail.com\">economersdbafw@gmail.com<\/a><br \/><a href=\"mailto:info@sdbaos.com\">info@sdbaos.com<\/a>\n\t\t\t\t\t\t\t\t<\/div>\n\t\t\t\t\t\t\t<div class=\"clear\"><\/div>\n\t\t\t\t\t\t<\/div>\n\t\t\t\t\t\t<div class=\"clear\"><\/div>\n\t\t\t\t\t<\/div><div  class=\"clear swmsc_gap\" style=\"margin:25px 0 0 0;\"><\/div><\/div><\/div><\/div><div class=\"wpb_column vc_column_container vc_col-sm-3\"><div class=\"vc_column-inner\"><div class=\"wpb_wrapper\"><div  class=\"center\" >\n\t\t\t\t\t\t<div class=\"swmsc_services_icons swmsc_responsive_services swmsc_services_item_center\" data-responsive=\"767\" data-margin=\"20\" >\n\t\t\t\t\t\t\t\t<div class=\"swmsc_services_item_holder swmsc_services_icon_medium\" style=\"margin-bottom:20px;\">\n\t\t\t\t\t\t\t\t<span style=\"border:0px solid #f1f1f1; border-radius:0; background:#f1f1f1;\">\n\t\t\t\t\t\t\t\t\t<i class=\"fa fa-clock-o\" style=\"color:#ec5355;\"><\/i>\n\t\t\t\t\t\t\t\t<\/span>\n\t\t\t\t\t\t\t<\/div>\n\t\t\t\t\t\t\t<div class=\"swmsc_services_icon_content\">\n\t\t\t\t\t\t\t\t<h5 style=\"font-size:22px; color:#444444;margin-bottom:5px;\">Horaires d&#039;ouvertures<\/h5>\n\t\t\t\t\t\t\t\tLun \u2013 Ven : 8h00 \u2013 17h30\n\t\t\t\t\t\t\t\t<\/div>\n\t\t\t\t\t\t\t<div class=\"clear\"><\/div>\n\t\t\t\t\t\t<\/div>\n\t\t\t\t\t\t<div class=\"clear\"><\/div>\n\t\t\t\t\t<\/div><\/div><\/div><\/div><\/div>\n\t\t\t\t\t\t\t<div class=\"clear\"><\/div>\n\t\t\t\t\t\t<\/div>\n\t\t\t\t\t<\/div><div  class=\"clear swmsc_gap\" style=\"margin:40px 0 0 0;\"><\/div><\/div><\/div><\/div><\/div><div class=\"vc_row wpb_row vc_row-fluid vc_custom_1503484991118\"><div class=\"wpb_column vc_column_container vc_col-sm-12\"><div class=\"vc_column-inner vc_custom_1503485196739\"><div class=\"wpb_wrapper\"><div  class=\"swmsc_full_width_section\" style=\" background-color:#ffffff;background-image:url(https:\/\/demo.sdbaos.org\/wp-content\/uploads\/2017\/03\/sample-darkbg2.jpg); background-position:center center; background-size: cover; padding-top:100px; padding-bottom:100px; margin-top:0px; margin-bottom:0px;  \">\n\t\t\t\t\t\t<div class=\"swmsc_container\">\n\t\t\t\t\t\t\t<div class=\"vc_row wpb_row vc_inner vc_row-fluid\"><div class=\"wpb_column vc_column_container vc_col-sm-12\"><div class=\"vc_column-inner\"><div class=\"wpb_wrapper\"><div  class=\"theactivism-font-heading center\" ><div style=\"font-size:50px; color:#ffffff; font-weight:bold; line-height:60px;\">\n\t\t\t\t\tFormulaire de contact\n\t\t\t\t\t<\/div><\/div><div  class=\"theactivism-font-heading center\" ><div style=\"font-size:18px; color:#ffffff; font-weight:normal; line-height:30px;\">\n\t\t\t\t\tEnvoyez-nous un message en utilisant le formulaire ci-dessous\n\t\t\t\t\t<\/div><\/div><div  class=\"clear swmsc_gap\" style=\"margin:50px 0 0 0;\"><\/div><\/div><\/div><\/div><\/div><div class=\"vc_row wpb_row vc_inner vc_row-fluid vc_custom_1503485424810\"><div class=\"wpb_column vc_column_container vc_col-sm-12 vc_col-has-fill\"><div class=\"vc_column-inner vc_custom_1503486748376\"><div class=\"wpb_wrapper\">\n<div class=\"wpcf7 no-js\" id=\"wpcf7-f1615-o1\" lang=\"en-GB\" dir=\"ltr\" data-wpcf7-id=\"1615\">\n<div class=\"screen-reader-response\"><p role=\"status\" aria-live=\"polite\" aria-atomic=\"true\"><\/p> <ul><\/ul><\/div>\n<form action=\"\/fr\/wp-json\/wp\/v2\/pages\/1030#wpcf7-f1615-o1\" method=\"post\" class=\"wpcf7-form init\" aria-label=\"Contact form\" novalidate=\"novalidate\" data-status=\"init\" data-trp-original-action=\"\/fr\/wp-json\/wp\/v2\/pages\/1030#wpcf7-f1615-o1\">\n<div style=\"display: none;\">\n<input type=\"hidden\" name=\"_wpcf7\" value=\"1615\" \/>\n<input type=\"hidden\" name=\"_wpcf7_version\" value=\"6.0.6\" \/>\n<input type=\"hidden\" name=\"_wpcf7_locale\" value=\"en_GB\" \/>\n<input type=\"hidden\" name=\"_wpcf7_unit_tag\" value=\"wpcf7-f1615-o1\" \/>\n<input type=\"hidden\" name=\"_wpcf7_container_post\" value=\"0\" \/>\n<input type=\"hidden\" name=\"_wpcf7_posted_data_hash\" value=\"\" \/>\n<input type=\"hidden\" name=\"_wpcf7_recaptcha_response\" value=\"\" \/>\n<\/div>\n<div class=\"godgrace_row\" >\n\t<div class=\"godgrace_column godgrace_column2\">\n\t\t<div class=\"godgrace_column_gap\">\n\t\t\t<p><label> Votre nom * <\/label><span class=\"wpcf7-form-control-wrap\" data-name=\"your-name\"><input size=\"40\" maxlength=\"400\" class=\"wpcf7-form-control wpcf7-text wpcf7-validates-as-required\" aria-required=\"true\" aria-invalid=\"false\" value=\"\" type=\"text\" name=\"your-name\" \/><\/span><br \/>\n<label> Votre e-mail * <\/label><span class=\"wpcf7-form-control-wrap\" data-name=\"your-email\"><input size=\"40\" maxlength=\"400\" class=\"wpcf7-form-control wpcf7-email wpcf7-validates-as-required wpcf7-text wpcf7-validates-as-email\" aria-required=\"true\" aria-invalid=\"false\" value=\"\" type=\"email\" name=\"your-email\" \/><\/span><br \/>\n<label> Mati\u00e8re <span class=\"wpcf7-form-control-wrap\" data-name=\"your-subject\"><input size=\"40\" maxlength=\"400\" class=\"wpcf7-form-control wpcf7-text wpcf7-validates-as-required\" aria-required=\"true\" aria-invalid=\"false\" value=\"\" type=\"text\" name=\"your-subject\" \/><\/span> <\/label>\n\t\t\t<\/p>\n\t\t<\/div>\n\t<\/div>\n\t<div class=\"godgrace_column godgrace_column2\">\n\t\t<div class=\"godgrace_column_gap\">\n\t\t\t<p><label> Votre message <span class=\"wpcf7-form-control-wrap\" data-name=\"your-message\"><textarea cols=\"40\" rows=\"10\" maxlength=\"2000\" class=\"wpcf7-form-control wpcf7-textarea\" aria-invalid=\"false\" name=\"your-message\"><\/textarea><\/span> <\/label>\n\t\t\t<\/p>\n\t\t<\/div>\n\t<\/div>\n<\/div>\n<div class=\"center clear\" >\n\t<p><input class=\"wpcf7-form-control wpcf7-submit has-spinner\" type=\"submit\" value=\"ENVOYER LE MESSAGE\" \/>\n\t<\/p>\n<\/div><div class=\"wpcf7-response-output\" aria-hidden=\"true\"><\/div>\n<input type=\"hidden\" name=\"trp-form-language\" value=\"fr\"\/><\/form>\n<\/div>\n<\/div><\/div><\/div><\/div>\n\t\t\t\t\t\t\t<div class=\"clear\"><\/div>\n\t\t\t\t\t\t<\/div>\n\t\t\t\t\t<\/div><\/div><\/div><\/div><\/div><div class=\"vc_row wpb_row vc_row-fluid\"><div class=\"wpb_column vc_column_container vc_col-sm-12\"><div class=\"vc_column-inner vc_custom_1479783491807\"><div class=\"wpb_wrapper\"><div  class=\"swmsc_full_width_section\" style=\" background-color:#f2f2f2;background-size: auto;  padding-top:70px; padding-bottom:130px; margin-top:0px; margin-bottom:0px;  \">\n\t\t\t\t\t\t<div class=\"swmsc_container\">\n\t\t\t\t\t\t\t<div class=\"vc_row wpb_row vc_inner vc_row-fluid\"><div class=\"wpb_column vc_column_container vc_col-sm-2\"><div class=\"vc_column-inner\"><div class=\"wpb_wrapper\"><\/div><\/div><\/div><div class=\"wpb_column vc_column_container vc_col-sm-8\"><div class=\"vc_column-inner\"><div class=\"wpb_wrapper\"><div  class=\"theactivism-font-heading center\" ><div style=\"font-size:50px; color:#222222; font-weight:bold; line-height:60px;\">\n\t\t\t\t\tAutres emplacements\n\t\t\t\t\t<\/div><\/div><div  class=\"theactivism-font-heading center\" ><div style=\"font-size:18px; color:#666666; font-weight:normal; line-height:30px;\">\n\t\t\t\t\tVisitez-nous dans notre autre emplacement \u00e0 travers le monde\n\t\t\t\t\t<\/div><\/div><div  class=\"clear swmsc_gap\" style=\"margin:50px 0 0 0;\"><\/div><\/div><\/div><\/div><div class=\"wpb_column vc_column_container vc_col-sm-2\"><div class=\"vc_column-inner\"><div class=\"wpb_wrapper\"><\/div><\/div><\/div><\/div><div class=\"vc_row wpb_row vc_inner vc_row-fluid\"><div class=\"wpb_column vc_column_container vc_col-sm-6\"><div class=\"vc_column-inner\"><div class=\"wpb_wrapper\"><div   >\n\t\t\t\t\t\t<div class=\"swmsc_service_box\" style=\"background-color:;;border:4px solid rgba(0,0,0,0.11); border-radius:0;margin-bottom:30px;\">\n\t\t\t\t\t\t\t<div class=\"swmsc_service_box_content auto_width\" style=\"padding:25px; border-radius:0;\">\n\t\t\t\t\t\t\t\t<div   >\n\t\t\t\t\t\t<div class=\"swmsc_services_images swmsc_responsive_services swmsc_services_item_left\" data-responsive=\"767\" data-margin=\"20\" >\n\t\t\t\t\t\t\t\t<div class=\"swmsc_services_item_holder\" style=\"margin-right:20px;\">\n\t\t\t\t\t\t\t\t<span>\n\t\t\t\t\t\t\t\t\t<img decoding=\"async\" src=\"https:\/\/demo.sdbaos.org\/wp-content\/uploads\/2017\/03\/sample-contact.jpg\" alt=\"\" style=\"border:0px solid rgba(10,10,10,0.1); border-radius:0; padding:0px;\" \/>\n\t\t\t\t\t\t\t\t<\/span>\n\t\t\t\t\t\t\t<\/div>\n\t\t\t\t\t\t\t<div class=\"swmsc_services_image_content\">\n\t\t\t\t\t\t\t\t<h5 style=\"font-size:22px; color:#303030;margin-bottom:5px;\">Sierra Leone<\/h5>\n\t\t\t\t\t\t\t\t<span style=\"color: #444444;\">Sal\u00e9siens de Don Bosco AOS, PO Box 776, Ashaiman- Ghana. <br \/> T\u00e9l : (+233) 303301771 | <br \/> E-mail:<a href=\"mailto:projects.sdbaos@gmail.com\">projets.sdbaos@gmail.com,<\/a><br \/>\n<a href=\"mailto:info@sdbaos.com\">info@sdbaos.com<\/a><\/span>\n\t\t\t\t\t\t\t\t<div class=\"clear\"><\/div>\n\t\t\t\t\t\t\t\t<\/div>\n\t\t\t\t\t\t\t<div class=\"clear\"><\/div>\n\t\t\t\t\t\t<\/div>\n\t\t\t\t\t\t<div class=\"clear\"><\/div>\n\t\t\t\t\t<\/div>\n\t\t\t\t\t\t\t\t<div class=\"clear\"><\/div>\n\t\t\t\t\t\t\t<\/div>\n\t\t\t\t\t\t<\/div>\n\t\t\t\t\t<\/div><div   >\n\t\t\t\t\t\t<div class=\"swmsc_service_box\" style=\"background-color:;;border:4px solid rgba(0,0,0,0.11); border-radius:0;margin-bottom:30px;\">\n\t\t\t\t\t\t\t<div class=\"swmsc_service_box_content auto_width\" style=\"padding:25px; border-radius:0;\">\n\t\t\t\t\t\t\t\t<div   >\n\t\t\t\t\t\t<div class=\"swmsc_services_images swmsc_responsive_services swmsc_services_item_left\" data-responsive=\"767\" data-margin=\"20\" >\n\t\t\t\t\t\t\t\t<div class=\"swmsc_services_item_holder\" style=\"margin-right:20px;\">\n\t\t\t\t\t\t\t\t<span>\n\t\t\t\t\t\t\t\t\t<img decoding=\"async\" src=\"https:\/\/demo.sdbaos.org\/wp-content\/uploads\/2017\/03\/sample-contact.jpg\" alt=\"\" style=\"border:0px solid rgba(10,10,10,0.1); border-radius:0; padding:0px;\" \/>\n\t\t\t\t\t\t\t\t<\/span>\n\t\t\t\t\t\t\t<\/div>\n\t\t\t\t\t\t\t<div class=\"swmsc_services_image_content\">\n\t\t\t\t\t\t\t\t<h5 style=\"font-size:22px; color:#303030;margin-bottom:5px;\">C\u00f4te d&#039;Ivoire<\/h5>\n\t\t\t\t\t\t\t\t<span style=\"color: #444444;\">Sal\u00e9siens de Don Bosco AOS, PO Box 776, Ashaiman- Ghana. <br \/> T\u00e9l : (+233) 303301771 | <br \/> E-mail:<a href=\"mailto:projects.sdbaos@gmail.com\">projets.sdbaos@gmail.com,<\/a><br \/>\n<a href=\"mailto:info@sdbaos.com\">info@sdbaos.com<\/a><\/span>\n\t\t\t\t\t\t\t\t<div class=\"clear\"><\/div>\n\t\t\t\t\t\t\t\t<\/div>\n\t\t\t\t\t\t\t<div class=\"clear\"><\/div>\n\t\t\t\t\t\t<\/div>\n\t\t\t\t\t\t<div class=\"clear\"><\/div>\n\t\t\t\t\t<\/div>\n\t\t\t\t\t\t\t\t<div class=\"clear\"><\/div>\n\t\t\t\t\t\t\t<\/div>\n\t\t\t\t\t\t<\/div>\n\t\t\t\t\t<\/div><\/div><\/div><\/div><div class=\"wpb_column vc_column_container vc_col-sm-6\"><div class=\"vc_column-inner\"><div class=\"wpb_wrapper\"><div   >\n\t\t\t\t\t\t<div class=\"swmsc_service_box\" style=\"background-color:;;border:4px solid rgba(0,0,0,0.1); border-radius:0;margin-bottom:30px;\">\n\t\t\t\t\t\t\t<div class=\"swmsc_service_box_content auto_width\" style=\"padding:25px; border-radius:0;\">\n\t\t\t\t\t\t\t\t<div   >\n\t\t\t\t\t\t<div class=\"swmsc_services_images swmsc_responsive_services swmsc_services_item_left\" data-responsive=\"767\" data-margin=\"20\" >\n\t\t\t\t\t\t\t\t<div class=\"swmsc_services_item_holder\" style=\"margin-right:20px;\">\n\t\t\t\t\t\t\t\t<span>\n\t\t\t\t\t\t\t\t\t<img decoding=\"async\" src=\"https:\/\/demo.sdbaos.org\/wp-content\/uploads\/2017\/03\/sample-contact.jpg\" alt=\"\" style=\"border:0px solid #e6e6e6; border-radius:0; padding:0px;\" \/>\n\t\t\t\t\t\t\t\t<\/span>\n\t\t\t\t\t\t\t<\/div>\n\t\t\t\t\t\t\t<div class=\"swmsc_services_image_content\">\n\t\t\t\t\t\t\t\t<h5 style=\"font-size:22px; color:#303030;margin-bottom:5px;\">Aller<\/h5>\n\t\t\t\t\t\t\t\t<span style=\"color: #444444;\">Sal\u00e9siens de Don Bosco AOS, PO Box 776, Ashaiman- Ghana. <br \/> T\u00e9l : (+233) 303301771 | <br \/> E-mail:<a href=\"mailto:projects.sdbaos@gmail.com\">projets.sdbaos@gmail.com,<\/a><br \/>\n<a href=\"mailto:info@sdbaos.com\">info@sdbaos.com<\/a><\/span>\n\t\t\t\t\t\t\t\t<div class=\"clear\"><\/div>\n\t\t\t\t\t\t\t\t<\/div>\n\t\t\t\t\t\t\t<div class=\"clear\"><\/div>\n\t\t\t\t\t\t<\/div>\n\t\t\t\t\t\t<div class=\"clear\"><\/div>\n\t\t\t\t\t<\/div>\n\t\t\t\t\t\t\t\t<div class=\"clear\"><\/div>\n\t\t\t\t\t\t\t<\/div>\n\t\t\t\t\t\t<\/div>\n\t\t\t\t\t<\/div><div   >\n\t\t\t\t\t\t<div class=\"swmsc_service_box\" style=\"background-color:;;border:4px solid rgba(0,0,0,0.1); border-radius:0;margin-bottom:30px;\">\n\t\t\t\t\t\t\t<div class=\"swmsc_service_box_content auto_width\" style=\"padding:25px; border-radius:0;\">\n\t\t\t\t\t\t\t\t<div   >\n\t\t\t\t\t\t<div class=\"swmsc_services_images swmsc_responsive_services swmsc_services_item_left\" data-responsive=\"767\" data-margin=\"20\" >\n\t\t\t\t\t\t\t\t<div class=\"swmsc_services_item_holder\" style=\"margin-right:20px;\">\n\t\t\t\t\t\t\t\t<span>\n\t\t\t\t\t\t\t\t\t<img decoding=\"async\" src=\"https:\/\/demo.sdbaos.org\/wp-content\/uploads\/2017\/03\/sample-contact.jpg\" alt=\"\" style=\"border:0px solid #e6e6e6; border-radius:0; padding:0px;\" \/>\n\t\t\t\t\t\t\t\t<\/span>\n\t\t\t\t\t\t\t<\/div>\n\t\t\t\t\t\t\t<div class=\"swmsc_services_image_content\">\n\t\t\t\t\t\t\t\t<h5 style=\"font-size:22px; color:#303030;margin-bottom:5px;\">Lib\u00e9ria<\/h5>\n\t\t\t\t\t\t\t\t<span style=\"color: #444444;\">Sal\u00e9siens de Don Bosco AOS, PO Box 776, Ashaiman- Ghana. <br \/> T\u00e9l : (+233) 303301771 | <br \/> E-mail:<a href=\"mailto:projects.sdbaos@gmail.com\">projets.sdbaos@gmail.com,<\/a><br \/>\n<a href=\"mailto:info@sdbaos.com\">info@sdbaos.com<\/a><\/span>\n\t\t\t\t\t\t\t\t<div class=\"clear\"><\/div>\n\t\t\t\t\t\t\t\t<\/div>\n\t\t\t\t\t\t\t<div class=\"clear\"><\/div>\n\t\t\t\t\t\t<\/div>\n\t\t\t\t\t\t<div class=\"clear\"><\/div>\n\t\t\t\t\t<\/div>\n\t\t\t\t\t\t\t\t<div class=\"clear\"><\/div>\n\t\t\t\t\t\t\t<\/div>\n\t\t\t\t\t\t<\/div>\n\t\t\t\t\t<\/div><\/div><\/div><\/div><\/div>\n\t\t\t\t\t\t\t<div class=\"clear\"><\/div>\n\t\t\t\t\t\t<\/div>\n\t\t\t\t\t<\/div><\/div><\/div><\/div><\/div>","protected":false},"excerpt":{"rendered":"Connect With Us Send us a message Our Address Salesians of Don Bosco AOS P.O. Box 776 Ashaiman, Ghana-West Africa. Phone Number Office: (+233) 030 332 1846 Office: (+233) 030 330 1771 Emails projects.sdbaos@gmail.comsdbaosadm@gmail.comeconomersdbafw@gmail.cominfo@sdbaos.com Opening Hours Mon - Fri : 8:00 am - 5:30 pm Contact Form Send Us a [...]","protected":false},"author":1,"featured_media":0,"parent":0,"menu_order":0,"comment_status":"closed","ping_status":"closed","template":"templates\/100-width.php","meta":{"give_campaign_id":0,"om_disable_all_campaigns":false,"footnotes":""},"class_list":["post-1030","page","type-page","status-publish","hentry"],"yoast_head":"<!-- This site is optimized with the Yoast SEO plugin v26.9 - https:\/\/yoast.com\/product\/yoast-seo-wordpress\/ -->\n<title>Contact Us - Salesians of Don Bosco, West Africa South Province (AOS PROVINCE)<\/title>\n<meta name=\"robots\" content=\"index, follow, max-snippet:-1, max-image-preview:large, max-video-preview:-1\" \/>\n<link rel=\"canonical\" href=\"https:\/\/demo.sdbaos.org\/fr\/contact-us\/\" \/>\n<meta property=\"og:locale\" content=\"fr_FR\" \/>\n<meta property=\"og:type\" content=\"article\" \/>\n<meta property=\"og:title\" content=\"Contact Us - Salesians of Don Bosco, West Africa South Province (AOS PROVINCE)\" \/>\n<meta property=\"og:url\" content=\"https:\/\/demo.sdbaos.org\/fr\/contact-us\/\" \/>\n<meta property=\"og:site_name\" content=\"Salesians of Don Bosco, West Africa South Province (AOS PROVINCE)\" \/>\n<meta property=\"article:publisher\" content=\"https:\/\/www.facebook.com\/sdbaos\" \/>\n<meta property=\"article:modified_time\" content=\"2022-08-26T12:35:44+00:00\" \/>\n<meta name=\"twitter:card\" content=\"summary_large_image\" \/>\n<meta name=\"twitter:site\" content=\"@AosProvince\" \/>\n<meta name=\"twitter:label1\" content=\"Dur\u00e9e de lecture estim\u00e9e\" \/>\n\t<meta name=\"twitter:data1\" content=\"3 minutes\" \/>\n<script type=\"application\/ld+json\" class=\"yoast-schema-graph\">{\"@context\":\"https:\/\/schema.org\",\"@graph\":[{\"@type\":\"WebPage\",\"@id\":\"https:\/\/demo.sdbaos.org\/contact-us\/\",\"url\":\"https:\/\/demo.sdbaos.org\/contact-us\/\",\"name\":\"Contact Us - Salesians of Don Bosco, West Africa South Province (AOS PROVINCE)\",\"isPartOf\":{\"@id\":\"https:\/\/demo.sdbaos.org\/#website\"},\"datePublished\":\"2017-03-25T19:36:16+00:00\",\"dateModified\":\"2022-08-26T12:35:44+00:00\",\"breadcrumb\":{\"@id\":\"https:\/\/demo.sdbaos.org\/contact-us\/#breadcrumb\"},\"inLanguage\":\"fr-FR\",\"potentialAction\":[{\"@type\":\"ReadAction\",\"target\":[\"https:\/\/demo.sdbaos.org\/contact-us\/\"]}]},{\"@type\":\"BreadcrumbList\",\"@id\":\"https:\/\/demo.sdbaos.org\/contact-us\/#breadcrumb\",\"itemListElement\":[{\"@type\":\"ListItem\",\"position\":1,\"name\":\"Home\",\"item\":\"https:\/\/demo.sdbaos.org\/\"},{\"@type\":\"ListItem\",\"position\":2,\"name\":\"Contact Us\"}]},{\"@type\":\"WebSite\",\"@id\":\"https:\/\/demo.sdbaos.org\/#website\",\"url\":\"https:\/\/demo.sdbaos.org\/\",\"name\":\"Salesians of Don Bosco, West Africa South Province (AOS PROVINCE)\",\"description\":\"Salesians of Don Bosco, West Africa South Province (AOS PROVINCE)\",\"publisher\":{\"@id\":\"https:\/\/demo.sdbaos.org\/#organization\"},\"potentialAction\":[{\"@type\":\"SearchAction\",\"target\":{\"@type\":\"EntryPoint\",\"urlTemplate\":\"https:\/\/demo.sdbaos.org\/?s={search_term_string}\"},\"query-input\":{\"@type\":\"PropertyValueSpecification\",\"valueRequired\":true,\"valueName\":\"search_term_string\"}}],\"inLanguage\":\"fr-FR\"},{\"@type\":\"Organization\",\"@id\":\"https:\/\/demo.sdbaos.org\/#organization\",\"name\":\"Salesians of Don Bosco, West Africa South Province (AOS PROVINCE)\",\"url\":\"https:\/\/demo.sdbaos.org\/\",\"logo\":{\"@type\":\"ImageObject\",\"inLanguage\":\"fr-FR\",\"@id\":\"https:\/\/demo.sdbaos.org\/#\/schema\/logo\/image\/\",\"url\":\"https:\/\/sdbaos.org\/wp-content\/uploads\/2022\/07\/Salesians_logo.png\",\"contentUrl\":\"https:\/\/sdbaos.org\/wp-content\/uploads\/2022\/07\/Salesians_logo.png\",\"width\":512,\"height\":512,\"caption\":\"Salesians of Don Bosco, West Africa South Province (AOS PROVINCE)\"},\"image\":{\"@id\":\"https:\/\/demo.sdbaos.org\/#\/schema\/logo\/image\/\"},\"sameAs\":[\"https:\/\/www.facebook.com\/sdbaos\",\"https:\/\/x.com\/AosProvince\",\"https:\/\/www.youtube.com\/channel\/UCWycprz8hQZSI54ZQpTZ5xw\"]}]}<\/script>\n<!-- \/ Yoast SEO plugin. -->","yoast_head_json":{"title":"Contact Us - Salesians of Don Bosco, West Africa South Province (AOS PROVINCE)","robots":{"index":"index","follow":"follow","max-snippet":"max-snippet:-1","max-image-preview":"max-image-preview:large","max-video-preview":"max-video-preview:-1"},"canonical":"https:\/\/demo.sdbaos.org\/fr\/contact-us\/","og_locale":"fr_FR","og_type":"article","og_title":"Contact Us - Salesians of Don Bosco, West Africa South Province (AOS PROVINCE)","og_url":"https:\/\/demo.sdbaos.org\/fr\/contact-us\/","og_site_name":"Salesians of Don Bosco, West Africa South Province (AOS PROVINCE)","article_publisher":"https:\/\/www.facebook.com\/sdbaos","article_modified_time":"2022-08-26T12:35:44+00:00","twitter_card":"summary_large_image","twitter_site":"@AosProvince","twitter_misc":{"Dur\u00e9e de lecture estim\u00e9e":"3 minutes"},"schema":{"@context":"https:\/\/schema.org","@graph":[{"@type":"WebPage","@id":"https:\/\/demo.sdbaos.org\/contact-us\/","url":"https:\/\/demo.sdbaos.org\/contact-us\/","name":"Contact Us - Salesians of Don Bosco, West Africa South Province (AOS PROVINCE)","isPartOf":{"@id":"https:\/\/demo.sdbaos.org\/#website"},"datePublished":"2017-03-25T19:36:16+00:00","dateModified":"2022-08-26T12:35:44+00:00","breadcrumb":{"@id":"https:\/\/demo.sdbaos.org\/contact-us\/#breadcrumb"},"inLanguage":"fr-FR","potentialAction":[{"@type":"ReadAction","target":["https:\/\/demo.sdbaos.org\/contact-us\/"]}]},{"@type":"BreadcrumbList","@id":"https:\/\/demo.sdbaos.org\/contact-us\/#breadcrumb","itemListElement":[{"@type":"ListItem","position":1,"name":"Home","item":"https:\/\/demo.sdbaos.org\/"},{"@type":"ListItem","position":2,"name":"Contact Us"}]},{"@type":"WebSite","@id":"https:\/\/demo.sdbaos.org\/#website","url":"https:\/\/demo.sdbaos.org\/","name":"Salesians of Don Bosco, West Africa South Province (AOS PROVINCE)","description":"Salesians of Don Bosco, West Africa South Province (AOS PROVINCE)","publisher":{"@id":"https:\/\/demo.sdbaos.org\/#organization"},"potentialAction":[{"@type":"SearchAction","target":{"@type":"EntryPoint","urlTemplate":"https:\/\/demo.sdbaos.org\/?s={search_term_string}"},"query-input":{"@type":"PropertyValueSpecification","valueRequired":true,"valueName":"search_term_string"}}],"inLanguage":"fr-FR"},{"@type":"Organization","@id":"https:\/\/demo.sdbaos.org\/#organization","name":"Salesians of Don Bosco, West Africa South Province (AOS PROVINCE)","url":"https:\/\/demo.sdbaos.org\/","logo":{"@type":"ImageObject","inLanguage":"fr-FR","@id":"https:\/\/demo.sdbaos.org\/#\/schema\/logo\/image\/","url":"https:\/\/sdbaos.org\/wp-content\/uploads\/2022\/07\/Salesians_logo.png","contentUrl":"https:\/\/sdbaos.org\/wp-content\/uploads\/2022\/07\/Salesians_logo.png","width":512,"height":512,"caption":"Salesians of Don Bosco, West Africa South Province (AOS PROVINCE)"},"image":{"@id":"https:\/\/demo.sdbaos.org\/#\/schema\/logo\/image\/"},"sameAs":["https:\/\/www.facebook.com\/sdbaos","https:\/\/x.com\/AosProvince","https:\/\/www.youtube.com\/channel\/UCWycprz8hQZSI54ZQpTZ5xw"]}]}},"campaignId":"","jetpack_sharing_enabled":true,"_links":{"self":[{"href":"https:\/\/demo.sdbaos.org\/fr\/wp-json\/wp\/v2\/pages\/1030","targetHints":{"allow":["GET"]}}],"collection":[{"href":"https:\/\/demo.sdbaos.org\/fr\/wp-json\/wp\/v2\/pages"}],"about":[{"href":"https:\/\/demo.sdbaos.org\/fr\/wp-json\/wp\/v2\/types\/page"}],"author":[{"embeddable":true,"href":"https:\/\/demo.sdbaos.org\/fr\/wp-json\/wp\/v2\/users\/1"}],"replies":[{"embeddable":true,"href":"https:\/\/demo.sdbaos.org\/fr\/wp-json\/wp\/v2\/comments?post=1030"}],"version-history":[{"count":13,"href":"https:\/\/demo.sdbaos.org\/fr\/wp-json\/wp\/v2\/pages\/1030\/revisions"}],"predecessor-version":[{"id":2191,"href":"https:\/\/demo.sdbaos.org\/fr\/wp-json\/wp\/v2\/pages\/1030\/revisions\/2191"}],"wp:attachment":[{"href":"https:\/\/demo.sdbaos.org\/fr\/wp-json\/wp\/v2\/media?parent=1030"}],"curies":[{"name":"wp","href":"https:\/\/api.w.org\/{rel}","templated":true}]}}