{"id":1001,"date":"2017-03-25T05:39:41","date_gmt":"2017-03-25T05:39:41","guid":{"rendered":"http:\/\/godgrace.premiumthemes.in\/?page_id=1001"},"modified":"2022-08-13T21:01:13","modified_gmt":"2022-08-13T21:01:13","slug":"home","status":"publish","type":"page","link":"https:\/\/demo.sdbaos.org\/fr\/","title":{"rendered":"Maison"},"content":{"rendered":"<div class=\"vc_row wpb_row vc_row-fluid vc_custom_1657275767650 vc_row-has-fill\"><div class=\"wpb_column vc_column_container vc_col-sm-12\"><div class=\"vc_column-inner\"><div class=\"wpb_wrapper\"><div class=\"vc_row wpb_row vc_inner vc_row-fluid\"><div class=\"wpb_column vc_column_container vc_col-sm-2\"><div class=\"vc_column-inner\"><div class=\"wpb_wrapper\"><\/div><\/div><\/div><div class=\"wpb_column vc_column_container vc_col-sm-8\"><div class=\"vc_column-inner\"><div class=\"wpb_wrapper\"><div   style=\"text-align: center\">\n\t\t\t\t\t\t<div class=\"swmsc_icon_title swmsc_it_left\" style=\"margin-bottom:20px;\">\n\t\t\t\t\t\t\t<span>\n\t\t\t\t\t\t\t\t<h5 style=\"font-size:38px; color:38px;\">\n\t\t\t\t\t\t\t\t\t<i class=\"fa fa-- Select Icon -\" style=\"color:#444444;\"><\/i><span style=\"color:#ffffff;\" target=\"_self\">\u00c9nonc\u00e9 de vision et de mission<\/span>\n\t\t\t\t\t\t\t\t<\/h5>\n\t\t\t\t\t\t\t<\/span>\n\t\t\t\t\t\t<\/div>\n\t\t\t\t\t<\/div><\/div><\/div><\/div><div class=\"wpb_column vc_column_container vc_col-sm-2\"><div class=\"vc_column-inner\"><div class=\"wpb_wrapper\"><\/div><\/div><\/div><\/div><div class=\"vc_row wpb_row vc_inner vc_row-fluid\"><div class=\"wpb_column vc_column_container vc_col-sm-6\"><div class=\"vc_column-inner\"><div class=\"wpb_wrapper\"><div  class=\"swmsc_promotion_box  p_box_default\" style=\"background:#3d82bf;\">\n\t\t\t\t\t\t<div class=\"swmsc_promotion_box_text p_text\">\n\t\t\t\t\t\t\t<div class=\"swmsc_promotion_box_title_text\" style=\"  font-size:30px; color:#eded00;\">Vision<div class=\"swmsc_promotion_box_sub_title\" style=\"color:#ffffff; font-size:22px;\">\u00c9duquer, former, former, inspirer et responsabiliser les jeunes vers la croissance humaine, sociale et spirituelle conform\u00e9ment aux objectifs de la coop\u00e9ration internationale pour le d\u00e9veloppement.<\/div>\n\t\t\t\t\t\t\t<\/div>\n\t\t\t\t\t\t<\/div><div class=\"clear\"><\/div>\n\t\t\t\t\t<\/div><\/div><\/div><\/div><div class=\"wpb_column vc_column_container vc_col-sm-6\"><div class=\"vc_column-inner\"><div class=\"wpb_wrapper\"><div  class=\"swmsc_promotion_box  p_box_default\" style=\"background:#3d82bf;\">\n\t\t\t\t\t\t<div class=\"swmsc_promotion_box_text p_text\">\n\t\t\t\t\t\t\t<div class=\"swmsc_promotion_box_title_text\" style=\"  font-size:30px; color:#eded00;\">Mission<div class=\"swmsc_promotion_box_sub_title\" style=\"color:#ffffff; font-size:20px;\">Utiliser les riches valeurs culturelles et traditionnelles de l&#039;Afrique de l&#039;Ouest pour renforcer, \u00e0 travers les principes de foi v\u00e9cus par Don Bosco, la transformation int\u00e9grale des enfants et des jeunes victimes de conflits ethniques et religieux, de la pauvret\u00e9 g\u00e9n\u00e9ralis\u00e9e et des violations des droits de l&#039;homme .<\/div>\n\t\t\t\t\t\t\t<\/div>\n\t\t\t\t\t\t<\/div><div class=\"clear\"><\/div>\n\t\t\t\t\t<\/div><\/div><\/div><\/div><\/div><\/div><\/div><\/div><\/div><div class=\"vc_row wpb_row vc_row-fluid vc_custom_1657272793487 vc_row-has-fill\"><div class=\"wpb_column vc_column_container vc_col-sm-12\"><div class=\"vc_column-inner\"><div class=\"wpb_wrapper\"><div  class=\"swmsc_fancy_heading swmsc_fancy_heading_center fh_icon_fancyHeadingNoIcon\" style=\"margin-top:40px;margin-bottom:40px;\">\n\t\t\t\t\t\t<div class=\"swmsc_fancy_heading_text\" style=\"font-size:30px;line-height:36px;\">\n\t\t\t\t\t\t\t<b style=\"color: white;\">Domaines d&#039;intervention<\/b>\n\t\t\t\t\t\t\t<div class=\"swmsc_fancy_heading_border\">\n\t\t\t\t\t\t\t\t<span class=\"swmsc_fancy_heading_border1\" style=\"background:#e6e6e6;\"><\/span>\n\t\t\t\t\t\t\t\t<span class=\"swmsc_fancy_heading_border2\" style=\"background:#e6e6e6;\"><\/span>\n\t\t\t\t\t\t\t\t<span class=\"swmsc_fancy_heading_icon\"><i class=\"fa fa-fancyHeadingNoIcon\"  style=\"color:#ec5355;\"><\/i><\/span>\n\t\t\t\t\t\t\t<\/div>\n\t\t\t\t\t\t<\/div>\n\t\t\t\t\t<\/div><div class=\"vc_row wpb_row vc_inner vc_row-fluid\"><div class=\"wpb_column vc_column_container vc_col-sm-3\"><div class=\"vc_column-inner\"><div class=\"wpb_wrapper\">\n\t<div  class=\"wpb_single_image wpb_content_element vc_align_center\">\n\t\t\n\t\t<figure class=\"wpb_wrapper vc_figure\">\n\t\t\t<div class=\"vc_single_image-wrapper vc_box_border_circle  vc_box_border_grey\"><img loading=\"lazy\" decoding=\"async\" class=\"vc_single_image-img\" src=\"https:\/\/demo.sdbaos.org\/wp-content\/uploads\/2022\/07\/Children-200x200.png\" width=\"200\" height=\"200\" alt=\"Children\" title=\"Enfants\" \/><\/div>\n\t\t<\/figure>\n\t<\/div>\n<div  class=\"clear swmsc_gap\" style=\"margin:10px 0 0 0;\"><\/div><div   ><div style=\"font-size:22px; color:#ffffff; font-weight:normal; line-height:22px;\">\n\t\t\t\t\t\n<p style=\"text-align: center;\"><strong>Aide aux enfants <br \/>&amp; Jeunes \u00e0 risque<\/strong><\/p>\n\n\t\t\t\t\t<\/div><\/div><\/div><\/div><\/div><div class=\"wpb_column vc_column_container vc_col-sm-3\"><div class=\"vc_column-inner\"><div class=\"wpb_wrapper\">\n\t<div  class=\"wpb_single_image wpb_content_element vc_align_center\">\n\t\t\n\t\t<figure class=\"wpb_wrapper vc_figure\">\n\t\t\t<div class=\"vc_single_image-wrapper vc_box_border_circle  vc_box_border_grey\"><img loading=\"lazy\" decoding=\"async\" class=\"vc_single_image-img\" src=\"https:\/\/demo.sdbaos.org\/wp-content\/uploads\/2022\/07\/Education-200x200.png\" width=\"200\" height=\"200\" alt=\"Education\" title=\"\u00c9ducation\" \/><\/div>\n\t\t<\/figure>\n\t<\/div>\n<div  class=\"clear swmsc_gap\" style=\"margin:10px 0 0 0;\"><\/div><div   ><div style=\"font-size:22px; color:#ffffff; font-weight:normal; line-height:22px;\">\n\t\t\t\t\t\n<p style=\"text-align: center;\"><strong>\u00c9ducation<\/strong><\/p>\n\n\t\t\t\t\t<\/div><\/div><\/div><\/div><\/div><div class=\"wpb_column vc_column_container vc_col-sm-3\"><div class=\"vc_column-inner\"><div class=\"wpb_wrapper\">\n\t<div  class=\"wpb_single_image wpb_content_element vc_align_center\">\n\t\t\n\t\t<figure class=\"wpb_wrapper vc_figure\">\n\t\t\t<div class=\"vc_single_image-wrapper vc_box_border_circle  vc_box_border_grey\"><img loading=\"lazy\" decoding=\"async\" class=\"vc_single_image-img\" src=\"https:\/\/demo.sdbaos.org\/wp-content\/uploads\/2022\/07\/Pastor-200x200.png\" width=\"200\" height=\"200\" alt=\"Pastor\" title=\"Pasteur\" \/><\/div>\n\t\t<\/figure>\n\t<\/div>\n<div  class=\"clear swmsc_gap\" style=\"margin:10px 0 0 0;\"><\/div><div   ><div style=\"font-size:22px; color:#ffffff; font-weight:normal; line-height:22px;\">\n\t\t\t\t\t\n<p style=\"text-align: center;\"><strong>Pastorale sociale<br \/>Soutien <\/strong><\/p>\n\n\t\t\t\t\t<\/div><\/div><\/div><\/div><\/div><div class=\"wpb_column vc_column_container vc_col-sm-3\"><div class=\"vc_column-inner\"><div class=\"wpb_wrapper\">\n\t<div  class=\"wpb_single_image wpb_content_element vc_align_center\">\n\t\t\n\t\t<figure class=\"wpb_wrapper vc_figure\">\n\t\t\t<div class=\"vc_single_image-wrapper vc_box_border_circle  vc_box_border_grey\"><img loading=\"lazy\" decoding=\"async\" class=\"vc_single_image-img\" src=\"https:\/\/demo.sdbaos.org\/wp-content\/uploads\/2022\/07\/Health-200x200.png\" width=\"200\" height=\"200\" alt=\"Health\" title=\"Sant\u00e9\" \/><\/div>\n\t\t<\/figure>\n\t<\/div>\n<div  class=\"clear swmsc_gap\" style=\"margin:10px 0 0 0;\"><\/div><div   ><div style=\"font-size:22px; color:#ffffff; font-weight:normal; line-height:22px;\">\n\t\t\t\t\t\n<p style=\"text-align: center;\"><strong>Services de sant\u00e9<\/strong><\/p>\n\n\t\t\t\t\t<\/div><\/div><\/div><\/div><\/div><\/div><\/div><\/div><\/div><\/div><div class=\"vc_row wpb_row vc_row-fluid vc_custom_1660424437457 vc_row-has-fill\"><div class=\"wpb_column vc_column_container vc_col-sm-12\"><div class=\"vc_column-inner\"><div class=\"wpb_wrapper\"><div   style=\"text-align: center\">\n\t\t\t\t\t\t<div class=\"swmsc_icon_title swmsc_it_left\" style=\"margin-bottom:20px;\">\n\t\t\t\t\t\t\t<span>\n\t\t\t\t\t\t\t\t<h5 style=\"font-size:38px; color:38px;\">\n\t\t\t\t\t\t\t\t\t<i class=\"fa fa-- Select Icon -\" style=\"color:#444444;\"><\/i><span style=\"color:#000000;\" target=\"_self\">Nos objectifs<\/span>\n\t\t\t\t\t\t\t\t<\/h5>\n\t\t\t\t\t\t\t<\/span>\n\t\t\t\t\t\t<\/div>\n\t\t\t\t\t<\/div><div class=\"vc_row wpb_row vc_inner vc_row-fluid\"><div class=\"wpb_column vc_column_container vc_col-sm-4 vc_col-has-fill\"><div class=\"vc_column-inner vc_custom_1660423189775\"><div class=\"wpb_wrapper\"><div   >\n\t\t\t\t\t\t<div class=\"swmsc_services_icons swmsc_responsive_services swmsc_services_item_left\" data-responsive=\"767\" data-margin=\"30\" >\n\t\t\t\t\t\t\t\t<div class=\"swmsc_services_item_holder swmsc_services_icon_large\" style=\"margin-right:30px;\">\n\t\t\t\t\t\t\t\t<span style=\"border:0px solid #f1f1f1; border-radius:0; background:#f2f2f2;\">\n\t\t\t\t\t\t\t\t\t<i class=\"fa fa-book\" style=\"color:#ec5355;\"><\/i>\n\t\t\t\t\t\t\t\t<\/span>\n\t\t\t\t\t\t\t<\/div>\n\t\t\t\t\t\t\t<div class=\"swmsc_services_icon_content\">\n\t\t\t\t\t\t\t\t\n\t\t\t\t\t\t\t\t<strong style=\"color: white;\">Rendre l&#039;\u00e9ducation accessible, en donnant \u00e0 tous les enfants et \u00e0 tous les m\u00eames chances de devenir des citoyens rationnels et responsables.<br \/>\n<\/strong><\/p>\n\n\t\t\t\t\t\t\t\t<\/div>\n\t\t\t\t\t\t\t<div class=\"clear\"><\/div>\n\t\t\t\t\t\t<\/div>\n\t\t\t\t\t\t<div class=\"clear\"><\/div>\n\t\t\t\t\t<\/div><\/div><\/div><\/div><div class=\"wpb_column vc_column_container vc_col-sm-4 vc_col-has-fill\"><div class=\"vc_column-inner vc_custom_1660423750477\"><div class=\"wpb_wrapper\"><div   >\n\t\t\t\t\t\t<div class=\"swmsc_services_icons swmsc_responsive_services swmsc_services_item_left\" data-responsive=\"767\" data-margin=\"30\" >\n\t\t\t\t\t\t\t\t<div class=\"swmsc_services_item_holder swmsc_services_icon_large\" style=\"margin-right:30px;\">\n\t\t\t\t\t\t\t\t<span style=\"border:0px solid #f1f1f1; border-radius:0; background:#f2f2f2;\">\n\t\t\t\t\t\t\t\t\t<i class=\"fa fa-group\" style=\"color:#ec5355;\"><\/i>\n\t\t\t\t\t\t\t\t<\/span>\n\t\t\t\t\t\t\t<\/div>\n\t\t\t\t\t\t\t<div class=\"swmsc_services_icon_content\">\n\t\t\t\t\t\t\t\t\n\t\t\t\t\t\t\t\t<strong style=\"color: white;\">\u00c9duquer les enfants et les jeunes \u00e0 devenir des citoyens productifs pour le d\u00e9veloppement et la construction de la nation et de la soci\u00e9t\u00e9.<\/strong><\/p>\n\n\t\t\t\t\t\t\t\t<\/div>\n\t\t\t\t\t\t\t<div class=\"clear\"><\/div>\n\t\t\t\t\t\t<\/div>\n\t\t\t\t\t\t<div class=\"clear\"><\/div>\n\t\t\t\t\t<\/div><\/div><\/div><\/div><div class=\"wpb_column vc_column_container vc_col-sm-4 vc_col-has-fill\"><div class=\"vc_column-inner vc_custom_1660423110478\"><div class=\"wpb_wrapper\"><div   >\n\t\t\t\t\t\t<div class=\"swmsc_services_icons swmsc_responsive_services swmsc_services_item_left\" data-responsive=\"767\" data-margin=\"30\" >\n\t\t\t\t\t\t\t\t<div class=\"swmsc_services_item_holder swmsc_services_icon_large\" style=\"margin-right:30px;\">\n\t\t\t\t\t\t\t\t<span style=\"border:0px solid #f1f1f1; border-radius:0; background:#f2f2f2;\">\n\t\t\t\t\t\t\t\t\t<i class=\"fa fa-group\" style=\"color:#ec5355;\"><\/i>\n\t\t\t\t\t\t\t\t<\/span>\n\t\t\t\t\t\t\t<\/div>\n\t\t\t\t\t\t\t<div class=\"swmsc_services_icon_content\">\n\t\t\t\t\t\t\t\t\n\t\t\t\t\t\t\t\t<strong style=\"color: white;\">Fournir aux jeunes des comp\u00e9tences professionnelles, une formation technique, un soutien financier et technique, promouvoir et encourager les jeunes \u00e0 devenir ind\u00e9pendants.<br \/>\n<\/strong><\/p>\n\n\t\t\t\t\t\t\t\t<\/div>\n\t\t\t\t\t\t\t<div class=\"clear\"><\/div>\n\t\t\t\t\t\t<\/div>\n\t\t\t\t\t\t<div class=\"clear\"><\/div>\n\t\t\t\t\t<\/div><\/div><\/div><\/div><\/div><div  class=\"clear swmsc_gap\" style=\"margin:30px 0 0 0;\"><\/div><div class=\"vc_row wpb_row vc_inner vc_row-fluid vc_custom_1660423344829\"><div class=\"wpb_column vc_column_container vc_col-sm-4 vc_col-has-fill\"><div class=\"vc_column-inner vc_custom_1660423018860\"><div class=\"wpb_wrapper\"><div   >\n\t\t\t\t\t\t<div class=\"swmsc_services_icons swmsc_responsive_services swmsc_services_item_left\" data-responsive=\"767\" data-margin=\"30\" >\n\t\t\t\t\t\t\t\t<div class=\"swmsc_services_item_holder swmsc_services_icon_large\" style=\"margin-right:30px;\">\n\t\t\t\t\t\t\t\t<span style=\"border:0px solid #f1f1f1; border-radius:0; background:#f2f2f2;\">\n\t\t\t\t\t\t\t\t\t<i class=\"fa fa-group\" style=\"color:#ec5355;\"><\/i>\n\t\t\t\t\t\t\t\t<\/span>\n\t\t\t\t\t\t\t<\/div>\n\t\t\t\t\t\t\t<div class=\"swmsc_services_icon_content\">\n\t\t\t\t\t\t\t\t\n\t\t\t\t\t\t\t\t<strong style=\"color: white;\">Am\u00e9liorer l&#039;int\u00e9gration du genre dans nos activit\u00e9s de d\u00e9veloppement - approche bas\u00e9e sur les droits de l&#039;homme.<br \/>\n<\/strong>\n\t\t\t\t\t\t\t\t<\/div>\n\t\t\t\t\t\t\t<div class=\"clear\"><\/div>\n\t\t\t\t\t\t<\/div>\n\t\t\t\t\t\t<div class=\"clear\"><\/div>\n\t\t\t\t\t<\/div><\/div><\/div><\/div><div class=\"wpb_column vc_column_container vc_col-sm-4 vc_col-has-fill\"><div class=\"vc_column-inner vc_custom_1660423026321\"><div class=\"wpb_wrapper\"><div   >\n\t\t\t\t\t\t<div class=\"swmsc_services_icons swmsc_responsive_services swmsc_services_item_left\" data-responsive=\"767\" data-margin=\"30\" >\n\t\t\t\t\t\t\t\t<div class=\"swmsc_services_item_holder swmsc_services_icon_large\" style=\"margin-right:30px;\">\n\t\t\t\t\t\t\t\t<span style=\"border:0px solid #f1f1f1; border-radius:0; background:#f2f2f2;\">\n\t\t\t\t\t\t\t\t\t<i class=\"fa fa-group\" style=\"color:#ec5355;\"><\/i>\n\t\t\t\t\t\t\t\t<\/span>\n\t\t\t\t\t\t\t<\/div>\n\t\t\t\t\t\t\t<div class=\"swmsc_services_icon_content\">\n\t\t\t\t\t\t\t\t\n\t\t\t\t\t\t\t\t<strong style=\"color: white;\">Professionnaliser notre travail de d\u00e9veloppement humain, en r\u00e9pondant aux besoins des jeunes d\u00e9favoris\u00e9s de mani\u00e8re ad\u00e9quate et au moindre co\u00fbt.<\/strong>\n\t\t\t\t\t\t\t\t<\/div>\n\t\t\t\t\t\t\t<div class=\"clear\"><\/div>\n\t\t\t\t\t\t<\/div>\n\t\t\t\t\t\t<div class=\"clear\"><\/div>\n\t\t\t\t\t<\/div><\/div><\/div><\/div><div class=\"wpb_column vc_column_container vc_col-sm-4 vc_col-has-fill\"><div class=\"vc_column-inner vc_custom_1660423368453\"><div class=\"wpb_wrapper\"><div   >\n\t\t\t\t\t\t<div class=\"swmsc_services_icons swmsc_responsive_services swmsc_services_item_left\" data-responsive=\"767\" data-margin=\"30\" >\n\t\t\t\t\t\t\t\t<div class=\"swmsc_services_item_holder swmsc_services_icon_large\" style=\"margin-right:30px;\">\n\t\t\t\t\t\t\t\t<span style=\"border:0px solid #f1f1f1; border-radius:0; background:#f2f2f2;\">\n\t\t\t\t\t\t\t\t\t<i class=\"fa fa-group\" style=\"color:#ec5355;\"><\/i>\n\t\t\t\t\t\t\t\t<\/span>\n\t\t\t\t\t\t\t<\/div>\n\t\t\t\t\t\t\t<div class=\"swmsc_services_icon_content\">\n\t\t\t\t\t\t\t\t\n\t\t\t\t\t\t\t\t<strong style=\"color: white;\">Initier des programmes de moyens de subsistance durables pour donner aux personnes vuln\u00e9rables de la soci\u00e9t\u00e9 les moyens d&#039;influer sur le changement social contre la pauvret\u00e9.<\/strong><\/p>\n\n\t\t\t\t\t\t\t\t<\/div>\n\t\t\t\t\t\t\t<div class=\"clear\"><\/div>\n\t\t\t\t\t\t<\/div>\n\t\t\t\t\t\t<div class=\"clear\"><\/div>\n\t\t\t\t\t<\/div><\/div><\/div><\/div><\/div><div  class=\"clear swmsc_gap\" style=\"margin:30px 0 0 0;\"><\/div><\/div><\/div><\/div><\/div><div data-vc-full-width=\"true\" data-vc-full-width-init=\"false\" class=\"vc_row wpb_row vc_row-fluid vc_custom_1660390823079 vc_row-has-fill vc_row-o-content-middle vc_row-flex\"><div class=\"wpb_column vc_column_container vc_col-sm-12 vc_col-has-fill\"><div class=\"vc_column-inner vc_custom_1503943605536\"><div class=\"wpb_wrapper\"><div   >\n\t\t\t\t\t\t<div class=\"swmsc_container\">\n\t\t\t\t\t\t\t<div class=\"vc_row wpb_row vc_inner vc_row-fluid\"><div class=\"wpb_column vc_column_container vc_col-sm-2\"><div class=\"vc_column-inner\"><div class=\"wpb_wrapper\"><\/div><\/div><\/div><div class=\"wpb_column vc_column_container vc_col-sm-8\"><div class=\"vc_column-inner\"><div class=\"wpb_wrapper\"><div  class=\"godgrace-heading-font center\" ><div style=\"font-size:76px; color:#ffffff; font-weight:normal; line-height:70px;\">\n\t\t\t\t\t<span style=\"letter-spacing: -2px;\">Devenez b\u00e9n\u00e9vole<\/span>\n\t\t\t\t\t<\/div><\/div><div  class=\"swmsc_custom_dividers swmsc_dividers_line3 text_align_center\" style=\"margin-top:30px;margin-bottom:25px; clear:both;\"><span style=\"max-width:50px;background-color:#ec5355;\"><\/span><\/div><div  class=\"center\" ><div style=\"font-size:22px; color:#ffffff; font-weight:bold; line-height:36px;\">\n\t\t\t\t\tT\u00e9l\u00e9chargez le formulaire de b\u00e9n\u00e9volat et soumettez-le d\u00fbment rempli \u00e0 <i><a href=\"mailto:projects.sdbaos@gmail.com\" target=\"_blank\" rel=\"noopener\">projets.sdbaos@gmail.<wbr \/>com<\/a>.<\/i> Merci.\n\t\t\t\t\t<\/div><\/div><div  class=\"clear swmsc_gap\" style=\"margin:30px 0 0 0;\"><\/div><div  class=\"swmsc_button_div center swmsc_btn_1222398259\" ><a href=\"https:\/\/sdbaos.org\/wp-content\/uploads\/2022\/08\/AOS-Province-MoU-Voluntary-Mission-REVISED-COPY-22.07.22.pdf\" data-class=\"swmsc_btn_1222398259\" data-color=\"#ffffff\" data-bg-color=\"rgba(0,0,0,0.01)\" data-border-color=\"rgba(255,255,255,0.21)\" data-h-color=\"#ffffff\" data-h-bg-color=\"rgba(236,83,85,0.8)\" data-h-border-color=\"rgba(236,83,85,0.01)\"  class=\"swmsc_button_sc\" style=\"font-size:16px; border-width:3px; border-radius:40px; padding:12px 40px; line-height:30px;\" target=\"_self\" rel=\"\"><strong>Cliquez pour t\u00e9l\u00e9charger le formulaire de b\u00e9n\u00e9volat<\/strong><\/a><\/div><\/div><\/div><\/div><div class=\"wpb_column vc_column_container vc_col-sm-2\"><div class=\"vc_column-inner\"><div class=\"wpb_wrapper\"><\/div><\/div><\/div><\/div>\n\t\t\t\t\t\t\t<div class=\"clear\"><\/div>\n\t\t\t\t\t\t<\/div>\n\t\t\t\t\t<\/div><\/div><\/div><\/div><\/div><div class=\"vc_row-full-width vc_clearfix\"><\/div>","protected":false},"excerpt":{"rendered":"Vision and Mission Statement VisionTo educate, train, form, inspire and empower young people towards human, social and spiritual growth in line with the goals of the International Cooperation for Development. MissionTo use the rich, cultural and traditional values of West Africa to enhance, through the principles of faith as lived [...]","protected":false},"author":1,"featured_media":0,"parent":0,"menu_order":0,"comment_status":"closed","ping_status":"closed","template":"templates\/100-width.php","meta":{"give_campaign_id":0,"om_disable_all_campaigns":false,"footnotes":""},"class_list":["post-1001","page","type-page","status-publish","hentry"],"yoast_head":"<!-- This site is optimized with the Yoast SEO plugin v26.9 - https:\/\/yoast.com\/product\/yoast-seo-wordpress\/ -->\n<title>Home - Salesians of Don Bosco, West Africa South Province (AOS PROVINCE)<\/title>\n<meta name=\"robots\" content=\"index, follow, max-snippet:-1, max-image-preview:large, max-video-preview:-1\" \/>\n<link rel=\"canonical\" href=\"https:\/\/demo.sdbaos.org\/fr\/\" \/>\n<meta property=\"og:locale\" content=\"fr_FR\" \/>\n<meta property=\"og:type\" content=\"article\" \/>\n<meta property=\"og:title\" content=\"Home - Salesians of Don Bosco, West Africa South Province (AOS PROVINCE)\" \/>\n<meta property=\"og:url\" content=\"https:\/\/demo.sdbaos.org\/fr\/\" \/>\n<meta property=\"og:site_name\" content=\"Salesians of Don Bosco, West Africa South Province (AOS PROVINCE)\" \/>\n<meta property=\"article:publisher\" content=\"https:\/\/www.facebook.com\/sdbaos\" \/>\n<meta property=\"article:modified_time\" content=\"2022-08-13T21:01:13+00:00\" \/>\n<meta name=\"twitter:card\" content=\"summary_large_image\" \/>\n<meta name=\"twitter:site\" content=\"@AosProvince\" \/>\n<meta name=\"twitter:label1\" content=\"Dur\u00e9e de lecture estim\u00e9e\" \/>\n\t<meta name=\"twitter:data1\" content=\"7 minutes\" \/>\n<script type=\"application\/ld+json\" class=\"yoast-schema-graph\">{\"@context\":\"https:\/\/schema.org\",\"@graph\":[{\"@type\":\"WebPage\",\"@id\":\"https:\/\/demo.sdbaos.org\/\",\"url\":\"https:\/\/demo.sdbaos.org\/\",\"name\":\"Home - Salesians of Don Bosco, West Africa South Province (AOS PROVINCE)\",\"isPartOf\":{\"@id\":\"https:\/\/demo.sdbaos.org\/#website\"},\"datePublished\":\"2017-03-25T05:39:41+00:00\",\"dateModified\":\"2022-08-13T21:01:13+00:00\",\"breadcrumb\":{\"@id\":\"https:\/\/demo.sdbaos.org\/#breadcrumb\"},\"inLanguage\":\"fr-FR\",\"potentialAction\":[{\"@type\":\"ReadAction\",\"target\":[\"https:\/\/demo.sdbaos.org\/\"]}]},{\"@type\":\"BreadcrumbList\",\"@id\":\"https:\/\/demo.sdbaos.org\/#breadcrumb\",\"itemListElement\":[{\"@type\":\"ListItem\",\"position\":1,\"name\":\"Home\",\"item\":\"https:\/\/demo.sdbaos.org\/\"},{\"@type\":\"ListItem\",\"position\":2,\"name\":\"Home\"}]},{\"@type\":\"WebSite\",\"@id\":\"https:\/\/demo.sdbaos.org\/#website\",\"url\":\"https:\/\/demo.sdbaos.org\/\",\"name\":\"Salesians of Don Bosco, West Africa South Province (AOS PROVINCE)\",\"description\":\"Salesians of Don Bosco, West Africa South Province (AOS PROVINCE)\",\"publisher\":{\"@id\":\"https:\/\/demo.sdbaos.org\/#organization\"},\"potentialAction\":[{\"@type\":\"SearchAction\",\"target\":{\"@type\":\"EntryPoint\",\"urlTemplate\":\"https:\/\/demo.sdbaos.org\/?s={search_term_string}\"},\"query-input\":{\"@type\":\"PropertyValueSpecification\",\"valueRequired\":true,\"valueName\":\"search_term_string\"}}],\"inLanguage\":\"fr-FR\"},{\"@type\":\"Organization\",\"@id\":\"https:\/\/demo.sdbaos.org\/#organization\",\"name\":\"Salesians of Don Bosco, West Africa South Province (AOS PROVINCE)\",\"url\":\"https:\/\/demo.sdbaos.org\/\",\"logo\":{\"@type\":\"ImageObject\",\"inLanguage\":\"fr-FR\",\"@id\":\"https:\/\/demo.sdbaos.org\/#\/schema\/logo\/image\/\",\"url\":\"https:\/\/sdbaos.org\/wp-content\/uploads\/2022\/07\/Salesians_logo.png\",\"contentUrl\":\"https:\/\/sdbaos.org\/wp-content\/uploads\/2022\/07\/Salesians_logo.png\",\"width\":512,\"height\":512,\"caption\":\"Salesians of Don Bosco, West Africa South Province (AOS PROVINCE)\"},\"image\":{\"@id\":\"https:\/\/demo.sdbaos.org\/#\/schema\/logo\/image\/\"},\"sameAs\":[\"https:\/\/www.facebook.com\/sdbaos\",\"https:\/\/x.com\/AosProvince\",\"https:\/\/www.youtube.com\/channel\/UCWycprz8hQZSI54ZQpTZ5xw\"]}]}<\/script>\n<!-- \/ Yoast SEO plugin. -->","yoast_head_json":{"title":"Home - Salesians of Don Bosco, West Africa South Province (AOS PROVINCE)","robots":{"index":"index","follow":"follow","max-snippet":"max-snippet:-1","max-image-preview":"max-image-preview:large","max-video-preview":"max-video-preview:-1"},"canonical":"https:\/\/demo.sdbaos.org\/fr\/","og_locale":"fr_FR","og_type":"article","og_title":"Home - Salesians of Don Bosco, West Africa South Province (AOS PROVINCE)","og_url":"https:\/\/demo.sdbaos.org\/fr\/","og_site_name":"Salesians of Don Bosco, West Africa South Province (AOS PROVINCE)","article_publisher":"https:\/\/www.facebook.com\/sdbaos","article_modified_time":"2022-08-13T21:01:13+00:00","twitter_card":"summary_large_image","twitter_site":"@AosProvince","twitter_misc":{"Dur\u00e9e de lecture estim\u00e9e":"7 minutes"},"schema":{"@context":"https:\/\/schema.org","@graph":[{"@type":"WebPage","@id":"https:\/\/demo.sdbaos.org\/","url":"https:\/\/demo.sdbaos.org\/","name":"Home - Salesians of Don Bosco, West Africa South Province (AOS PROVINCE)","isPartOf":{"@id":"https:\/\/demo.sdbaos.org\/#website"},"datePublished":"2017-03-25T05:39:41+00:00","dateModified":"2022-08-13T21:01:13+00:00","breadcrumb":{"@id":"https:\/\/demo.sdbaos.org\/#breadcrumb"},"inLanguage":"fr-FR","potentialAction":[{"@type":"ReadAction","target":["https:\/\/demo.sdbaos.org\/"]}]},{"@type":"BreadcrumbList","@id":"https:\/\/demo.sdbaos.org\/#breadcrumb","itemListElement":[{"@type":"ListItem","position":1,"name":"Home","item":"https:\/\/demo.sdbaos.org\/"},{"@type":"ListItem","position":2,"name":"Home"}]},{"@type":"WebSite","@id":"https:\/\/demo.sdbaos.org\/#website","url":"https:\/\/demo.sdbaos.org\/","name":"Salesians of Don Bosco, West Africa South Province (AOS PROVINCE)","description":"Salesians of Don Bosco, West Africa South Province (AOS PROVINCE)","publisher":{"@id":"https:\/\/demo.sdbaos.org\/#organization"},"potentialAction":[{"@type":"SearchAction","target":{"@type":"EntryPoint","urlTemplate":"https:\/\/demo.sdbaos.org\/?s={search_term_string}"},"query-input":{"@type":"PropertyValueSpecification","valueRequired":true,"valueName":"search_term_string"}}],"inLanguage":"fr-FR"},{"@type":"Organization","@id":"https:\/\/demo.sdbaos.org\/#organization","name":"Salesians of Don Bosco, West Africa South Province (AOS PROVINCE)","url":"https:\/\/demo.sdbaos.org\/","logo":{"@type":"ImageObject","inLanguage":"fr-FR","@id":"https:\/\/demo.sdbaos.org\/#\/schema\/logo\/image\/","url":"https:\/\/sdbaos.org\/wp-content\/uploads\/2022\/07\/Salesians_logo.png","contentUrl":"https:\/\/sdbaos.org\/wp-content\/uploads\/2022\/07\/Salesians_logo.png","width":512,"height":512,"caption":"Salesians of Don Bosco, West Africa South Province (AOS PROVINCE)"},"image":{"@id":"https:\/\/demo.sdbaos.org\/#\/schema\/logo\/image\/"},"sameAs":["https:\/\/www.facebook.com\/sdbaos","https:\/\/x.com\/AosProvince","https:\/\/www.youtube.com\/channel\/UCWycprz8hQZSI54ZQpTZ5xw"]}]}},"campaignId":"","jetpack_sharing_enabled":true,"_links":{"self":[{"href":"https:\/\/demo.sdbaos.org\/fr\/wp-json\/wp\/v2\/pages\/1001","targetHints":{"allow":["GET"]}}],"collection":[{"href":"https:\/\/demo.sdbaos.org\/fr\/wp-json\/wp\/v2\/pages"}],"about":[{"href":"https:\/\/demo.sdbaos.org\/fr\/wp-json\/wp\/v2\/types\/page"}],"author":[{"embeddable":true,"href":"https:\/\/demo.sdbaos.org\/fr\/wp-json\/wp\/v2\/users\/1"}],"replies":[{"embeddable":true,"href":"https:\/\/demo.sdbaos.org\/fr\/wp-json\/wp\/v2\/comments?post=1001"}],"version-history":[{"count":25,"href":"https:\/\/demo.sdbaos.org\/fr\/wp-json\/wp\/v2\/pages\/1001\/revisions"}],"predecessor-version":[{"id":1725,"href":"https:\/\/demo.sdbaos.org\/fr\/wp-json\/wp\/v2\/pages\/1001\/revisions\/1725"}],"wp:attachment":[{"href":"https:\/\/demo.sdbaos.org\/fr\/wp-json\/wp\/v2\/media?parent=1001"}],"curies":[{"name":"wp","href":"https:\/\/api.w.org\/{rel}","templated":true}]}}